{"id":2320,"date":"2026-01-03T13:13:32","date_gmt":"2026-01-03T13:13:32","guid":{"rendered":"https:\/\/sitex.uz\/travel\/?page_id=2320"},"modified":"2026-01-04T06:24:19","modified_gmt":"2026-01-04T06:24:19","slug":"karakalpakstan","status":"publish","type":"page","link":"https:\/\/sitex.uz\/travel\/it\/uzbekistan\/karakalpakstan\/","title":{"rendered":"Karakalpakstan"},"content":{"rendered":"<section class=\"l-section wpb_row us_custom_14417885 height_medium with_img\"><div class=\"l-section-img\" role=\"img\" aria-label=\"Image\" data-img-width=\"1190\" data-img-height=\"665\" style=\"background-image: url(https:\/\/sitex.uz\/travel\/wp-content\/uploads\/2026\/01\/1-3.webp);background-repeat: no-repeat;\"><\/div><div class=\"l-section-overlay\" style=\"background:rgba(0,0,0,0.26)\"><\/div><div class=\"l-section-h i-cf\"><div class=\"g-cols vc_row via_flex valign_top type_default stacking_default\"><div class=\"vc_col-sm-3 wpb_column vc_column_container\"><div class=\"vc_column-inner\"><div class=\"wpb_wrapper\"><\/div><\/div><\/div><div class=\"vc_col-sm-6 wpb_column vc_column_container\"><div class=\"vc_column-inner\"><div class=\"wpb_wrapper\"><h2 class=\"w-post-elm post_title us_custom_f99046b1 has_text_color entry-title color_link_inherit\">Karakalpakstan<\/h2><\/div><\/div><\/div><div class=\"vc_col-sm-3 wpb_column vc_column_container\"><div class=\"vc_column-inner\"><div class=\"wpb_wrapper\"><\/div><\/div><\/div><\/div><\/div><\/section><section class=\"l-section wpb_row height_medium\"><div class=\"l-section-h i-cf\"><div class=\"g-cols vc_row via_flex valign_top type_default stacking_default\"><div class=\"vc_col-sm-8 wpb_column vc_column_container\"><div class=\"vc_column-inner\"><div class=\"wpb_wrapper\"><div class=\"wpb_text_column us_custom_6df2ad6e has_text_color\"><div class=\"wpb_wrapper\"><h3><strong>Repubblica Autonoma del Karakalpakstan<\/strong><\/h3>\n<p>Il territorio della repubblica \u00e8 di 164.900 km2 e la popolazione \u00e8 di 1.817.500 persone. La Repubblica Autonoma del Karakalpakstan si trova nel nord-ovest dell\u2019Uzbekistan e ha una propria costituzione. La costituzione fu redatta per la prima volta nel 1936. La repubblica possiede stemma nazionale, bandiera e inno nazionale. Nel 1924 l\u2019Unione Sovietica riconobbe il Karakalpakstan come repubblica socialista autonoma indipendente, e dal 1936 la Repubblica del Karakalpakstan ha una propria costituzione. Gli abitanti appartengono principalmente al gruppo turcofono e parlano la lingua karakalpaka. Per religione sono musulmani sunniti. Il territorio del Karakalpakstan, a nord-ovest, \u00e8 coperto dal deserto del Kyzylkum; a sud-est si trovano l\u2019altopiano di Ustyurt e il delta dell\u2019Amu Darya. La parte meridionale del Mar d\u2019Aral si trova nel territorio del Karakalpakstan. Ci sono anche alcune catene collinari; la pi\u00f9 grande \u00e8 la catena \u201cSultan Uvays\u201d.<\/p>\n<h3><strong>Mizdakkhan<\/strong><strong><br \/>\n<\/strong><\/h3>\n<p><img loading=\"lazy\" decoding=\"async\" class=\"alignnone size-full wp-image-2302\" src=\"https:\/\/sitex.uz\/travel\/wp-content\/uploads\/2026\/01\/2-4.webp\" alt=\"\" width=\"1190\" height=\"665\" srcset=\"https:\/\/sitex.uz\/travel\/wp-content\/uploads\/2026\/01\/2-4.webp 1190w, https:\/\/sitex.uz\/travel\/wp-content\/uploads\/2026\/01\/2-4-300x168.webp 300w, https:\/\/sitex.uz\/travel\/wp-content\/uploads\/2026\/01\/2-4-1024x572.webp 1024w\" sizes=\"auto, (max-width: 1190px) 100vw, 1190px\" \/>\u00c8 un mausoleo impressionante. La gente del posto dice che qui si trova la tomba del primo uomo, \u201cAdamo\u201d. C\u2019\u00e8 chi sostiene che sopra la tomba di \u201cAdamo\u201d esista una struttura chiamata \u201cl\u2019Orologio dell\u2019Apocalisse\u201d. Ogni anno alcuni mattoni dell\u2019edificio cadono; secondo la leggenda, quando cadr\u00e0 l\u2019ultimo mattone, avverr\u00e0 la fine del mondo. Per questo i pellegrini rimettono i mattoni al loro posto affinch\u00e9 Dio li ascolti e li salvi. \u00c8 una necropoli dove i viaggiatori possono ammirare l\u2019architettura di diversi periodi.<br \/>\nNon lontano da Mizdakkhan si trovano le rovine della fortezza \u201cGyavur Kala\u201d. \u201cGyavur Kala\u201d \u00e8 una fortezza preislamica; perfino il nome \u201cGyavur\u201d (in arabo \u201cKafir\u201d, miscredente) significa \u201cFortezza degli infedeli\u201d.<\/p>\n<h3><strong>Ayaz Kala<br \/>\n<\/strong><\/h3>\n<p><img loading=\"lazy\" decoding=\"async\" class=\"alignnone size-full wp-image-2303\" src=\"https:\/\/sitex.uz\/travel\/wp-content\/uploads\/2026\/01\/3-4.webp\" alt=\"\" width=\"1190\" height=\"665\" srcset=\"https:\/\/sitex.uz\/travel\/wp-content\/uploads\/2026\/01\/3-4.webp 1190w, https:\/\/sitex.uz\/travel\/wp-content\/uploads\/2026\/01\/3-4-300x168.webp 300w, https:\/\/sitex.uz\/travel\/wp-content\/uploads\/2026\/01\/3-4-1024x572.webp 1024w\" sizes=\"auto, (max-width: 1190px) 100vw, 1190px\" \/>Ayaz Kala \u00e8 una delle principali fortezze tra le antiche fortificazioni del Khorezm del periodo preislamico. Il nome Ayaz Kala significa \u201cFortezza del vento\u201d. Gli storici ritengono che questa fortezza sia stata costruita su una collina rocciosa nel IV secolo. La costruzione risale all\u2019epoca in cui le tradizioni zoroastriane erano tra le principali credenze spirituali della popolazione locale. Gli archeologi hanno trovato straordinarie sepolture con antichi rituali degli adoratori del fuoco: dopo la \u201cpurificazione\u201d tramite il sole e gli uccelli rapaci, gli scheletri umani venivano deposti in vasi di ceramica (ossari). Accanto alla parte principale di Ayaz Kala c\u2019\u00e8 un altro edificio costruito successivamente sulla collina. Oggi ci sono yurte per i viaggiatori che vogliono trascorrere la notte nel deserto in una tenda nomade.<\/p>\n<h3><strong>Tuprok Kala<\/strong><\/h3>\n<p><img loading=\"lazy\" decoding=\"async\" class=\"alignnone size-full wp-image-2304\" src=\"https:\/\/sitex.uz\/travel\/wp-content\/uploads\/2026\/01\/4-4.webp\" alt=\"\" width=\"1190\" height=\"665\" srcset=\"https:\/\/sitex.uz\/travel\/wp-content\/uploads\/2026\/01\/4-4.webp 1190w, https:\/\/sitex.uz\/travel\/wp-content\/uploads\/2026\/01\/4-4-300x168.webp 300w, https:\/\/sitex.uz\/travel\/wp-content\/uploads\/2026\/01\/4-4-1024x572.webp 1024w\" sizes=\"auto, (max-width: 1190px) 100vw, 1190px\" \/>Tuprok Kala era la capitale dell\u2019antico regno del Khorezm. Il nome significa \u201cFortezza di argilla\u201d. Risale ai secoli I\u2013IV e fu utilizzata come citt\u00e0-residenza della dinastia Afrigide. Gli archeologi ritengono che questa fortezza fungesse anche da centro di rituali religiosi e che qui fossero eretti templi zoroastriani. Hanno scoperto le rovine di una fortezza con 150 sale, decorate con elementi impressionanti e pitture murali. Durante gli scavi \u00e8 stata trovata una registrazione\/archivio molto interessante del Khorezm. Questa importante fonte storica \u00e8 utile per la ricerca della storia e della cultura delle popolazioni che vivevano in Asia centrale in quel periodo.<\/p>\n<h3><strong>Janbas Kala<\/strong><\/h3>\n<p><img loading=\"lazy\" decoding=\"async\" class=\"alignnone size-full wp-image-2305\" src=\"https:\/\/sitex.uz\/travel\/wp-content\/uploads\/2026\/01\/5-4.webp\" alt=\"\" width=\"1190\" height=\"665\" srcset=\"https:\/\/sitex.uz\/travel\/wp-content\/uploads\/2026\/01\/5-4.webp 1190w, https:\/\/sitex.uz\/travel\/wp-content\/uploads\/2026\/01\/5-4-300x168.webp 300w, https:\/\/sitex.uz\/travel\/wp-content\/uploads\/2026\/01\/5-4-1024x572.webp 1024w\" sizes=\"auto, (max-width: 1190px) 100vw, 1190px\" \/>Questa fortezza, traducibile come \u201cFortezza inclinata\u201d, fu costruita nel IV secolo. Janbas Kala non assomiglia alle altre fortezze e la sua principale differenza rispetto alle altre citt\u00e0 antiche \u00e8 l\u2019assenza di torri e minareti, che erano elementi integrati dell\u2019architettura khorezmiana dell\u2019epoca. La fortezza ha forma rettangolare, con dimensioni 200 \u00d7 170 m. L\u2019altezza delle mura raggiunge i 10 m e in alcuni punti persino i 20 m; tra le mura esterne e interne ci sono corridoi larghi 3 m. La fortezza \u00e8 ben conservata rispetto ad altri edifici perch\u00e9 \u00e8 stata coperta dalle dune.<\/p>\n<h3><strong>Complesso Sultan Uvays Korani<\/strong><\/h3>\n<p><img loading=\"lazy\" decoding=\"async\" class=\"alignnone size-full wp-image-2306\" src=\"https:\/\/sitex.uz\/travel\/wp-content\/uploads\/2026\/01\/6-4.webp\" alt=\"\" width=\"1190\" height=\"665\" srcset=\"https:\/\/sitex.uz\/travel\/wp-content\/uploads\/2026\/01\/6-4.webp 1190w, https:\/\/sitex.uz\/travel\/wp-content\/uploads\/2026\/01\/6-4-300x168.webp 300w, https:\/\/sitex.uz\/travel\/wp-content\/uploads\/2026\/01\/6-4-1024x572.webp 1024w\" sizes=\"auto, (max-width: 1190px) 100vw, 1190px\" \/>Xazrat Uvays ibn Omar al Korani fu uno dei seguaci del profeta Muhammad. Era conosciuto in Asia centrale come Uvays Bobo o Sultan Bobo. Nacque nel 625 in un piccolo villaggio chiamato KARAYN nel territorio dell\u2019attuale Yemen. Mor\u00ec in guerra a Sifri contro Muaviya all\u2019et\u00e0 di 32 anni. Fu sepolto in Siria. La sua tomba simbolica si trova in Karakalpakstan. Il periodo di costruzione \u00e8 sconosciuto; intorno alla tomba c\u2019\u00e8 un edificio datato tra XVII e XIX secolo. Non lontano dal mausoleo di Uvays Korani si trova un mausoleo chiamato \u201cChinor Bobo\u201d, che sarebbe stato il barbiere del profeta Muhammad. Oggi \u00e8 uno dei principali luoghi di pellegrinaggio per la popolazione locale.<\/p>\n<h3><strong>Chilpak Kala<\/strong><\/h3>\n<p><img loading=\"lazy\" decoding=\"async\" class=\"alignnone size-full wp-image-2307\" src=\"https:\/\/sitex.uz\/travel\/wp-content\/uploads\/2026\/01\/7-3.webp\" alt=\"\" width=\"1190\" height=\"665\" srcset=\"https:\/\/sitex.uz\/travel\/wp-content\/uploads\/2026\/01\/7-3.webp 1190w, https:\/\/sitex.uz\/travel\/wp-content\/uploads\/2026\/01\/7-3-300x168.webp 300w, https:\/\/sitex.uz\/travel\/wp-content\/uploads\/2026\/01\/7-3-1024x572.webp 1024w\" sizes=\"auto, (max-width: 1190px) 100vw, 1190px\" \/>Questo monumento architettonico era un centro religioso zoroastriano dell\u2019antico Khorezm. Il nome \u201cChilpak Kala\u201d significa \u201cFortezza del silenzio\u201d. Secondo la leggenda, la fortezza fu costruita dal deva Gadji, nemico di Ahura Mazda, che conduceva una lotta eterna contro la luce. La torre circolare con alte mura sopra la collina sabbiosa stupisce per le sue dimensioni. La fortezza veniva usata come cimitero zoroastriano, dove si portavano i corpi dei defunti affinch\u00e9 fossero divorati da uccelli e animali, perch\u00e9 non era permesso seppellirli n\u00e9 cremarli.<\/p>\n<h3><strong>Mar d\u2019Aral \u2013 Muynak<\/strong><\/h3>\n<p><img loading=\"lazy\" decoding=\"async\" class=\"alignnone wp-image-2309 size-full\" src=\"https:\/\/sitex.uz\/travel\/wp-content\/uploads\/2026\/01\/1-3.webp\" alt=\"\" width=\"1190\" height=\"665\" srcset=\"https:\/\/sitex.uz\/travel\/wp-content\/uploads\/2026\/01\/1-3.webp 1190w, https:\/\/sitex.uz\/travel\/wp-content\/uploads\/2026\/01\/1-3-300x168.webp 300w, https:\/\/sitex.uz\/travel\/wp-content\/uploads\/2026\/01\/1-3-1024x572.webp 1024w\" sizes=\"auto, (max-width: 1190px) 100vw, 1190px\" \/>Un tempo questo mare era il pi\u00f9 grande bacino idrico dell\u2019Asia centrale, comprendendo territori del Kazakistan e dell\u2019Uzbekistan, ed era anche il quarto lago pi\u00f9 grande del mondo. Oggi \u00e8 quasi completamente prosciugato e si \u00e8 diviso in due bacini: la parte sud e la parte nord. Questa catastrofe \u00e8 iniziata nel 1960. Qui vivevano 34 specie di pesci e nel territorio del Karakalpakstan c\u2019erano 5 fabbriche di lavorazione del pesce e 1 fabbrica di conserve di pesce. Per gli amanti dei viaggi insoliti, un\u2019agenzia locale pu\u00f2 organizzare un viaggio al Mar d\u2019Aral, dove i viaggiatori possono passare la notte in tenda.<br \/>\nLungo la strada verso il Mar d\u2019Aral si trova una citt\u00e0 chiamata Muynak, fondata nel 1963; in questa citt\u00e0 si trovava la pi\u00f9 importante fabbrica di conserve di pesce. La popolazione \u00e8 di 13.000 abitanti. C\u2019era un grande porto, che oggi \u00e8 un grande \u201ccimitero\u201d di navi di quell\u2019epoca, utilizzate durante il periodo di prosperit\u00e0.<\/p>\n<h3><strong>Altopiano di Ustyurt<\/strong><\/h3>\n<p><img loading=\"lazy\" decoding=\"async\" class=\"alignnone size-full wp-image-2310\" src=\"https:\/\/sitex.uz\/travel\/wp-content\/uploads\/2026\/01\/8-2.webp\" alt=\"\" width=\"1190\" height=\"665\" srcset=\"https:\/\/sitex.uz\/travel\/wp-content\/uploads\/2026\/01\/8-2.webp 1190w, https:\/\/sitex.uz\/travel\/wp-content\/uploads\/2026\/01\/8-2-300x168.webp 300w, https:\/\/sitex.uz\/travel\/wp-content\/uploads\/2026\/01\/8-2-1024x572.webp 1024w\" sizes=\"auto, (max-width: 1190px) 100vw, 1190px\" \/>L\u2019altopiano di Ustyurt ha splendide gole. Il mondo naturale sorprende per il gran numero di uccelli, come aquile e grifoni, oltre a antilopi (saiga) e cavalli selvaggi. Le principali attrazioni dell\u2019altopiano di Ustyurt sono legate alle abitazioni in grotta e ai loro ricchi e preziosi reperti. La loro et\u00e0 supera i 1.200 anni. Nel 1951, i geografi hanno trovato manufatti ceramici datati ai secoli XII\u2013XIII. Durante lo studio di queste grotte, gli archeologi che lavoravano in pi\u00f9 cavit\u00e0 hanno trovato una nave e un\u2019immagine disegnata sulla parete. L\u2019altopiano di Ustyurt \u00e8 un luogo meraviglioso per i viaggiatori che amano safari, natura ed ecoturismo. Questo posto \u00e8 un sogno per i viaggi fotografici.<\/p>\n<h3><strong>Nukus<\/strong><\/h3>\n<p><img loading=\"lazy\" decoding=\"async\" class=\"alignnone size-full wp-image-2311\" src=\"https:\/\/sitex.uz\/travel\/wp-content\/uploads\/2026\/01\/9-1.webp\" alt=\"\" width=\"1190\" height=\"665\" srcset=\"https:\/\/sitex.uz\/travel\/wp-content\/uploads\/2026\/01\/9-1.webp 1190w, https:\/\/sitex.uz\/travel\/wp-content\/uploads\/2026\/01\/9-1-300x168.webp 300w, https:\/\/sitex.uz\/travel\/wp-content\/uploads\/2026\/01\/9-1-1024x572.webp 1024w\" sizes=\"auto, (max-width: 1190px) 100vw, 1190px\" \/>La capitale della Repubblica Autonoma del Karakalpakstan nacque nel XIX secolo come piccolo villaggio e fu fondata come citt\u00e0 nel 1932. Con gli anni, Nukus si \u00e8 ampliata fino a diventare una citt\u00e0. Il nome \u201cNukus\u201d significa \u201cnove figli\u201d. Secondo la tradizione, il sovrano del Khorezm si arrabbi\u00f2 molto con le sue nove mogli e le esili\u00f2, ordinando loro di non tornare mai pi\u00f9 nel territorio dell\u2019attuale Nukus. Le nove mogli sposarono diversi artigiani e diedero alla luce nove figli, il cui numero diede il nome alla citt\u00e0: Nukus significa \u201cNove figli\u201d. La tradizione dice che il popolo karakalpako ha le sue radici nei nove figli di un khan e che i Karakalpaki discendono dalle nove mogli del khan. La popolazione del Karakalpakstan odierno \u00e8 di 1.817.500 persone.<\/p>\n<h3><strong>Museo di Igor Savitski<\/strong><\/h3>\n<p>Un\u2019attrazione molto famosa per i turisti \u00e8 il museo intitolato a Igor Savitski, considerato il \u201cLouvre del deserto\u201d e il \u201cMiracolo del deserto\u201d, fondato nel 1966. Il museo possiede pi\u00f9 di 280 reperti. Igor Savitski, che fond\u00f2 questo museo, era un famoso archeologo russo e un grande amante dell\u2019Asia centrale. In questo museo si possono trovare oggetti di cultura materiale e arte dell\u2019antico Khorezm, oltre all\u2019arte applicata dei Karakalpaki. I turisti appassionati d\u2019arte possono ammirare capolavori della scuola pittorica dell\u2019avanguardia russa. Inoltre, questo museo possiede la migliore e la pi\u00f9 ricca collezione di opere d\u2019arte dell\u2019Asia centrale. Qui si possono scoprire reperti archeologici, oggetti del periodo dell\u2019antico Khorezm \u2014 patria della religione zoroastriana e del suo libro sacro \u201cAvesta\u201d \u2014, uniche statuette in terracotta della dea zoroastriana della fertilit\u00e0 \u201cAnahita\u201d. Ossuari \u2014 recipienti per le ossa.<\/p>\n<\/div><\/div><\/div><\/div><\/div><div class=\"vc_col-sm-4 wpb_column vc_column_container\"><div class=\"vc_column-inner\"><div class=\"wpb_wrapper\">[vc_wp_custommenu title=&#8221;Citt\u00e0 dell&#8217;Uzbekistan&#8221; nav_menu=&#8221;585&#8243;]<\/div><\/div><\/div><\/div><\/div><\/section>\n","protected":false},"excerpt":{"rendered":"Karakalpakstan Repubblica Autonoma del Karakalpakstan Il territorio della repubblica \u00e8 di 164.900 km2 e la popolazione \u00e8 di 1.817.500 persone. La Repubblica Autonoma del Karakalpakstan si trova nel nord-ovest dell\u2019Uzbekistan e ha una propria costituzione. La costituzione fu redatta per la prima volta nel 1936. La repubblica possiede stemma nazionale, bandiera e inno nazionale. Nel...","protected":false},"author":1,"featured_media":2309,"parent":1367,"menu_order":3,"comment_status":"closed","ping_status":"closed","template":"","meta":{"_acf_changed":false,"footnotes":""},"class_list":["post-2320","page","type-page","status-publish","has-post-thumbnail","hentry"],"acf":[],"lang":"it","translations":{"it":2320,"de":2301,"en":2299,"ru":2314,"fr":2316,"es":2318},"pll_sync_post":[],"_links":{"self":[{"href":"https:\/\/sitex.uz\/travel\/wp-json\/wp\/v2\/pages\/2320","targetHints":{"allow":["GET"]}}],"collection":[{"href":"https:\/\/sitex.uz\/travel\/wp-json\/wp\/v2\/pages"}],"about":[{"href":"https:\/\/sitex.uz\/travel\/wp-json\/wp\/v2\/types\/page"}],"author":[{"embeddable":true,"href":"https:\/\/sitex.uz\/travel\/wp-json\/wp\/v2\/users\/1"}],"replies":[{"embeddable":true,"href":"https:\/\/sitex.uz\/travel\/wp-json\/wp\/v2\/comments?post=2320"}],"version-history":[{"count":2,"href":"https:\/\/sitex.uz\/travel\/wp-json\/wp\/v2\/pages\/2320\/revisions"}],"predecessor-version":[{"id":2425,"href":"https:\/\/sitex.uz\/travel\/wp-json\/wp\/v2\/pages\/2320\/revisions\/2425"}],"up":[{"embeddable":true,"href":"https:\/\/sitex.uz\/travel\/wp-json\/wp\/v2\/pages\/1367"}],"wp:featuredmedia":[{"embeddable":true,"href":"https:\/\/sitex.uz\/travel\/wp-json\/wp\/v2\/media\/2309"}],"wp:attachment":[{"href":"https:\/\/sitex.uz\/travel\/wp-json\/wp\/v2\/media?parent=2320"}],"curies":[{"name":"wp","href":"https:\/\/api.w.org\/{rel}","templated":true}]}}