{"id":2318,"date":"2026-01-03T13:13:32","date_gmt":"2026-01-03T13:13:32","guid":{"rendered":"https:\/\/sitex.uz\/travel\/?page_id=2318"},"modified":"2026-01-04T06:23:56","modified_gmt":"2026-01-04T06:23:56","slug":"karakalpakstan","status":"publish","type":"page","link":"https:\/\/sitex.uz\/travel\/es\/uzbekistan\/karakalpakstan\/","title":{"rendered":"Karakalpakst\u00e1n"},"content":{"rendered":"<section class=\"l-section wpb_row us_custom_14417885 height_medium with_img\"><div class=\"l-section-img\" role=\"img\" aria-label=\"Image\" data-img-width=\"1190\" data-img-height=\"665\" style=\"background-image: url(https:\/\/sitex.uz\/travel\/wp-content\/uploads\/2026\/01\/1-3.webp);background-repeat: no-repeat;\"><\/div><div class=\"l-section-overlay\" style=\"background:rgba(0,0,0,0.26)\"><\/div><div class=\"l-section-h i-cf\"><div class=\"g-cols vc_row via_flex valign_top type_default stacking_default\"><div class=\"vc_col-sm-3 wpb_column vc_column_container\"><div class=\"vc_column-inner\"><div class=\"wpb_wrapper\"><\/div><\/div><\/div><div class=\"vc_col-sm-6 wpb_column vc_column_container\"><div class=\"vc_column-inner\"><div class=\"wpb_wrapper\"><h2 class=\"w-post-elm post_title us_custom_f99046b1 has_text_color entry-title color_link_inherit\">Karakalpakst\u00e1n<\/h2><\/div><\/div><\/div><div class=\"vc_col-sm-3 wpb_column vc_column_container\"><div class=\"vc_column-inner\"><div class=\"wpb_wrapper\"><\/div><\/div><\/div><\/div><\/div><\/section><section class=\"l-section wpb_row height_medium\"><div class=\"l-section-h i-cf\"><div class=\"g-cols vc_row via_flex valign_top type_default stacking_default\"><div class=\"vc_col-sm-8 wpb_column vc_column_container\"><div class=\"vc_column-inner\"><div class=\"wpb_wrapper\"><div class=\"wpb_text_column us_custom_6df2ad6e has_text_color\"><div class=\"wpb_wrapper\"><h3><strong>Rep\u00fablica Aut\u00f3noma de Karakalpakst\u00e1n<\/strong><\/h3>\n<p>El territorio de la rep\u00fablica es de 164.900 km2 y la poblaci\u00f3n es de 1.817.500 personas. La Rep\u00fablica Aut\u00f3noma de Karakalpakst\u00e1n se encuentra en el noroeste de Uzbekist\u00e1n y tiene su propia constituci\u00f3n. La constituci\u00f3n se redact\u00f3 por primera vez en 1936. La rep\u00fablica posee su propio escudo nacional, bandera e himno nacional. En 1924, la Uni\u00f3n Sovi\u00e9tica reconoci\u00f3 a Karakalpakst\u00e1n como una rep\u00fablica socialista aut\u00f3noma independiente, y desde 1936 la Rep\u00fablica de Karakalpakst\u00e1n tiene su propia constituci\u00f3n. Los habitantes pertenecen principalmente al grupo de lenguas t\u00farquicas y hablan el idioma karakalpako. En cuanto a la religi\u00f3n, son musulmanes sun\u00edes. El territorio de Karakalpakst\u00e1n, en el noroeste, est\u00e1 cubierto por el desierto de Kyzylkum; en el sureste se encuentran la meseta de Ustyurt y el delta del Amu Daria. La parte sur del mar de Aral se encuentra en el territorio de Karakalpakst\u00e1n. Tambi\u00e9n hay varias sierras; la mayor de ellas es la sierra de \u201cSultan Uvays\u201d.<\/p>\n<h3><strong>Mizdakkhan<\/strong><strong><br \/>\n<\/strong><\/h3>\n<p><img loading=\"lazy\" decoding=\"async\" class=\"alignnone size-full wp-image-2302\" src=\"https:\/\/sitex.uz\/travel\/wp-content\/uploads\/2026\/01\/2-4.webp\" alt=\"\" width=\"1190\" height=\"665\" srcset=\"https:\/\/sitex.uz\/travel\/wp-content\/uploads\/2026\/01\/2-4.webp 1190w, https:\/\/sitex.uz\/travel\/wp-content\/uploads\/2026\/01\/2-4-300x168.webp 300w, https:\/\/sitex.uz\/travel\/wp-content\/uploads\/2026\/01\/2-4-1024x572.webp 1024w\" sizes=\"auto, (max-width: 1190px) 100vw, 1190px\" \/>Es un mausoleo impresionante. Los habitantes locales dicen que aqu\u00ed se encuentra la tumba del primer ser humano, \u201cAd\u00e1n\u201d. Hay opiniones de que sobre la tumba de \u201cAd\u00e1n\u201d existe una estructura llamada el \u201cReloj del Apocalipsis\u201d. Cada a\u00f1o se caen ladrillos del edificio; seg\u00fan la leyenda, cuando caiga el \u00faltimo ladrillo, ocurrir\u00e1 el fin del mundo, y por eso los peregrinos vuelven a colocar los ladrillos para que Dios los escuche y los salve. Es una necr\u00f3polis donde los viajeros pueden disfrutar de la arquitectura de distintos periodos.<br \/>\nNo muy lejos de Mizdakkhan se encuentran las ruinas de la fortaleza \u201cGyavur Kala\u201d. \u201cGyavur Kala\u201d es una fortaleza preisl\u00e1mica; incluso el nombre \u201cGyavur\u201d (en \u00e1rabe \u201cKafir\u201d, \u201cincr\u00e9dulo\u201d) significa \u201cFortaleza de los incr\u00e9dulos\u201d.<\/p>\n<h3><strong>Ayaz Kala<br \/>\n<\/strong><\/h3>\n<p><img loading=\"lazy\" decoding=\"async\" class=\"alignnone size-full wp-image-2303\" src=\"https:\/\/sitex.uz\/travel\/wp-content\/uploads\/2026\/01\/3-4.webp\" alt=\"\" width=\"1190\" height=\"665\" srcset=\"https:\/\/sitex.uz\/travel\/wp-content\/uploads\/2026\/01\/3-4.webp 1190w, https:\/\/sitex.uz\/travel\/wp-content\/uploads\/2026\/01\/3-4-300x168.webp 300w, https:\/\/sitex.uz\/travel\/wp-content\/uploads\/2026\/01\/3-4-1024x572.webp 1024w\" sizes=\"auto, (max-width: 1190px) 100vw, 1190px\" \/>Ayaz Kala es una de las principales fortalezas entre las antiguas fortificaciones de Corasmia de la \u00e9poca preisl\u00e1mica. El nombre Ayaz Kala significa \u201cFortaleza del viento\u201d. Los historiadores creen que esta fortaleza fue construida sobre una colina rocosa en el siglo IV. La construcci\u00f3n de la fortaleza pertenece a la \u00e9poca en que las tradiciones zoroastrianas eran una de las principales creencias espirituales de los habitantes. Los arque\u00f3logos encontraron sepulturas sorprendentes con antiguos rituales de adoradores del fuego: tras la \u201cpurificaci\u00f3n\u201d por el sol y por aves rapaces, los restos humanos se colocaban en vasijas de cer\u00e1mica (osarios). Junto a la parte principal de Ayaz Kala hay otro edificio que se construy\u00f3 posteriormente en la colina. Hoy existen yurtas para los viajeros que desean pasar la noche en el desierto en una tienda n\u00f3mada.<\/p>\n<h3><strong>Tuprok Kala<\/strong><\/h3>\n<p><img loading=\"lazy\" decoding=\"async\" class=\"alignnone size-full wp-image-2304\" src=\"https:\/\/sitex.uz\/travel\/wp-content\/uploads\/2026\/01\/4-4.webp\" alt=\"\" width=\"1190\" height=\"665\" srcset=\"https:\/\/sitex.uz\/travel\/wp-content\/uploads\/2026\/01\/4-4.webp 1190w, https:\/\/sitex.uz\/travel\/wp-content\/uploads\/2026\/01\/4-4-300x168.webp 300w, https:\/\/sitex.uz\/travel\/wp-content\/uploads\/2026\/01\/4-4-1024x572.webp 1024w\" sizes=\"auto, (max-width: 1190px) 100vw, 1190px\" \/>Tuprok Kala fue la capital del antiguo reino de Corasmia. El nombre significa \u201cFortaleza de barro\u201d. Data de los siglos I\u2013IV y fue utilizada como ciudad-residencia de la dinast\u00eda afr\u00edgida. Los arque\u00f3logos creen que esta fortaleza tambi\u00e9n serv\u00eda como centro de rituales religiosos y que aqu\u00ed se levantaron templos zoroastrianos. Encontraron las ruinas de la fortaleza con 150 salas, decoradas con elementos impresionantes y pinturas murales. Durante las excavaciones se hall\u00f3 un registro\/archivo muy interesante de Corasmia. Esta importante fuente hist\u00f3rica sirve para la investigaci\u00f3n de la historia y la cultura de las personas que vivieron en Asia Central en ese periodo.<\/p>\n<h3><strong>Janbas Kala<\/strong><\/h3>\n<p><img loading=\"lazy\" decoding=\"async\" class=\"alignnone size-full wp-image-2305\" src=\"https:\/\/sitex.uz\/travel\/wp-content\/uploads\/2026\/01\/5-4.webp\" alt=\"\" width=\"1190\" height=\"665\" srcset=\"https:\/\/sitex.uz\/travel\/wp-content\/uploads\/2026\/01\/5-4.webp 1190w, https:\/\/sitex.uz\/travel\/wp-content\/uploads\/2026\/01\/5-4-300x168.webp 300w, https:\/\/sitex.uz\/travel\/wp-content\/uploads\/2026\/01\/5-4-1024x572.webp 1024w\" sizes=\"auto, (max-width: 1190px) 100vw, 1190px\" \/>Esta fortaleza, cuyo nombre se traduce como \u201cFortaleza inclinada\u201d, fue construida en el siglo IV. Janbas Kala no se parece a las otras fortalezas y su principal diferencia con otras ciudades antiguas es la ausencia de torres y minaretes, que eran elementos integrados de la arquitectura corasmia de aquel tiempo. La fortaleza tiene forma rectangular y mide 200 \u00d7 170 m. La altura de las murallas alcanza los 10 m y, en algunos tramos, incluso 20 m; entre las murallas exterior e interior hay pasadizos de 3 m de ancho. La fortaleza se conserva bien en comparaci\u00f3n con otros edificios porque qued\u00f3 cubierta por dunas.<\/p>\n<h3><strong>Complejo Sultan Uvays Korani<\/strong><\/h3>\n<p><img loading=\"lazy\" decoding=\"async\" class=\"alignnone size-full wp-image-2306\" src=\"https:\/\/sitex.uz\/travel\/wp-content\/uploads\/2026\/01\/6-4.webp\" alt=\"\" width=\"1190\" height=\"665\" srcset=\"https:\/\/sitex.uz\/travel\/wp-content\/uploads\/2026\/01\/6-4.webp 1190w, https:\/\/sitex.uz\/travel\/wp-content\/uploads\/2026\/01\/6-4-300x168.webp 300w, https:\/\/sitex.uz\/travel\/wp-content\/uploads\/2026\/01\/6-4-1024x572.webp 1024w\" sizes=\"auto, (max-width: 1190px) 100vw, 1190px\" \/>Xazrat Uvays ibn Omar al Korani fue uno de los seguidores del profeta Muhammad. Fue conocido en Asia Central como Uvays Bobo o Sultan Bobo. Naci\u00f3 en 625 en un peque\u00f1o pueblo llamado KARAYN, en el territorio del actual Yemen. Muri\u00f3 en la guerra de Sifri contra Muaviya a los 32 a\u00f1os. Fue enterrado en Siria. Su tumba simb\u00f3lica se encuentra en Karakalpakst\u00e1n. Se desconoce el periodo de construcci\u00f3n; alrededor de la tumba hay un edificio que data de los siglos XVII\u2013XIX. No lejos del mausoleo de Uvays Korani hay un mausoleo llamado \u201cChinor Bobo\u201d, que habr\u00eda sido el barbero del profeta Muhammad. Hoy es uno de los lugares de peregrinaci\u00f3n m\u00e1s importantes para los habitantes locales.<\/p>\n<h3><strong>Chilpak Kala<\/strong><\/h3>\n<p><img loading=\"lazy\" decoding=\"async\" class=\"alignnone size-full wp-image-2307\" src=\"https:\/\/sitex.uz\/travel\/wp-content\/uploads\/2026\/01\/7-3.webp\" alt=\"\" width=\"1190\" height=\"665\" srcset=\"https:\/\/sitex.uz\/travel\/wp-content\/uploads\/2026\/01\/7-3.webp 1190w, https:\/\/sitex.uz\/travel\/wp-content\/uploads\/2026\/01\/7-3-300x168.webp 300w, https:\/\/sitex.uz\/travel\/wp-content\/uploads\/2026\/01\/7-3-1024x572.webp 1024w\" sizes=\"auto, (max-width: 1190px) 100vw, 1190px\" \/>Este monumento arquitect\u00f3nico fue un centro religioso zoroastriano de la antigua Corasmia. El nombre \u201cChilpak Kala\u201d significa \u201cFortaleza del silencio\u201d. Seg\u00fan la leyenda, la fortaleza fue construida por el deva Gadji, enemigo de Ahura Mazda, que libraba una lucha eterna contra la luz. La torre circular con altas murallas sobre la colina de arena sorprende por su tama\u00f1o. La fortaleza se utilizaba como cementerio zoroastriano, donde se llevaban los cuerpos de los fallecidos para que los comieran aves y animales, porque no se permit\u00eda enterrarlos ni incinerarlos.<\/p>\n<h3><strong>Mar de Aral \u2013 Muynak<\/strong><\/h3>\n<p><img loading=\"lazy\" decoding=\"async\" class=\"alignnone wp-image-2309 size-full\" src=\"https:\/\/sitex.uz\/travel\/wp-content\/uploads\/2026\/01\/1-3.webp\" alt=\"\" width=\"1190\" height=\"665\" srcset=\"https:\/\/sitex.uz\/travel\/wp-content\/uploads\/2026\/01\/1-3.webp 1190w, https:\/\/sitex.uz\/travel\/wp-content\/uploads\/2026\/01\/1-3-300x168.webp 300w, https:\/\/sitex.uz\/travel\/wp-content\/uploads\/2026\/01\/1-3-1024x572.webp 1024w\" sizes=\"auto, (max-width: 1190px) 100vw, 1190px\" \/>En otro tiempo, este mar era el mayor embalse de Asia Central, abarcaba territorios de Kazajist\u00e1n y Uzbekist\u00e1n y, adem\u00e1s, era el cuarto lago m\u00e1s grande del mundo. Hoy est\u00e1 casi seco y se ha dividido en dos lagos: la parte sur y la parte norte. Esta cat\u00e1strofe comenz\u00f3 en 1960. Aqu\u00ed viv\u00edan 34 especies de peces y en el territorio de Karakalpakst\u00e1n hab\u00eda 5 f\u00e1bricas de pescado y 1 f\u00e1brica de conservas de pescado. Para los amantes de los viajes poco comunes, una agencia local puede organizar una excursi\u00f3n al mar de Aral, donde los viajeros pueden pasar la noche en una tienda de campa\u00f1a.<br \/>\nDe camino al mar de Aral se encuentra una ciudad llamada Muynak, fundada en 1963; en esta ciudad estaba la f\u00e1brica m\u00e1s importante de conservas de pescado. La poblaci\u00f3n es de 13.000 habitantes. All\u00ed hab\u00eda un gran puerto, que hoy es un gran \u201ccementerio\u201d de barcos de aquella \u00e9poca, usados durante los a\u00f1os de auge.<\/p>\n<h3><strong>Meseta de Ustyurt<\/strong><\/h3>\n<p><img loading=\"lazy\" decoding=\"async\" class=\"alignnone size-full wp-image-2310\" src=\"https:\/\/sitex.uz\/travel\/wp-content\/uploads\/2026\/01\/8-2.webp\" alt=\"\" width=\"1190\" height=\"665\" srcset=\"https:\/\/sitex.uz\/travel\/wp-content\/uploads\/2026\/01\/8-2.webp 1190w, https:\/\/sitex.uz\/travel\/wp-content\/uploads\/2026\/01\/8-2-300x168.webp 300w, https:\/\/sitex.uz\/travel\/wp-content\/uploads\/2026\/01\/8-2-1024x572.webp 1024w\" sizes=\"auto, (max-width: 1190px) 100vw, 1190px\" \/>La meseta de Ustyurt tiene hermosos ca\u00f1ones. El mundo natural sorprende por la gran cantidad de aves, como \u00e1guilas y grifos, as\u00ed como por ant\u00edlopes (saiga) y caballos salvajes. Las principales atracciones de la meseta de Ustyurt est\u00e1n relacionadas con sus cuevas-habitaci\u00f3n y sus valiosos artefactos. Su antig\u00fcedad es de m\u00e1s de 1.200 a\u00f1os. En 1951, los ge\u00f3grafos encontraron productos cer\u00e1micos datados en los siglos XII\u2013XIII. Durante el estudio de estas cuevas, los arque\u00f3logos que trabajaban en varias de ellas encontraron un barco y una imagen en la pared. La meseta de Ustyurt es un lugar maravilloso para los viajeros que aman el safari, la naturaleza y el ecoturismo. Este lugar es un sue\u00f1o para los viajes fotogr\u00e1ficos.<\/p>\n<h3><strong>Nukus<\/strong><\/h3>\n<p><img loading=\"lazy\" decoding=\"async\" class=\"alignnone size-full wp-image-2311\" src=\"https:\/\/sitex.uz\/travel\/wp-content\/uploads\/2026\/01\/9-1.webp\" alt=\"\" width=\"1190\" height=\"665\" srcset=\"https:\/\/sitex.uz\/travel\/wp-content\/uploads\/2026\/01\/9-1.webp 1190w, https:\/\/sitex.uz\/travel\/wp-content\/uploads\/2026\/01\/9-1-300x168.webp 300w, https:\/\/sitex.uz\/travel\/wp-content\/uploads\/2026\/01\/9-1-1024x572.webp 1024w\" sizes=\"auto, (max-width: 1190px) 100vw, 1190px\" \/>La capital de la Rep\u00fablica Aut\u00f3noma de Karakalpakst\u00e1n surgi\u00f3 en el siglo XIX como un peque\u00f1o pueblo y fue fundada como ciudad en 1932. Con los a\u00f1os, Nukus se expandi\u00f3 y se convirti\u00f3 en una ciudad. El nombre \u201cNukus\u201d significa \u201cnueve hijos\u201d. Seg\u00fan la tradici\u00f3n, el gobernante de Corasmia se enfad\u00f3 mucho con sus nueve esposas y las desterr\u00f3, orden\u00e1ndoles no regresar jam\u00e1s al territorio del actual Nukus. Las nueve esposas se casaron con distintos artesanos y tuvieron nueve hijos, cuyo n\u00famero dio nombre a la ciudad: Nukus significa \u201cNueve hijos\u201d. La tradici\u00f3n dice que el pueblo karakalpako tiene sus ra\u00edces en los nueve hijos de un kan y que los karakalpakos provienen de las nueve esposas del kan. La poblaci\u00f3n del Karakalpakst\u00e1n actual es de 1.817.500.<\/p>\n<h3><strong>Museo de Igor Savitski<\/strong><\/h3>\n<p>Una atracci\u00f3n muy famosa para los turistas es el museo que lleva el nombre de Igor Savitski, considerado el \u201cLouvre del desierto\u201d y el \u201cMilagro del desierto\u201d, fundado en 1966. El museo cuenta con m\u00e1s de 280 exhibiciones. Igor Savitski, que fund\u00f3 este museo, fue un famoso arque\u00f3logo ruso y un gran amante de Asia Central. En este museo se pueden encontrar objetos de cultura material y arte de la antigua Corasmia, as\u00ed como artes aplicadas de los karakalpakos. Los turistas amantes del arte pueden disfrutar de obras maestras de la escuela de pintura de la vanguardia rusa. Adem\u00e1s, este museo posee la mejor y m\u00e1s rica colecci\u00f3n de obras de arte de Asia Central. Aqu\u00ed se pueden descubrir hallazgos arqueol\u00f3gicos, objetos del periodo de la antigua Corasmia \u2014la patria de la religi\u00f3n zoroastriana y su libro sagrado \u201cAvesta\u201d\u2014, \u00fanicas figurillas de terracota de la diosa zoroastriana de la fertilidad \u201cAnahita\u201d. Osarios: recipientes para huesos.<\/p>\n<\/div><\/div><\/div><\/div><\/div><div class=\"vc_col-sm-4 wpb_column vc_column_container\"><div class=\"vc_column-inner\"><div class=\"wpb_wrapper\">[vc_wp_custommenu title=&#8221;Ciudades de Uzbekist\u00e1n&#8221; nav_menu=&#8221;584&#8243;]<\/div><\/div><\/div><\/div><\/div><\/section>\n","protected":false},"excerpt":{"rendered":"Karakalpakst\u00e1n Rep\u00fablica Aut\u00f3noma de Karakalpakst\u00e1n El territorio de la rep\u00fablica es de 164.900 km2 y la poblaci\u00f3n es de 1.817.500 personas. La Rep\u00fablica Aut\u00f3noma de Karakalpakst\u00e1n se encuentra en el noroeste de Uzbekist\u00e1n y tiene su propia constituci\u00f3n. La constituci\u00f3n se redact\u00f3 por primera vez en 1936. La rep\u00fablica posee su propio escudo nacional, bandera...","protected":false},"author":1,"featured_media":2309,"parent":1360,"menu_order":3,"comment_status":"closed","ping_status":"closed","template":"","meta":{"_acf_changed":false,"footnotes":""},"class_list":["post-2318","page","type-page","status-publish","has-post-thumbnail","hentry"],"acf":[],"lang":"es","translations":{"es":2318,"de":2301,"en":2299,"ru":2314,"fr":2316,"it":2320},"pll_sync_post":[],"_links":{"self":[{"href":"https:\/\/sitex.uz\/travel\/wp-json\/wp\/v2\/pages\/2318","targetHints":{"allow":["GET"]}}],"collection":[{"href":"https:\/\/sitex.uz\/travel\/wp-json\/wp\/v2\/pages"}],"about":[{"href":"https:\/\/sitex.uz\/travel\/wp-json\/wp\/v2\/types\/page"}],"author":[{"embeddable":true,"href":"https:\/\/sitex.uz\/travel\/wp-json\/wp\/v2\/users\/1"}],"replies":[{"embeddable":true,"href":"https:\/\/sitex.uz\/travel\/wp-json\/wp\/v2\/comments?post=2318"}],"version-history":[{"count":2,"href":"https:\/\/sitex.uz\/travel\/wp-json\/wp\/v2\/pages\/2318\/revisions"}],"predecessor-version":[{"id":2424,"href":"https:\/\/sitex.uz\/travel\/wp-json\/wp\/v2\/pages\/2318\/revisions\/2424"}],"up":[{"embeddable":true,"href":"https:\/\/sitex.uz\/travel\/wp-json\/wp\/v2\/pages\/1360"}],"wp:featuredmedia":[{"embeddable":true,"href":"https:\/\/sitex.uz\/travel\/wp-json\/wp\/v2\/media\/2309"}],"wp:attachment":[{"href":"https:\/\/sitex.uz\/travel\/wp-json\/wp\/v2\/media?parent=2318"}],"curies":[{"name":"wp","href":"https:\/\/api.w.org\/{rel}","templated":true}]}}