{"id":2316,"date":"2026-01-03T13:13:32","date_gmt":"2026-01-03T13:13:32","guid":{"rendered":"https:\/\/sitex.uz\/travel\/?page_id=2316"},"modified":"2026-01-04T06:23:29","modified_gmt":"2026-01-04T06:23:29","slug":"karakalpakstan","status":"publish","type":"page","link":"https:\/\/sitex.uz\/travel\/fr\/ouzbekistan\/karakalpakstan\/","title":{"rendered":"Karakalpakstan"},"content":{"rendered":"<section class=\"l-section wpb_row us_custom_14417885 height_medium with_img\"><div class=\"l-section-img\" role=\"img\" aria-label=\"Image\" data-img-width=\"1190\" data-img-height=\"665\" style=\"background-image: url(https:\/\/sitex.uz\/travel\/wp-content\/uploads\/2026\/01\/1-3.webp);background-repeat: no-repeat;\"><\/div><div class=\"l-section-overlay\" style=\"background:rgba(0,0,0,0.26)\"><\/div><div class=\"l-section-h i-cf\"><div class=\"g-cols vc_row via_flex valign_top type_default stacking_default\"><div class=\"vc_col-sm-3 wpb_column vc_column_container\"><div class=\"vc_column-inner\"><div class=\"wpb_wrapper\"><\/div><\/div><\/div><div class=\"vc_col-sm-6 wpb_column vc_column_container\"><div class=\"vc_column-inner\"><div class=\"wpb_wrapper\"><h2 class=\"w-post-elm post_title us_custom_f99046b1 has_text_color entry-title color_link_inherit\">Karakalpakstan<\/h2><\/div><\/div><\/div><div class=\"vc_col-sm-3 wpb_column vc_column_container\"><div class=\"vc_column-inner\"><div class=\"wpb_wrapper\"><\/div><\/div><\/div><\/div><\/div><\/section><section class=\"l-section wpb_row height_medium\"><div class=\"l-section-h i-cf\"><div class=\"g-cols vc_row via_flex valign_top type_default stacking_default\"><div class=\"vc_col-sm-8 wpb_column vc_column_container\"><div class=\"vc_column-inner\"><div class=\"wpb_wrapper\"><div class=\"wpb_text_column us_custom_6df2ad6e has_text_color\"><div class=\"wpb_wrapper\"><h3><strong>R\u00e9publique autonome du Karakalpakstan<\/strong><\/h3>\n<p>Le territoire de la r\u00e9publique est de 164 900 km2 et la population est de 1 817 500 habitants. La R\u00e9publique autonome du Karakalpakstan se situe au nord-ouest de l\u2019Ouzb\u00e9kistan et poss\u00e8de sa propre constitution. La constitution a \u00e9t\u00e9 r\u00e9dig\u00e9e pour la premi\u00e8re fois en 1936. La r\u00e9publique poss\u00e8de ses armoiries nationales, son drapeau et son hymne national. En 1924, l\u2019Union sovi\u00e9tique reconnut le Karakalpakstan comme une r\u00e9publique socialiste autonome ind\u00e9pendante, et depuis 1936 la R\u00e9publique du Karakalpakstan poss\u00e8de sa propre constitution. Les habitants appartiennent principalement au groupe turcophone et parlent la langue karakalpake. Du point de vue religieux, ils sont musulmans sunnites. Le territoire du Karakalpakstan, au nord-ouest, est couvert par le d\u00e9sert du Kyzylkoum ; au sud-est se trouvent le plateau d\u2019Oustyurt et le delta de l\u2019Amou-Daria. La partie sud de la mer d\u2019Aral se situe sur le territoire du Karakalpakstan. Il existe aussi quelques cha\u00eenes de collines ; la plus grande est la cha\u00eene \u00ab Sultan Uvays \u00bb.<\/p>\n<h3><strong>Mizdakkhan<\/strong><strong><br \/>\n<\/strong><\/h3>\n<p><img loading=\"lazy\" decoding=\"async\" class=\"alignnone size-full wp-image-2302\" src=\"https:\/\/sitex.uz\/travel\/wp-content\/uploads\/2026\/01\/2-4.webp\" alt=\"\" width=\"1190\" height=\"665\" srcset=\"https:\/\/sitex.uz\/travel\/wp-content\/uploads\/2026\/01\/2-4.webp 1190w, https:\/\/sitex.uz\/travel\/wp-content\/uploads\/2026\/01\/2-4-300x168.webp 300w, https:\/\/sitex.uz\/travel\/wp-content\/uploads\/2026\/01\/2-4-1024x572.webp 1024w\" sizes=\"auto, (max-width: 1190px) 100vw, 1190px\" \/>C\u2019est un mausol\u00e9e impressionnant. Les habitants disent que la tombe du premier homme, \u00ab Adam \u00bb, se trouve ici. Certains pensent qu\u2019au-dessus de la tombe d\u2019\u00ab Adam \u00bb se trouve une construction appel\u00e9e \u00ab l\u2019Horloge de l\u2019Apocalypse \u00bb. Chaque ann\u00e9e, des briques tombent du b\u00e2timent ; selon la l\u00e9gende, lorsque la derni\u00e8re brique tombera, la fin du monde arrivera. C\u2019est pourquoi les p\u00e8lerins remettent les briques en place afin que Dieu les entende et les sauve. C\u2019est une n\u00e9cropole o\u00f9 les voyageurs peuvent admirer l\u2019architecture de diff\u00e9rentes p\u00e9riodes.<br \/>\nNon loin de Mizdakkhan se trouvent les ruines de la forteresse \u00ab Gyavur Kala \u00bb. \u00ab Gyavur Kala \u00bb est une forteresse pr\u00e9islamique ; m\u00eame le nom \u00ab Gyavur \u00bb (arabe \u00ab Kafir \u00bb, incroyant) signifie \u00ab forteresse des incroyants \u00bb.<\/p>\n<h3><strong>Ayaz Kala<br \/>\n<\/strong><\/h3>\n<p><img loading=\"lazy\" decoding=\"async\" class=\"alignnone size-full wp-image-2303\" src=\"https:\/\/sitex.uz\/travel\/wp-content\/uploads\/2026\/01\/3-4.webp\" alt=\"\" width=\"1190\" height=\"665\" srcset=\"https:\/\/sitex.uz\/travel\/wp-content\/uploads\/2026\/01\/3-4.webp 1190w, https:\/\/sitex.uz\/travel\/wp-content\/uploads\/2026\/01\/3-4-300x168.webp 300w, https:\/\/sitex.uz\/travel\/wp-content\/uploads\/2026\/01\/3-4-1024x572.webp 1024w\" sizes=\"auto, (max-width: 1190px) 100vw, 1190px\" \/>Ayaz Kala est l\u2019une des principales forteresses parmi les anciennes fortifications du Khorezm \u00e0 l\u2019\u00e9poque pr\u00e9islamique. Le nom Ayaz Kala signifie \u00ab Forteresse du vent \u00bb. Les historiens estiment que cette forteresse fut construite sur une colline rocheuse au IVe si\u00e8cle. Sa construction remonte \u00e0 une \u00e9poque o\u00f9 les traditions zoroastriennes figuraient parmi les principales croyances spirituelles des habitants. Les arch\u00e9ologues ont d\u00e9couvert des s\u00e9pultures \u00e9tonnantes li\u00e9es aux rituels des adorateurs du feu : apr\u00e8s purification par le soleil et les oiseaux de proie, les restes humains \u00e9taient plac\u00e9s dans des r\u00e9cipients en c\u00e9ramique (ossuaires). \u00c0 c\u00f4t\u00e9 de la partie principale d\u2019Ayaz Kala se trouve un autre b\u00e2timent, construit plus tard sur la colline. Aujourd\u2019hui, il y a des yourtes pour les voyageurs qui souhaitent passer la nuit dans le d\u00e9sert dans une tente nomade.<\/p>\n<h3><strong>Tuprok Kala<\/strong><\/h3>\n<p><img loading=\"lazy\" decoding=\"async\" class=\"alignnone size-full wp-image-2304\" src=\"https:\/\/sitex.uz\/travel\/wp-content\/uploads\/2026\/01\/4-4.webp\" alt=\"\" width=\"1190\" height=\"665\" srcset=\"https:\/\/sitex.uz\/travel\/wp-content\/uploads\/2026\/01\/4-4.webp 1190w, https:\/\/sitex.uz\/travel\/wp-content\/uploads\/2026\/01\/4-4-300x168.webp 300w, https:\/\/sitex.uz\/travel\/wp-content\/uploads\/2026\/01\/4-4-1024x572.webp 1024w\" sizes=\"auto, (max-width: 1190px) 100vw, 1190px\" \/>Tuprok Kala \u00e9tait la capitale de l\u2019ancien royaume du Khorezm. Le nom signifie \u00ab Forteresse de terre\/argile \u00bb. Elle date des Ier\u2013IVe si\u00e8cles et fut utilis\u00e9e comme ville-r\u00e9sidence de la dynastie des Afrighides. Les arch\u00e9ologues pensent que cette forteresse servait aussi de centre de rituels religieux et que des temples zoroastriens y furent \u00e9rig\u00e9s. Ils ont d\u00e9couvert les ruines d\u2019une forteresse avec 150 salles, d\u00e9cor\u00e9es d\u2019\u00e9l\u00e9ments impressionnants et de peintures murales. Lors des fouilles, un registre\/archives tr\u00e8s int\u00e9ressant du Khorezm a \u00e9t\u00e9 mis au jour. Cette importante source historique sert \u00e0 l\u2019\u00e9tude de l\u2019histoire et de la culture des populations qui vivaient en Asie centrale \u00e0 cette \u00e9poque.<\/p>\n<h3><strong>Janbas Kala<\/strong><\/h3>\n<p><img loading=\"lazy\" decoding=\"async\" class=\"alignnone size-full wp-image-2305\" src=\"https:\/\/sitex.uz\/travel\/wp-content\/uploads\/2026\/01\/5-4.webp\" alt=\"\" width=\"1190\" height=\"665\" srcset=\"https:\/\/sitex.uz\/travel\/wp-content\/uploads\/2026\/01\/5-4.webp 1190w, https:\/\/sitex.uz\/travel\/wp-content\/uploads\/2026\/01\/5-4-300x168.webp 300w, https:\/\/sitex.uz\/travel\/wp-content\/uploads\/2026\/01\/5-4-1024x572.webp 1024w\" sizes=\"auto, (max-width: 1190px) 100vw, 1190px\" \/>Cette forteresse, dont le nom se traduit par \u00ab Forteresse inclin\u00e9e \u00bb, fut construite au IVe si\u00e8cle. Janbas Kala ne ressemble pas aux autres forteresses ; sa principale diff\u00e9rence avec les autres villes anciennes est l\u2019absence de tours et de minarets, qui \u00e9taient des \u00e9l\u00e9ments int\u00e9gr\u00e9s de l\u2019architecture khorezmienne de l\u2019\u00e9poque. La forteresse a une forme rectangulaire de 200 \u00d7 170 m. La hauteur des murs atteint 10 m et, par endroits, m\u00eame 20 m ; entre les murs ext\u00e9rieurs et int\u00e9rieurs se trouvent des couloirs de 3 m de large. La forteresse est bien conserv\u00e9e par rapport \u00e0 d\u2019autres b\u00e2timents, car elle a \u00e9t\u00e9 recouverte par des dunes.<\/p>\n<h3><strong>Complexe Sultan Uvays Korani<\/strong><\/h3>\n<p><img loading=\"lazy\" decoding=\"async\" class=\"alignnone size-full wp-image-2306\" src=\"https:\/\/sitex.uz\/travel\/wp-content\/uploads\/2026\/01\/6-4.webp\" alt=\"\" width=\"1190\" height=\"665\" srcset=\"https:\/\/sitex.uz\/travel\/wp-content\/uploads\/2026\/01\/6-4.webp 1190w, https:\/\/sitex.uz\/travel\/wp-content\/uploads\/2026\/01\/6-4-300x168.webp 300w, https:\/\/sitex.uz\/travel\/wp-content\/uploads\/2026\/01\/6-4-1024x572.webp 1024w\" sizes=\"auto, (max-width: 1190px) 100vw, 1190px\" \/>Xazrat Uvays ibn Omar al Korani \u00e9tait l\u2019un des compagnons\/suiveurs du proph\u00e8te Muhammad. Il est connu en Asie centrale sous les noms d\u2019Uvays Bobo ou Sultan Bobo. Il naquit en 625 dans un petit village nomm\u00e9 KARAYN sur le territoire de l\u2019actuel Y\u00e9men. Il mourut \u00e0 la guerre de Sifri contre Muaviya \u00e0 l\u2019\u00e2ge de 32 ans. Il fut enterr\u00e9 en Syrie. Sa tombe symbolique se trouve au Karakalpakstan. La p\u00e9riode de construction est inconnue ; autour de la tombe se dresse un b\u00e2timent dat\u00e9 des XVIIe\u2013XIXe si\u00e8cles. Non loin du mausol\u00e9e d\u2019Uvays Korani se trouve un mausol\u00e9e appel\u00e9 \u00ab Chinor Bobo \u00bb, qui aurait \u00e9t\u00e9 le barbier du proph\u00e8te Muhammad. Aujourd\u2019hui, c\u2019est l\u2019un des principaux lieux de p\u00e8lerinage pour les habitants.<\/p>\n<h3><strong>Chilpak Kala<\/strong><\/h3>\n<p><img loading=\"lazy\" decoding=\"async\" class=\"alignnone size-full wp-image-2307\" src=\"https:\/\/sitex.uz\/travel\/wp-content\/uploads\/2026\/01\/7-3.webp\" alt=\"\" width=\"1190\" height=\"665\" srcset=\"https:\/\/sitex.uz\/travel\/wp-content\/uploads\/2026\/01\/7-3.webp 1190w, https:\/\/sitex.uz\/travel\/wp-content\/uploads\/2026\/01\/7-3-300x168.webp 300w, https:\/\/sitex.uz\/travel\/wp-content\/uploads\/2026\/01\/7-3-1024x572.webp 1024w\" sizes=\"auto, (max-width: 1190px) 100vw, 1190px\" \/>Ce monument architectural \u00e9tait un centre religieux zoroastrien de l\u2019ancien Khorezm. Le nom \u00ab Chilpak Kala \u00bb signifie \u00ab Forteresse du silence \u00bb. Selon la l\u00e9gende, la forteresse fut construite par le deva Gadji, ennemi d\u2019Ahura Mazda, qui menait une lutte \u00e9ternelle contre la lumi\u00e8re. La tour circulaire aux murs \u00e9lev\u00e9s sur une colline de sable impressionne par ses dimensions. La forteresse servait de cimeti\u00e8re zoroastrien, o\u00f9 l\u2019on amenait les corps des d\u00e9funts pour qu\u2019ils soient d\u00e9vor\u00e9s par les oiseaux et les animaux, car il \u00e9tait interdit de les enterrer ou de les incin\u00e9rer.<\/p>\n<h3><strong>Mer d\u2019Aral \u2013 Muynak<\/strong><\/h3>\n<p><img loading=\"lazy\" decoding=\"async\" class=\"alignnone wp-image-2309 size-full\" src=\"https:\/\/sitex.uz\/travel\/wp-content\/uploads\/2026\/01\/1-3.webp\" alt=\"\" width=\"1190\" height=\"665\" srcset=\"https:\/\/sitex.uz\/travel\/wp-content\/uploads\/2026\/01\/1-3.webp 1190w, https:\/\/sitex.uz\/travel\/wp-content\/uploads\/2026\/01\/1-3-300x168.webp 300w, https:\/\/sitex.uz\/travel\/wp-content\/uploads\/2026\/01\/1-3-1024x572.webp 1024w\" sizes=\"auto, (max-width: 1190px) 100vw, 1190px\" \/>Autrefois, cette mer \u00e9tait le plus grand r\u00e9servoir d\u2019Asie centrale, couvrant des territoires du Kazakhstan et de l\u2019Ouzb\u00e9kistan, et elle \u00e9tait aussi le quatri\u00e8me plus grand lac du monde. Aujourd\u2019hui, elle est presque ass\u00e9ch\u00e9e et s\u2019est divis\u00e9e en deux plans d\u2019eau : la partie sud et la partie nord. Cette catastrophe a commenc\u00e9 en 1960. On y trouvait 34 esp\u00e8ces de poissons, et sur le territoire du Karakalpakstan il y avait 5 usines de p\u00eache et 1 conserverie de poisson. Pour les amateurs de voyages insolites, une agence locale peut organiser une excursion vers la mer d\u2019Aral, o\u00f9 les voyageurs peuvent passer la nuit sous tente.<br \/>\nSur la route vers la mer d\u2019Aral se trouve une ville appel\u00e9e Muynak, fond\u00e9e en 1963 ; cette ville abritait la principale usine de conserverie de poisson. La population est de 13 000 habitants. Il y avait autrefois un grand port, qui est aujourd\u2019hui un grand \u00ab cimeti\u00e8re \u00bb de navires de l\u2019\u00e9poque, utilis\u00e9s durant la p\u00e9riode de prosp\u00e9rit\u00e9.<\/p>\n<h3><strong>Plateau d\u2019Oustyurt<\/strong><\/h3>\n<p><img loading=\"lazy\" decoding=\"async\" class=\"alignnone size-full wp-image-2310\" src=\"https:\/\/sitex.uz\/travel\/wp-content\/uploads\/2026\/01\/8-2.webp\" alt=\"\" width=\"1190\" height=\"665\" srcset=\"https:\/\/sitex.uz\/travel\/wp-content\/uploads\/2026\/01\/8-2.webp 1190w, https:\/\/sitex.uz\/travel\/wp-content\/uploads\/2026\/01\/8-2-300x168.webp 300w, https:\/\/sitex.uz\/travel\/wp-content\/uploads\/2026\/01\/8-2-1024x572.webp 1024w\" sizes=\"auto, (max-width: 1190px) 100vw, 1190px\" \/>Le plateau d\u2019Oustyurt poss\u00e8de de magnifiques gorges. Le monde naturel surprend par le grand nombre d\u2019oiseaux, comme les aigles et les griffons, ainsi que par les antilopes sa\u00efgas et les chevaux sauvages. Les principales curiosit\u00e9s du plateau d\u2019Oustyurt sont ses habitats troglodytiques et leurs artefacts riches et pr\u00e9cieux. Leur \u00e2ge d\u00e9passe 1 200 ans. En 1951, des g\u00e9ographes ont trouv\u00e9 des objets en c\u00e9ramique dat\u00e9s des XIIe\u2013XIIIe si\u00e8cles. Lors de l\u2019\u00e9tude de ces grottes, des arch\u00e9ologues travaillant dans plusieurs cavit\u00e9s ont d\u00e9couvert un bateau et un dessin sur la paroi. Le plateau d\u2019Oustyurt est un lieu merveilleux pour les voyageurs qui aiment les safaris, la nature et l\u2019\u00e9cotourisme. C\u2019est un r\u00eave pour les voyages photo.<\/p>\n<h3><strong>Nukus<\/strong><\/h3>\n<p><img loading=\"lazy\" decoding=\"async\" class=\"alignnone size-full wp-image-2311\" src=\"https:\/\/sitex.uz\/travel\/wp-content\/uploads\/2026\/01\/9-1.webp\" alt=\"\" width=\"1190\" height=\"665\" srcset=\"https:\/\/sitex.uz\/travel\/wp-content\/uploads\/2026\/01\/9-1.webp 1190w, https:\/\/sitex.uz\/travel\/wp-content\/uploads\/2026\/01\/9-1-300x168.webp 300w, https:\/\/sitex.uz\/travel\/wp-content\/uploads\/2026\/01\/9-1-1024x572.webp 1024w\" sizes=\"auto, (max-width: 1190px) 100vw, 1190px\" \/>La capitale de la R\u00e9publique autonome du Karakalpakstan est apparue au XIXe si\u00e8cle comme un petit village et a \u00e9t\u00e9 fond\u00e9e en tant que ville en 1932. Au fil des ann\u00e9es, Nukus s\u2019est agrandie pour devenir une ville. Le nom \u00ab Nukus \u00bb signifie \u00ab neuf fils \u00bb. Selon la tradition, le souverain du Khorezm se serait mis en col\u00e8re contre ses neuf \u00e9pouses et les aurait exil\u00e9es vers le territoire de l\u2019actuelle Nukus, en leur ordonnant de ne jamais revenir. Les neuf \u00e9pouses \u00e9pous\u00e8rent diff\u00e9rents artisans et donn\u00e8rent naissance \u00e0 neuf fils, dont le nombre donna son nom \u00e0 la ville : Nukus signifie \u00ab Neuf fils \u00bb. La tradition dit que le peuple karakalpak a ses racines dans les neuf fils d\u2019un khan, et que les Karakalpaks descendent des neuf \u00e9pouses du khan. La population du Karakalpakstan actuel est de 1 817 500.<\/p>\n<h3><strong>Mus\u00e9e Igor Savitsky<\/strong><\/h3>\n<p>Une attraction tr\u00e8s c\u00e9l\u00e8bre pour les touristes est le mus\u00e9e portant le nom d\u2019Igor Savitsky, consid\u00e9r\u00e9 comme le \u00ab Louvre du d\u00e9sert \u00bb et le \u00ab Miracle du d\u00e9sert \u00bb, fond\u00e9 en 1966. Le mus\u00e9e compte plus de 280 pi\u00e8ces. Igor Savitsky, fondateur du mus\u00e9e, \u00e9tait un arch\u00e9ologue russe renomm\u00e9 et un grand amateur de l\u2019Asie centrale. Dans ce mus\u00e9e, on peut trouver des objets de culture mat\u00e9rielle et l\u2019art de l\u2019ancien Khorezm, ainsi que l\u2019art appliqu\u00e9 des Karakalpaks. Les touristes amateurs d\u2019art peuvent admirer des chefs-d\u2019\u0153uvre de l\u2019avant-garde russe. En outre, ce mus\u00e9e poss\u00e8de la meilleure et la plus riche collection d\u2019\u0153uvres d\u2019art d\u2019Asie centrale. On peut y d\u00e9couvrir des trouvailles arch\u00e9ologiques, des objets de l\u2019\u00e9poque de l\u2019ancien Khorezm \u2014 patrie de la religion zoroastrienne et de son livre sacr\u00e9 \u00ab Avesta \u00bb \u2014, des figurines uniques en terre cuite de la d\u00e9esse zoroastrienne de la f\u00e9condit\u00e9 \u00ab Anahita \u00bb. Ossuaires \u2014 r\u00e9cipients pour les os.<\/p>\n<\/div><\/div><\/div><\/div><\/div><div class=\"vc_col-sm-4 wpb_column vc_column_container\"><div class=\"vc_column-inner\"><div class=\"wpb_wrapper\">[vc_wp_custommenu title=&#8221;Villes d&#8217;Ouzb\u00e9kistan&#8221; nav_menu=&#8221;582&#8243;]<\/div><\/div><\/div><\/div><\/div><\/section>\n","protected":false},"excerpt":{"rendered":"Karakalpakstan R\u00e9publique autonome du Karakalpakstan Le territoire de la r\u00e9publique est de 164 900 km2 et la population est de 1 817 500 habitants. La R\u00e9publique autonome du Karakalpakstan se situe au nord-ouest de l\u2019Ouzb\u00e9kistan et poss\u00e8de sa propre constitution. La constitution a \u00e9t\u00e9 r\u00e9dig\u00e9e pour la premi\u00e8re fois en 1936. La r\u00e9publique poss\u00e8de ses...","protected":false},"author":1,"featured_media":2309,"parent":1365,"menu_order":3,"comment_status":"closed","ping_status":"closed","template":"","meta":{"_acf_changed":false,"footnotes":""},"class_list":["post-2316","page","type-page","status-publish","has-post-thumbnail","hentry"],"acf":[],"lang":"fr","translations":{"fr":2316,"de":2301,"en":2299,"ru":2314,"es":2318,"it":2320},"pll_sync_post":[],"_links":{"self":[{"href":"https:\/\/sitex.uz\/travel\/wp-json\/wp\/v2\/pages\/2316","targetHints":{"allow":["GET"]}}],"collection":[{"href":"https:\/\/sitex.uz\/travel\/wp-json\/wp\/v2\/pages"}],"about":[{"href":"https:\/\/sitex.uz\/travel\/wp-json\/wp\/v2\/types\/page"}],"author":[{"embeddable":true,"href":"https:\/\/sitex.uz\/travel\/wp-json\/wp\/v2\/users\/1"}],"replies":[{"embeddable":true,"href":"https:\/\/sitex.uz\/travel\/wp-json\/wp\/v2\/comments?post=2316"}],"version-history":[{"count":2,"href":"https:\/\/sitex.uz\/travel\/wp-json\/wp\/v2\/pages\/2316\/revisions"}],"predecessor-version":[{"id":2423,"href":"https:\/\/sitex.uz\/travel\/wp-json\/wp\/v2\/pages\/2316\/revisions\/2423"}],"up":[{"embeddable":true,"href":"https:\/\/sitex.uz\/travel\/wp-json\/wp\/v2\/pages\/1365"}],"wp:featuredmedia":[{"embeddable":true,"href":"https:\/\/sitex.uz\/travel\/wp-json\/wp\/v2\/media\/2309"}],"wp:attachment":[{"href":"https:\/\/sitex.uz\/travel\/wp-json\/wp\/v2\/media?parent=2316"}],"curies":[{"name":"wp","href":"https:\/\/api.w.org\/{rel}","templated":true}]}}