{"id":2301,"date":"2026-01-03T13:13:32","date_gmt":"2026-01-03T13:13:32","guid":{"rendered":"https:\/\/sitex.uz\/travel\/?page_id=2301"},"modified":"2026-01-04T06:22:30","modified_gmt":"2026-01-04T06:22:30","slug":"karakalpakstan","status":"publish","type":"page","link":"https:\/\/sitex.uz\/travel\/de\/usbekistan\/karakalpakstan\/","title":{"rendered":"Karakalpakstan"},"content":{"rendered":"<section class=\"l-section wpb_row us_custom_14417885 height_medium with_img\"><div class=\"l-section-img\" role=\"img\" aria-label=\"Image\" data-img-width=\"1190\" data-img-height=\"665\" style=\"background-image: url(https:\/\/sitex.uz\/travel\/wp-content\/uploads\/2026\/01\/1-3.webp);background-repeat: no-repeat;\"><\/div><div class=\"l-section-overlay\" style=\"background:rgba(0,0,0,0.26)\"><\/div><div class=\"l-section-h i-cf\"><div class=\"g-cols vc_row via_flex valign_top type_default stacking_default\"><div class=\"vc_col-sm-3 wpb_column vc_column_container\"><div class=\"vc_column-inner\"><div class=\"wpb_wrapper\"><\/div><\/div><\/div><div class=\"vc_col-sm-6 wpb_column vc_column_container\"><div class=\"vc_column-inner\"><div class=\"wpb_wrapper\"><h2 class=\"w-post-elm post_title us_custom_f99046b1 has_text_color entry-title color_link_inherit\">Karakalpakstan<\/h2><\/div><\/div><\/div><div class=\"vc_col-sm-3 wpb_column vc_column_container\"><div class=\"vc_column-inner\"><div class=\"wpb_wrapper\"><\/div><\/div><\/div><\/div><\/div><\/section><section class=\"l-section wpb_row height_medium\"><div class=\"l-section-h i-cf\"><div class=\"g-cols vc_row via_flex valign_top type_default stacking_default\"><div class=\"vc_col-sm-8 wpb_column vc_column_container\"><div class=\"vc_column-inner\"><div class=\"wpb_wrapper\"><div class=\"wpb_text_column us_custom_6df2ad6e has_text_color\"><div class=\"wpb_wrapper\"><h3><strong>Autonome Republik Karakalpakstan<\/strong><\/h3>\n<p>Das Territorium der Republik betr\u00e4gt 164 900 km2, Einwohnerzahl 1 817 500 Menschen. Autonome Republik Karakalpakistan befindet sich im Nordwesten von Usbekistan, hat seine eigene Verfassung. Die Verfassung wurde erst 1936 geschrieben. Der Republik besitzt nationale Wappen, Fahne und National Hymne. Der Republik Karakalpakstan wurde im Jahre 1924 von der Sowjetunion als unabh\u00e4ngige automatische sozialistische Republik Karakalpakstan anerkannt. und der Republik Karakalpakstan hat seit 1936 eine eigene Verfassung. Die Einwohner sind haupts\u00e4chliche Turksprachen Gruppe und sprechen auf karakalpakische Sprache, Gem\u00e4\u00df die Religion sind sie sunnitische Muslimen. Das Territorium von Karakalpakistan im Nordwesten bedeckt mit Kizilkumw\u00fcste, im S\u00fcdosten Ustyurt Plateau und Delta Amudarja. S\u00fcdliche Teil des Aralsees befindet sich das Territorium von Karakalpakistan. Es gibt auch einige Bergr\u00fccken. Allergr\u00f6\u00dfte von denen ist Bergr\u00fccken \u201eSultan Uvays\u201c.<\/p>\n<h3><strong>Mizdakkhan<\/strong><strong><br \/>\n<\/strong><\/h3>\n<p><img loading=\"lazy\" decoding=\"async\" class=\"alignnone size-full wp-image-2302\" src=\"https:\/\/sitex.uz\/travel\/wp-content\/uploads\/2026\/01\/2-4.webp\" alt=\"\" width=\"1190\" height=\"665\" srcset=\"https:\/\/sitex.uz\/travel\/wp-content\/uploads\/2026\/01\/2-4.webp 1190w, https:\/\/sitex.uz\/travel\/wp-content\/uploads\/2026\/01\/2-4-300x168.webp 300w, https:\/\/sitex.uz\/travel\/wp-content\/uploads\/2026\/01\/2-4-1024x572.webp 1024w\" sizes=\"auto, (max-width: 1190px) 100vw, 1190px\" \/>Das ist eine das beeindruckende Mausoleum. Die einheimische sagen, dass das Grab von erstem Menschen \u201eADAM\u201c sich hier befindet. Es gibt Meinungen, dass es \u00fcber dem Grab von \u201eADAM\u201c eine Anlage unter dem Namen \u201eDie Uhr der Apokalypse\u201c gibt. Jedes Jahr die Ziegelsteine des Geb\u00e4udes fallen runter, nach der Sage nach, wenn der letzte Ziegelstein f\u00e4llt, G\u00f6tterd\u00e4mmerung passiert und deswegen die Pilgernde stellen die Ziegelsteine wieder hin, dass der Gott sie h\u00f6rt und rettet. Das Nekropole, wo die Reisende Baukunst von verschiedenem Zeitraum genie\u00dfen k\u00f6nnen.<br \/>\nNicht weit von Mizdakkhan befindet sich die Ruinen von \u201eGyavur Kala\u201c Festung. \u201eGyavur Kala\u201c ist eine Vorislamische Festung, sogar der Name \u201eGyavur\u201c auf Arabisch \u201eKafir\u201c (Ungl\u00e4ubige) \u201eFestung der Ungl\u00e4ubige\u201c bedeutet.<\/p>\n<h3><strong>Ayaz Kala<br \/>\n<\/strong><\/h3>\n<p><img loading=\"lazy\" decoding=\"async\" class=\"alignnone size-full wp-image-2303\" src=\"https:\/\/sitex.uz\/travel\/wp-content\/uploads\/2026\/01\/3-4.webp\" alt=\"\" width=\"1190\" height=\"665\" srcset=\"https:\/\/sitex.uz\/travel\/wp-content\/uploads\/2026\/01\/3-4.webp 1190w, https:\/\/sitex.uz\/travel\/wp-content\/uploads\/2026\/01\/3-4-300x168.webp 300w, https:\/\/sitex.uz\/travel\/wp-content\/uploads\/2026\/01\/3-4-1024x572.webp 1024w\" sizes=\"auto, (max-width: 1190px) 100vw, 1190px\" \/>Ayaz Kala ist eine der Hauptfestung zwischen altert\u00fcmliche Festung von Chorezm in der vorislamischen Periode. Der Name Ayaz Kala bedeutet \u201eDie Festung der Wind\u201c. Die Historiker meinen, dass diese Festung auf dem Steinh\u00fcgel in IV Jh. gebaut wurde. Der Bau der Festung geh\u00f6rt zu der Zeit, als zoroastrische Traditionen eine der Hauptgeistlich von Einheimischen gewesen waren. Die Arch\u00e4ologen hatten erstaunliche Grabst\u00e4tte mit altert\u00fcmlichen Ritualen von Feueranbietern gefunden. Gereinigt mit Sonne und mit Raubv\u00f6geln des menschlichen Skeletts, der in dem keramischen Gef\u00e4\u00df (Ossuarien) hingesetzt wurden. Neben dem Hauptteil Ayaz Kala befindet sich noch ein Geb\u00e4ude, das auch sp\u00e4ter auf dem H\u00fcgel gebaut wurde. Zurzeit gibt es Jurten f\u00fcr die Reisende, die in der W\u00fcste in dem Nomadenzelt die Nacht verbringen k\u00f6nnen.<\/p>\n<h3><strong>Tuprok Kala<\/strong><\/h3>\n<p><img loading=\"lazy\" decoding=\"async\" class=\"alignnone size-full wp-image-2304\" src=\"https:\/\/sitex.uz\/travel\/wp-content\/uploads\/2026\/01\/4-4.webp\" alt=\"\" width=\"1190\" height=\"665\" srcset=\"https:\/\/sitex.uz\/travel\/wp-content\/uploads\/2026\/01\/4-4.webp 1190w, https:\/\/sitex.uz\/travel\/wp-content\/uploads\/2026\/01\/4-4-300x168.webp 300w, https:\/\/sitex.uz\/travel\/wp-content\/uploads\/2026\/01\/4-4-1024x572.webp 1024w\" sizes=\"auto, (max-width: 1190px) 100vw, 1190px\" \/>Tuprok Kala war die Hauptstadt von altert\u00fcmlichen Chorezmreich. Der Name bedeutet \u201eLehmfestung\u201c. Es wurde in I-IV jh und wurde f\u00fcr die Residenzstadt von Afrigitendynastie benutzt. Die Arch\u00e4ologen meinen, dass diese Festung das Zentrum f\u00fcr die religi\u00f6se Ritualen auch diente und hier wurde zoroastrische Tempel errichtet. Sie haben die Ruinen von Festung mit 150 S\u00e4len, die gestaltete mit beeindruckenden Elementen mit Wandmalerei gefunden. W\u00e4hrend der Ausgrabung wurde sehr interessante Registratur Chorezm gefunden. Diese wichtige historische Quelle dient f\u00fcr die Forschung, Geschichte und Kultur der Menschen, die in Zentralasien in diesem Zeitraum lebten.<\/p>\n<h3><strong>Janbas Kala<\/strong><\/h3>\n<p><img loading=\"lazy\" decoding=\"async\" class=\"alignnone size-full wp-image-2305\" src=\"https:\/\/sitex.uz\/travel\/wp-content\/uploads\/2026\/01\/5-4.webp\" alt=\"\" width=\"1190\" height=\"665\" srcset=\"https:\/\/sitex.uz\/travel\/wp-content\/uploads\/2026\/01\/5-4.webp 1190w, https:\/\/sitex.uz\/travel\/wp-content\/uploads\/2026\/01\/5-4-300x168.webp 300w, https:\/\/sitex.uz\/travel\/wp-content\/uploads\/2026\/01\/5-4-1024x572.webp 1024w\" sizes=\"auto, (max-width: 1190px) 100vw, 1190px\" \/>Diese Festung \u00fcbersetzt wie \u201eGeneigte Festung\u201c, wurde in IV Jh. gebaut. Janbas Kala sieht nicht wie die anderen Festungen aus und ihren Hauptunterschied von anderen altert\u00fcmlichen St\u00e4dten sind die Abwesenheit der T\u00fcrme und Minaretten, die integrierender Elementen Chorezmischen Architektur damalige Zeitraum waren. Die Festung hat rechteckige Form mit Gro\u00dfe 200&#215;170 m. Die H\u00f6he der W\u00e4nde erreicht bis 10 m, in manchen Teilen erreicht sogar bis 20m, zwischen \u00c4u\u00dfere und Innere W\u00e4nden gibt es 3m Breite G\u00e4nge. Die Festung ist gut erhalten geblieben, vergleich andere Geb\u00e4ude, weil die Festung mit D\u00fcne bedeckt wurde.<\/p>\n<h3><strong>Komplex Sultan Uvays Korani<\/strong><\/h3>\n<p><img loading=\"lazy\" decoding=\"async\" class=\"alignnone size-full wp-image-2306\" src=\"https:\/\/sitex.uz\/travel\/wp-content\/uploads\/2026\/01\/6-4.webp\" alt=\"\" width=\"1190\" height=\"665\" srcset=\"https:\/\/sitex.uz\/travel\/wp-content\/uploads\/2026\/01\/6-4.webp 1190w, https:\/\/sitex.uz\/travel\/wp-content\/uploads\/2026\/01\/6-4-300x168.webp 300w, https:\/\/sitex.uz\/travel\/wp-content\/uploads\/2026\/01\/6-4-1024x572.webp 1024w\" sizes=\"auto, (max-width: 1190px) 100vw, 1190px\" \/>Xazrat Uvays ibn Omar al Korani war eine der Nachfolger von Prophet Muhammed. Er war bekannt in zentralasiatischen Raum wie Uvays Bobo oder Sultan Bobo. Er wurde im Jahre 625 in kleines Dorf unter dem Namen KARAYN im der heutige Territorium Jemen geboren. Er ist im Krieg in Sifri gegen Muaviya umgekommen, als er 32 Jahre alt war. Er wurde in Syrien begraben. Sein symbolisches Grab befindet sich in Karakalpakistan. Der Bauperiode ist unbekannt, ringsherum von Grab gibt es ein Geb\u00e4ude, das aus dem XVII-XIX. Jh. datiert. Nicht weit von Mausoleum Uvays Korani gibt es ein Mausoleum unter dem Namen \u201eChinor Bobo\u201c, der der Friseur von Prophet Muhammed gewesen sei. Heutzutage ist das eine der wichtigsten Pilgerort f\u00fcr Einheimischen.<\/p>\n<h3><strong>Chilpak Kala<\/strong><\/h3>\n<p><img loading=\"lazy\" decoding=\"async\" class=\"alignnone size-full wp-image-2307\" src=\"https:\/\/sitex.uz\/travel\/wp-content\/uploads\/2026\/01\/7-3.webp\" alt=\"\" width=\"1190\" height=\"665\" srcset=\"https:\/\/sitex.uz\/travel\/wp-content\/uploads\/2026\/01\/7-3.webp 1190w, https:\/\/sitex.uz\/travel\/wp-content\/uploads\/2026\/01\/7-3-300x168.webp 300w, https:\/\/sitex.uz\/travel\/wp-content\/uploads\/2026\/01\/7-3-1024x572.webp 1024w\" sizes=\"auto, (max-width: 1190px) 100vw, 1190px\" \/>Dieses bauk\u00fcnstlerische Denkmal war religi\u00f6se zoroastrische Zentrum von altert\u00fcmlichen Chorezm. Der Name \u201eChilpik Kala\u201c bedeutet \u201eDie Festung der Ruhe\u201c. Nach der Legende nach, die Festung wurde von Deva Gadji Feinde von Axuramazda gebaut, der ewige Kampf gegen Licht fuhr (f\u00fchren). Kreisf\u00f6rmige Turm mit h\u00f6hen W\u00e4nden \u00fcber dem Sandh\u00fcgel \u00fcberrascht mit seiner Gr\u00f6\u00dfe. Die Festung wurde f\u00fcr zoroastrische Friedhof benutzt, wo die Leute die Leiche von verstorbenen gebracht haben, um von V\u00f6geln und Tieren zu fressen, weil man nicht beerdigen und ein\u00e4schern d\u00fcrfte.<\/p>\n<h3><strong>Aralsee \u2013 Muynak<\/strong><\/h3>\n<p><img loading=\"lazy\" decoding=\"async\" class=\"alignnone wp-image-2309 size-full\" src=\"https:\/\/sitex.uz\/travel\/wp-content\/uploads\/2026\/01\/1-3.webp\" alt=\"\" width=\"1190\" height=\"665\" srcset=\"https:\/\/sitex.uz\/travel\/wp-content\/uploads\/2026\/01\/1-3.webp 1190w, https:\/\/sitex.uz\/travel\/wp-content\/uploads\/2026\/01\/1-3-300x168.webp 300w, https:\/\/sitex.uz\/travel\/wp-content\/uploads\/2026\/01\/1-3-1024x572.webp 1024w\" sizes=\"auto, (max-width: 1190px) 100vw, 1190px\" \/>Irgendwann dieser See war gr\u00f6\u00dfte Staubecken in Zentralasiens, umfassende das Territorium von Kasachstan und Usbekistan, au\u00dferdem viert gro\u00dfe See in der Welt. Heute ist es fast ausgetrocknet, er ist auf zwei See geteilt: S\u00fcd und Nord Teile. Diese Katastrophe ist im Jahre 1960 begonnen. Hier hatte 34 Fischsorte bewohnt und im Territorium Karakalpakstan waren 5 Fischwerken und 1 Fischkonservenwerk. F\u00fcr Liebhabers von ungew\u00f6hnlichen Reisen kann das lokale Reiseb\u00fcro eine Reise nach Aralsee organisieren, wo die Reisende die Nacht im Zelt verbringen k\u00f6nnen.<br \/>\nUnterwegs nach Aralsee befindet sich eine Stadt unter dem Namen Muynak, gegr\u00fcndet im Jahre 1963, in diese Stadt war wichtigste Fabrik f\u00fcr Fischkonserven. Einwohnerzahl sind 13000. Dort war gro\u00dfe Hafen, der heutzutage gro\u00dfe Friedhof von Schiffe von damals ist, die w\u00e4hrend der bl\u00fchte Zeit benutzt wurden.<\/p>\n<h3><strong>Ustyurt Plateau<\/strong><\/h3>\n<p><img loading=\"lazy\" decoding=\"async\" class=\"alignnone size-full wp-image-2310\" src=\"https:\/\/sitex.uz\/travel\/wp-content\/uploads\/2026\/01\/8-2.webp\" alt=\"\" width=\"1190\" height=\"665\" srcset=\"https:\/\/sitex.uz\/travel\/wp-content\/uploads\/2026\/01\/8-2.webp 1190w, https:\/\/sitex.uz\/travel\/wp-content\/uploads\/2026\/01\/8-2-300x168.webp 300w, https:\/\/sitex.uz\/travel\/wp-content\/uploads\/2026\/01\/8-2-1024x572.webp 1024w\" sizes=\"auto, (max-width: 1190px) 100vw, 1190px\" \/>Ustyurt Plateau hat wundersch\u00f6nen Schlucht. Die Naturwelt \u00fcberrascht mit gro\u00dfer Anzahl von V\u00f6geln, wie Adler und Greifen, Springantilope und Wildpferde. Hauptsehensw\u00fcrdigkeiten von Ustyurt Plateau sind mit seinen reichen wertvollen Artefakten von H\u00f6hlenwohnst\u00e4tte. Ihre Alter sind mehr als 1200 Jahre. Im Jahre 1951 die Geographen haben keramische Erzeugnis gefunden datiert aus dem XII-XIII Jh. W\u00e4hrend der Untersuchung dieser H\u00f6hlen die Arch\u00e4ologen, die in mehreren H\u00f6hlen arbeiten, haben ein Schiff und Bild auf der Wand (an der Wand) gefunden. Ustyurt Plateau ist der wundersch\u00f6ne Ort f\u00fcr die Reisende, die Safari, Natur, Ekoreise lieben. Dieser Ort ist ein Traum f\u00fcr Photoreise.<\/p>\n<h3><strong>Nukus<\/strong><\/h3>\n<p><img loading=\"lazy\" decoding=\"async\" class=\"alignnone size-full wp-image-2311\" src=\"https:\/\/sitex.uz\/travel\/wp-content\/uploads\/2026\/01\/9-1.webp\" alt=\"\" width=\"1190\" height=\"665\" srcset=\"https:\/\/sitex.uz\/travel\/wp-content\/uploads\/2026\/01\/9-1.webp 1190w, https:\/\/sitex.uz\/travel\/wp-content\/uploads\/2026\/01\/9-1-300x168.webp 300w, https:\/\/sitex.uz\/travel\/wp-content\/uploads\/2026\/01\/9-1-1024x572.webp 1024w\" sizes=\"auto, (max-width: 1190px) 100vw, 1190px\" \/>Die Hauptstadt von Autonome Republik Karakalpakistan wurde in XIX Jh. in einem kleinen Dorf 1932 gegr\u00fcndet. Nukus hat sich durch die Jahre als eine Stadt erweitert. Name \u201eNukus\u201c bedeutet (9 S\u00f6hne), laut \u00dcberlieferung, der Herrscher von Chorezm wurde sehr b\u00f6se von seiner 9 Ehefrauen und verbannte sie mit dem Befehl auf nicht wieder R\u00fcckkehr das heutige Territorium von Nukus, seine 9 Ehrfrauen haben unterschiedlichen H\u00e4ndlern geheiratet. Und hatten 9 S\u00f6hne geboren, die die Stadt Name tr\u00e4gt, Nukus bedeutet Neun S\u00f6hne. Die \u00dcberlieferung besagt, dass Volk von Karakalpakistan hat seine Wurzel von neun Khan s\u00f6hne. Und Karakalpakische Volk kommt von 9 Ehrfrauen des Khans. Die Einwohnerzahl von heutigen Karakalpakistan betr\u00e4gt 1 817 500.<\/p>\n<h3><strong>Museum von Igor Sawitzki<\/strong><\/h3>\n<p>Sehr ber\u00fchmte Sehensw\u00fcrdigkeit f\u00fcr die Touristen ist Museum unter dem Namen von Igor Savitskoy, das als \u201eLouvre von W\u00fcste \u201c, \u201eWunder der W\u00fcste \u201c gilt, gegr\u00fcndet in 1966. Das Museum hat mehr als 280 Exponaten. Igor Sawitzki, der dieses Museum gegr\u00fcndet hat, war ber\u00fchmte russische Arch\u00e4ologe und Liebhaber von Zentralasien. In diesem Museum kann man die Sachen materiellen Kultur finden und der Kunst von alten Xorezm, angewandte Kunst von Karakalpaken. Die Touristen, die der Kunstliebhaber k\u00f6nnen Meisterwerk Malereischule von russischer Avantgarde genie\u00dfen. Au\u00dferdem dieses Museum hat alle beste und alle reichste Sammlung von Kunstwerk in Zentralasien. Sie k\u00f6nnen f\u00fcr sich arch\u00e4ologischen Funden \u00f6ffnen, Objekten aus dem Zeitraum von alten Xorezm \u2013 die Heimatstadt von zoroastrischer Religion und sein heiliges Buch \u201eAvesto\u201c, einzigartige Terrakotta Statuette von zoroastrischen Fruchtbarkeitsg\u00f6ttin \u201eAnahita\u201c. Ossuarien &#8211; Gef\u00e4\u00df f\u00fcr Knochen.<\/p>\n<\/div><\/div><\/div><\/div><\/div><div class=\"vc_col-sm-4 wpb_column vc_column_container\"><div class=\"vc_column-inner\"><div class=\"wpb_wrapper\">[vc_wp_custommenu title=&#8221;St\u00e4dte Usbekistans&#8221; nav_menu=&#8221;581&#8243;]<\/div><\/div><\/div><\/div><\/div><\/section>\n","protected":false},"excerpt":{"rendered":"Karakalpakstan Autonome Republik Karakalpakstan Das Territorium der Republik betr\u00e4gt 164 900 km2, Einwohnerzahl 1 817 500 Menschen. Autonome Republik Karakalpakistan befindet sich im Nordwesten von Usbekistan, hat seine eigene Verfassung. Die Verfassung wurde erst 1936 geschrieben. Der Republik besitzt nationale Wappen, Fahne und National Hymne. Der Republik Karakalpakstan wurde im Jahre 1924 von der Sowjetunion...","protected":false},"author":1,"featured_media":2309,"parent":1363,"menu_order":3,"comment_status":"closed","ping_status":"closed","template":"","meta":{"_acf_changed":false,"footnotes":""},"class_list":["post-2301","page","type-page","status-publish","has-post-thumbnail","hentry"],"acf":[],"lang":"de","translations":{"de":2301,"en":2299,"ru":2314,"fr":2316,"es":2318,"it":2320},"pll_sync_post":[],"_links":{"self":[{"href":"https:\/\/sitex.uz\/travel\/wp-json\/wp\/v2\/pages\/2301","targetHints":{"allow":["GET"]}}],"collection":[{"href":"https:\/\/sitex.uz\/travel\/wp-json\/wp\/v2\/pages"}],"about":[{"href":"https:\/\/sitex.uz\/travel\/wp-json\/wp\/v2\/types\/page"}],"author":[{"embeddable":true,"href":"https:\/\/sitex.uz\/travel\/wp-json\/wp\/v2\/users\/1"}],"replies":[{"embeddable":true,"href":"https:\/\/sitex.uz\/travel\/wp-json\/wp\/v2\/comments?post=2301"}],"version-history":[{"count":2,"href":"https:\/\/sitex.uz\/travel\/wp-json\/wp\/v2\/pages\/2301\/revisions"}],"predecessor-version":[{"id":2421,"href":"https:\/\/sitex.uz\/travel\/wp-json\/wp\/v2\/pages\/2301\/revisions\/2421"}],"up":[{"embeddable":true,"href":"https:\/\/sitex.uz\/travel\/wp-json\/wp\/v2\/pages\/1363"}],"wp:featuredmedia":[{"embeddable":true,"href":"https:\/\/sitex.uz\/travel\/wp-json\/wp\/v2\/media\/2309"}],"wp:attachment":[{"href":"https:\/\/sitex.uz\/travel\/wp-json\/wp\/v2\/media?parent=2301"}],"curies":[{"name":"wp","href":"https:\/\/api.w.org\/{rel}","templated":true}]}}