{"id":2296,"date":"2026-01-03T12:07:25","date_gmt":"2026-01-03T12:07:25","guid":{"rendered":"https:\/\/sitex.uz\/travel\/?page_id=2296"},"modified":"2026-01-04T06:21:34","modified_gmt":"2026-01-04T06:21:34","slug":"termez","status":"publish","type":"page","link":"https:\/\/sitex.uz\/travel\/it\/uzbekistan\/termez\/","title":{"rendered":"Termez"},"content":{"rendered":"<section class=\"l-section wpb_row us_custom_14417885 height_medium with_img\"><div class=\"l-section-img\" role=\"img\" aria-label=\"Image\" data-img-width=\"1530\" data-img-height=\"855\" style=\"background-image: url(https:\/\/sitex.uz\/travel\/wp-content\/uploads\/2026\/01\/Untitled-design-2.jpg);background-repeat: no-repeat;\"><\/div><div class=\"l-section-overlay\" style=\"background:rgba(0,0,0,0.26)\"><\/div><div class=\"l-section-h i-cf\"><div class=\"g-cols vc_row via_flex valign_top type_default stacking_default\"><div class=\"vc_col-sm-3 wpb_column vc_column_container\"><div class=\"vc_column-inner\"><div class=\"wpb_wrapper\"><\/div><\/div><\/div><div class=\"vc_col-sm-6 wpb_column vc_column_container\"><div class=\"vc_column-inner\"><div class=\"wpb_wrapper\"><h2 class=\"w-post-elm post_title us_custom_f99046b1 has_text_color entry-title color_link_inherit\">Termez<\/h2><\/div><\/div><\/div><div class=\"vc_col-sm-3 wpb_column vc_column_container\"><div class=\"vc_column-inner\"><div class=\"wpb_wrapper\"><\/div><\/div><\/div><\/div><\/div><\/section><section class=\"l-section wpb_row height_medium\"><div class=\"l-section-h i-cf\"><div class=\"g-cols vc_row via_flex valign_top type_default stacking_default\"><div class=\"vc_col-sm-8 wpb_column vc_column_container\"><div class=\"vc_column-inner\"><div class=\"wpb_wrapper\"><div class=\"wpb_text_column us_custom_6df2ad6e has_text_color\"><div class=\"wpb_wrapper\"><p>Termez \u00e8 una delle citt\u00e0 pi\u00f9 antiche dell\u2019Asia centrale e ha avuto un ruolo importante nella formazione dell\u2019antica civilt\u00e0 dell\u2019Oriente. Secondo i risultati delle ricerche archeologiche e le fonti scritte, fu fondata nel V secolo a.C. Dal III secolo, Termez \u00e8 considerata un centro politico, economico e culturale molto sviluppato della Battriana. Termez svolse un ruolo fondamentale come ponte per lo sviluppo e la diffusione del buddismo verso l\u2019Oriente: Cina, Tibet e Giappone. L\u2019et\u00e0 d\u2019oro e il periodo pi\u00f9 prospero per Termez furono durante il regno dell\u2019Impero kushan. La citt\u00e0 di Termez si trova a 310 m sul livello del mare. La popolazione \u00e8 di circa 130.000 abitanti.<\/p>\n<h3><strong>Complesso Sultan Saodat<\/strong><\/h3>\n<p><img loading=\"lazy\" decoding=\"async\" class=\"alignnone size-full wp-image-2282\" src=\"https:\/\/sitex.uz\/travel\/wp-content\/uploads\/2026\/01\/2-3.webp\" alt=\"\" width=\"1190\" height=\"665\" srcset=\"https:\/\/sitex.uz\/travel\/wp-content\/uploads\/2026\/01\/2-3.webp 1190w, https:\/\/sitex.uz\/travel\/wp-content\/uploads\/2026\/01\/2-3-300x168.webp 300w, https:\/\/sitex.uz\/travel\/wp-content\/uploads\/2026\/01\/2-3-1024x572.webp 1024w\" sizes=\"auto, (max-width: 1190px) 100vw, 1190px\" \/>Sultan Saodat, il \u201cDominio dei sayyid\u201d, \u00e8 un complesso commemorativo sacro formato dal XII al XVII secolo attorno alle cripte dei sayyid di Termez. I sayyid sono i discendenti del profeta Muhammad. Il complesso copre un\u2019area di 4 ettari ed \u00e8 composto da 143 monumenti. Il primo mausoleo risale all\u2019XI secolo e appartiene al fondatore dei sayyid di Termez, Hasan al-Emir. L\u2019ultima costruzione \u2014 il portale d\u2019ingresso che chiude la facciata orientale \u2014 fu realizzata tra il XVII e il XVIII secolo.<\/p>\n<h3><strong>Fortezza di Kirk-Kiz<\/strong><\/h3>\n<p><img loading=\"lazy\" decoding=\"async\" class=\"alignnone size-full wp-image-2283\" src=\"https:\/\/sitex.uz\/travel\/wp-content\/uploads\/2026\/01\/3-3.webp\" alt=\"\" width=\"1190\" height=\"665\" srcset=\"https:\/\/sitex.uz\/travel\/wp-content\/uploads\/2026\/01\/3-3.webp 1190w, https:\/\/sitex.uz\/travel\/wp-content\/uploads\/2026\/01\/3-3-300x168.webp 300w, https:\/\/sitex.uz\/travel\/wp-content\/uploads\/2026\/01\/3-3-1024x572.webp 1024w\" sizes=\"auto, (max-width: 1190px) 100vw, 1190px\" \/>Il palazzo dei governanti di Termez, il cui nome Kirk-Kiz significa \u201cQuaranta fanciulle\u201d. La sua storia \u00e8 strettamente legata alla leggenda di una fanciulla amazzone che un tempo avrebbe vissuto in questa fortezza. Kirk-Kiz si trova fuori dall\u2019antica Termez, in una zona chiamata Shahri-Saman, collegata alla dinastia samanide. \u00c8 un fatto che i Samanidi furono i proprietari di questo palazzo Kirk-Kiz. Probabilmente era la residenza estiva dello Stato samanide. L\u2019edificio ha una pianta quadrata (54 \u00d7 54 m) con circa 50 ambienti. Kirk-Kiz \u00e8 una sorta di edificio-museo e un esperimento architettonico dell\u2019Asia centrale medievale.<\/p>\n<h3><strong>Complesso di Khakim at Termiziy<\/strong><strong><br \/>\n<\/strong><\/h3>\n<p><img loading=\"lazy\" decoding=\"async\" class=\"alignnone size-full wp-image-2284\" src=\"https:\/\/sitex.uz\/travel\/wp-content\/uploads\/2026\/01\/4-3.webp\" alt=\"\" width=\"1190\" height=\"665\" srcset=\"https:\/\/sitex.uz\/travel\/wp-content\/uploads\/2026\/01\/4-3.webp 1190w, https:\/\/sitex.uz\/travel\/wp-content\/uploads\/2026\/01\/4-3-300x168.webp 300w, https:\/\/sitex.uz\/travel\/wp-content\/uploads\/2026\/01\/4-3-1024x572.webp 1024w\" sizes=\"auto, (max-width: 1190px) 100vw, 1190px\" \/>Il complesso architettonico di Khakim at Termiziy si trova sul territorio dell\u2019antica Termez, non lontano dalla kala (fortezza), ed \u00e8 stato formato nel corso di molti secoli attorno alla tomba di Khakim at Termiziy. Fu un famoso asceta islamico e maestro sufi, vissuto nel IX secolo, fondatore dell\u2019ordine sufi \u201cHakimi\u201d. Gli abitanti lo chiamano Termez Ata (il Padre di Termez) e lo venerano come patrono della citt\u00e0. Il suo nome completo \u00e8 Abu Abdullah Muhammad Ali bin Husen al-Khakim Termiziy, che significa \u201cil Saggio di Termez\u201d. Il mausoleo fu costruito nel 1389\u20131390. Alla fine del XIV secolo, dopo la conquista di Temur, la tomba di Khakim at Termiziy fu rivestita di marmo bianco \u2014 un capolavoro dell\u2019arte dell\u2019intaglio della pietra in Asia centrale. All\u2019inizio del XV secolo, durante il regno del nipote di Temur noto come Khalil Sultan, egli ordin\u00f2 la costruzione di una khanqah aggiuntiva per i dervisci.<\/p>\n<h3><strong>Kara Tepa<\/strong><\/h3>\n<p><img loading=\"lazy\" decoding=\"async\" class=\"alignnone size-full wp-image-2285\" src=\"https:\/\/sitex.uz\/travel\/wp-content\/uploads\/2026\/01\/5-3.webp\" alt=\"\" width=\"1190\" height=\"665\" srcset=\"https:\/\/sitex.uz\/travel\/wp-content\/uploads\/2026\/01\/5-3.webp 1190w, https:\/\/sitex.uz\/travel\/wp-content\/uploads\/2026\/01\/5-3-300x168.webp 300w, https:\/\/sitex.uz\/travel\/wp-content\/uploads\/2026\/01\/5-3-1024x572.webp 1024w\" sizes=\"auto, (max-width: 1190px) 100vw, 1190px\" \/>Termez fu un ponte per lo sviluppo del buddismo in Asia orientale. I viaggiatori possono trovare qui le rovine di un centro buddhista. Uno di questi si chiama Kara Tepa, che significa \u201cCollina Nera\u201d. Kara Tepa fu utilizzato dai buddhisti come monastero. Gli scavi archeologici mostrano che il monastero fu costruito nel II secolo. Nelle nicchie si trovavano statue del Buddha e dei bodhisattva. Inoltre, gli archeologi hanno rinvenuto frammenti di dipinti con il profilo molto caratteristico di un asceta \u2014 un arhat \u2014 rivolto verso il Buddha.<\/p>\n<h3><strong>Fayaz Tepa<\/strong><strong><br \/>\n<\/strong><\/h3>\n<p><img loading=\"lazy\" decoding=\"async\" class=\"alignnone size-full wp-image-2286\" src=\"https:\/\/sitex.uz\/travel\/wp-content\/uploads\/2026\/01\/6-3.webp\" alt=\"\" width=\"1190\" height=\"665\" srcset=\"https:\/\/sitex.uz\/travel\/wp-content\/uploads\/2026\/01\/6-3.webp 1190w, https:\/\/sitex.uz\/travel\/wp-content\/uploads\/2026\/01\/6-3-300x168.webp 300w, https:\/\/sitex.uz\/travel\/wp-content\/uploads\/2026\/01\/6-3-1024x572.webp 1024w\" sizes=\"auto, (max-width: 1190px) 100vw, 1190px\" \/>Un altro monastero buddhista \u00e8 stato chiamato Fayaz Tepa dagli archeologi. Fu costruito nel II secolo e poi abbandonato inaspettatamente e distrutto nel III secolo. Nel V secolo fu usato come luogo di sepoltura per la dinastia degli Eftaliti. Il monumento appartiene all\u2019Impero kushan ed \u00e8 un bell\u2019esempio di architettura, scultura e pittura murale kushano-battriana. Dopo il declino dell\u2019Impero kushan, il buddismo perse popolarit\u00e0 e il monastero era gi\u00e0 vuoto nel V secolo. Successivamente il luogo fu utilizzato come cimitero. Probabilmente una di queste stanze fu un monastero cristiano.<\/p>\n<h3><strong>Zurmala<\/strong><strong><br \/>\n<\/strong><\/h3>\n<p><img loading=\"lazy\" decoding=\"async\" class=\"alignnone size-full wp-image-2287\" src=\"https:\/\/sitex.uz\/travel\/wp-content\/uploads\/2026\/01\/7-2.webp\" alt=\"\" width=\"1190\" height=\"665\" srcset=\"https:\/\/sitex.uz\/travel\/wp-content\/uploads\/2026\/01\/7-2.webp 1190w, https:\/\/sitex.uz\/travel\/wp-content\/uploads\/2026\/01\/7-2-300x168.webp 300w, https:\/\/sitex.uz\/travel\/wp-content\/uploads\/2026\/01\/7-2-1024x572.webp 1024w\" sizes=\"auto, (max-width: 1190px) 100vw, 1190px\" \/>La stupa di Zurmala era parte di un enorme complesso buddhista, ma nel Medioevo l\u2019area veniva gi\u00e0 utilizzata come campo. Solo l\u2019edificio principale \u2014 l\u2019enorme stupa, privata del suo decoro \u2014 \u00e8 sopravvissuto nei secoli. Oggi \u00e8 una massa quasi informe. Il diametro della stupa \u00e8 di 14,5 m. L\u2019altezza \u00e8 di 16 m. La costruzione di Zurmala appartiene al Grande Impero kushan e la sua scala dimostra l\u2019importanza di questo edificio nell\u2019architettura buddhista di Termez.<\/p>\n<\/div><\/div><\/div><\/div><\/div><div class=\"vc_col-sm-4 wpb_column vc_column_container\"><div class=\"vc_column-inner\"><div class=\"wpb_wrapper\">[vc_wp_custommenu title=&#8221;Citt\u00e0 dell&#8217;Uzbekistan&#8221; nav_menu=&#8221;585&#8243;]<\/div><\/div><\/div><\/div><\/div><\/section>\n","protected":false},"excerpt":{"rendered":"TermezTermez \u00e8 una delle citt\u00e0 pi\u00f9 antiche dell\u2019Asia centrale e ha avuto un ruolo importante nella formazione dell\u2019antica civilt\u00e0 dell\u2019Oriente. Secondo i risultati delle ricerche archeologiche e le fonti scritte, fu fondata nel V secolo a.C. Dal III secolo, Termez \u00e8 considerata un centro politico, economico e culturale molto sviluppato della Battriana. Termez svolse un...","protected":false},"author":1,"featured_media":2298,"parent":1367,"menu_order":13,"comment_status":"closed","ping_status":"closed","template":"","meta":{"_acf_changed":false,"footnotes":""},"class_list":["post-2296","page","type-page","status-publish","has-post-thumbnail","hentry"],"acf":[],"lang":"it","translations":{"it":2296,"de":2281,"en":2278,"ru":2290,"fr":2292,"es":2294},"pll_sync_post":[],"_links":{"self":[{"href":"https:\/\/sitex.uz\/travel\/wp-json\/wp\/v2\/pages\/2296","targetHints":{"allow":["GET"]}}],"collection":[{"href":"https:\/\/sitex.uz\/travel\/wp-json\/wp\/v2\/pages"}],"about":[{"href":"https:\/\/sitex.uz\/travel\/wp-json\/wp\/v2\/types\/page"}],"author":[{"embeddable":true,"href":"https:\/\/sitex.uz\/travel\/wp-json\/wp\/v2\/users\/1"}],"replies":[{"embeddable":true,"href":"https:\/\/sitex.uz\/travel\/wp-json\/wp\/v2\/comments?post=2296"}],"version-history":[{"count":2,"href":"https:\/\/sitex.uz\/travel\/wp-json\/wp\/v2\/pages\/2296\/revisions"}],"predecessor-version":[{"id":2419,"href":"https:\/\/sitex.uz\/travel\/wp-json\/wp\/v2\/pages\/2296\/revisions\/2419"}],"up":[{"embeddable":true,"href":"https:\/\/sitex.uz\/travel\/wp-json\/wp\/v2\/pages\/1367"}],"wp:featuredmedia":[{"embeddable":true,"href":"https:\/\/sitex.uz\/travel\/wp-json\/wp\/v2\/media\/2298"}],"wp:attachment":[{"href":"https:\/\/sitex.uz\/travel\/wp-json\/wp\/v2\/media?parent=2296"}],"curies":[{"name":"wp","href":"https:\/\/api.w.org\/{rel}","templated":true}]}}