{"id":2281,"date":"2026-01-03T12:07:25","date_gmt":"2026-01-03T12:07:25","guid":{"rendered":"https:\/\/sitex.uz\/travel\/?page_id=2281"},"modified":"2026-01-04T06:19:52","modified_gmt":"2026-01-04T06:19:52","slug":"termez","status":"publish","type":"page","link":"https:\/\/sitex.uz\/travel\/de\/usbekistan\/termez\/","title":{"rendered":"Termez"},"content":{"rendered":"<section class=\"l-section wpb_row us_custom_14417885 height_medium with_img\"><div class=\"l-section-img\" role=\"img\" aria-label=\"Image\" data-img-width=\"1530\" data-img-height=\"855\" style=\"background-image: url(https:\/\/sitex.uz\/travel\/wp-content\/uploads\/2026\/01\/Untitled-design-2.jpg);background-repeat: no-repeat;\"><\/div><div class=\"l-section-overlay\" style=\"background:rgba(0,0,0,0.26)\"><\/div><div class=\"l-section-h i-cf\"><div class=\"g-cols vc_row via_flex valign_top type_default stacking_default\"><div class=\"vc_col-sm-3 wpb_column vc_column_container\"><div class=\"vc_column-inner\"><div class=\"wpb_wrapper\"><\/div><\/div><\/div><div class=\"vc_col-sm-6 wpb_column vc_column_container\"><div class=\"vc_column-inner\"><div class=\"wpb_wrapper\"><h2 class=\"w-post-elm post_title us_custom_f99046b1 has_text_color entry-title color_link_inherit\">Termez<\/h2><\/div><\/div><\/div><div class=\"vc_col-sm-3 wpb_column vc_column_container\"><div class=\"vc_column-inner\"><div class=\"wpb_wrapper\"><\/div><\/div><\/div><\/div><\/div><\/section><section class=\"l-section wpb_row height_medium\"><div class=\"l-section-h i-cf\"><div class=\"g-cols vc_row via_flex valign_top type_default stacking_default\"><div class=\"vc_col-sm-8 wpb_column vc_column_container\"><div class=\"vc_column-inner\"><div class=\"wpb_wrapper\"><div class=\"wpb_text_column us_custom_6df2ad6e has_text_color\"><div class=\"wpb_wrapper\"><p>Termez ist eine der \u00e4ltesten St\u00e4dte Zentralasiens und hatte ihr eigener Platz f\u00fcr die Formierung von alter Zivilisation des Ostens. Nach den arch\u00e4ologischen Forschungsergebnissen und schriftlichen Quellen, wurde sie im V Jh. bis unsere Zeitrechnung gegr\u00fcndet. Seit III Jh. gilt Termez vielmehr entwickelte Politik und wirtschaftlich, kulturelle Zentrum Baktrien. Termez spielte wichtigste Rolle als Br\u00fccke f\u00fcr die Entwicklung des Buddhismus im Osten-China, Tibet und Japan. Goldene Zeit und wohlbehaltene Zeitraum f\u00fcr Termez war in der Regierungszeit von Kushanenreich. Die Stadt Termez liegt 310 m \u00fcber dem Meerspiegel. Die Einwohnerzahl sind 130.000<\/p>\n<h3><strong>Komplex Sultan Saodat<\/strong><\/h3>\n<p><img loading=\"lazy\" decoding=\"async\" class=\"alignnone size-full wp-image-2282\" src=\"https:\/\/sitex.uz\/travel\/wp-content\/uploads\/2026\/01\/2-3.webp\" alt=\"\" width=\"1190\" height=\"665\" srcset=\"https:\/\/sitex.uz\/travel\/wp-content\/uploads\/2026\/01\/2-3.webp 1190w, https:\/\/sitex.uz\/travel\/wp-content\/uploads\/2026\/01\/2-3-300x168.webp 300w, https:\/\/sitex.uz\/travel\/wp-content\/uploads\/2026\/01\/2-3-1024x572.webp 1024w\" sizes=\"auto, (max-width: 1190px) 100vw, 1190px\" \/>Sultan Saodat \u201eDominion des Saidens\u201c ist sakrale Gedenkkomplex, gegr\u00fcndet ab XII bis XVII Jh. um die Gruften von Saiden von Termez. Die Saiden sind die Nachkommen von Propheten Muhammed. Der Komplex umfasst 4 Hektar Territorium und besteht aus 143 Denkm\u00e4ler. Erste Mausoleum datiert XI Jh. und geh\u00f6rt zum Begr\u00fcnder Saiden von Termez Khasan al Emir. Letzte Konstruktion von Eingangsportal, das Ostfassade schlie\u00dft (endet), wurde in XVII-XVIII Jh. errichtet.<\/p>\n<h3><strong>Festung Kirk-Kiz<\/strong><\/h3>\n<p><img loading=\"lazy\" decoding=\"async\" class=\"alignnone size-full wp-image-2283\" src=\"https:\/\/sitex.uz\/travel\/wp-content\/uploads\/2026\/01\/3-3.webp\" alt=\"\" width=\"1190\" height=\"665\" srcset=\"https:\/\/sitex.uz\/travel\/wp-content\/uploads\/2026\/01\/3-3.webp 1190w, https:\/\/sitex.uz\/travel\/wp-content\/uploads\/2026\/01\/3-3-300x168.webp 300w, https:\/\/sitex.uz\/travel\/wp-content\/uploads\/2026\/01\/3-3-1024x572.webp 1024w\" sizes=\"auto, (max-width: 1190px) 100vw, 1190px\" \/>Der Palast von Herrschern Termez, der Name Kirk \u2013 Kiz bedeutet \u201e40 Jungfrauen\u201c. Seine Geschichte ist engverbunden mit der Legende \u00fcber Jungfrau Amazonka, die irgendwann in diesem Festung gelebt hatte. Kirk \u2013Kiz befindet sich au\u00dferhalb von alten Termez in einer Gegend unter dem Namen Shahri \u2013 Saman, der engverbunden mit Samaniden Dynastie ist. Es ist Tatsache, dass sie Besitzer von diesem Palast Kirk \u2013Kiz waren. Wahrscheinlich das war Sommerresidenz von Samanidenreich. Sie ist nach dem Plan Quadrat (54&#215;54 m) mit ungef\u00e4hr 50 R\u00e4umlichkeiten. Kirk \u2013 Kiz ist eine Art von Museumbau und Bauexperiment w\u00e4hrend mittelalterlichen Zentralasien.<\/p>\n<h3><strong>Komplex Khakim at Termiziy<\/strong><strong><br \/>\n<\/strong><\/h3>\n<p><img loading=\"lazy\" decoding=\"async\" class=\"alignnone size-full wp-image-2284\" src=\"https:\/\/sitex.uz\/travel\/wp-content\/uploads\/2026\/01\/4-3.webp\" alt=\"\" width=\"1190\" height=\"665\" srcset=\"https:\/\/sitex.uz\/travel\/wp-content\/uploads\/2026\/01\/4-3.webp 1190w, https:\/\/sitex.uz\/travel\/wp-content\/uploads\/2026\/01\/4-3-300x168.webp 300w, https:\/\/sitex.uz\/travel\/wp-content\/uploads\/2026\/01\/4-3-1024x572.webp 1024w\" sizes=\"auto, (max-width: 1190px) 100vw, 1190px\" \/>Architektonische Komplex Khakim at Termiziy befindet sich im Territorium von ehemaligen Termez, nicht weit von Kala (Festung), gegr\u00fcndet w\u00e4hrend der viele Jahrhunderten ringsherum von Grab Khakim at Termiziy. Er war ber\u00fchmte islamische Asketen Sufi Meister, lebte im IX Jh. Begr\u00fcnder Sufi Ordens \u201eHakimi\u201c. Die Einheimische nennen ihn als Termez Ata (Der Vater von Termez) und ehrten ihn wie Stadtspatron. Seine Vollname ist Abu Abdullah Muhammed Ali Bin Husen Al Khakim Termiziy, der \u201eWeise von Termez\u201c bedeutet. Das Mausoleum wurde in 1389-1390 gebaut. Ende XIV Jh. nach der Eroberung von Temur wurde das Grab von Khakim at Termiziy mit wei\u00dfem Marmor bedeckt, das ist Meisterwerk f\u00fcr Steinmei\u00dfeln in Zentralasien. Anfang XV Jh. w\u00e4hrend der Regierungszeit von Temurs Enkel, der als Khalil Sultan hie\u00df, befahl er noch eine Khanaka f\u00fcr die Derwische bauen lassen.<\/p>\n<h3><strong>Kara Tepa<\/strong><\/h3>\n<p><img loading=\"lazy\" decoding=\"async\" class=\"alignnone size-full wp-image-2285\" src=\"https:\/\/sitex.uz\/travel\/wp-content\/uploads\/2026\/01\/5-3.webp\" alt=\"\" width=\"1190\" height=\"665\" srcset=\"https:\/\/sitex.uz\/travel\/wp-content\/uploads\/2026\/01\/5-3.webp 1190w, https:\/\/sitex.uz\/travel\/wp-content\/uploads\/2026\/01\/5-3-300x168.webp 300w, https:\/\/sitex.uz\/travel\/wp-content\/uploads\/2026\/01\/5-3-1024x572.webp 1024w\" sizes=\"auto, (max-width: 1190px) 100vw, 1190px\" \/>Termez war die Br\u00fccke f\u00fcr die Entwicklung Buddhismus in Ostasien. Die Reisende k\u00f6nnen da die Ruinen von buddhistischem Zentrum finden. Eine von denen hei\u00dft Kara Tepa bedeutet \u201e Schwarze H\u00fcgel\u201c. Kara Tepa wurde von Buddhisten als Buddhistische Kloster benutzt. Arch\u00e4ologische Ausgrabungen zeigen, dass das Kloster in II jh gebaut wurde. In der Nische waren Budda Statue und Bodkhivasta. Au\u00dferdem die Arch\u00e4ologen haben Bruchst\u00fccke der Bilder, die sehr charakteristische Profil Einsiedler \u2013 Arkhata, f\u00fcr Budda gewendet.<\/p>\n<h3><strong>Fayaz Tepa<\/strong><strong><br \/>\n<\/strong><\/h3>\n<p><img loading=\"lazy\" decoding=\"async\" class=\"alignnone size-full wp-image-2286\" src=\"https:\/\/sitex.uz\/travel\/wp-content\/uploads\/2026\/01\/6-3.webp\" alt=\"\" width=\"1190\" height=\"665\" srcset=\"https:\/\/sitex.uz\/travel\/wp-content\/uploads\/2026\/01\/6-3.webp 1190w, https:\/\/sitex.uz\/travel\/wp-content\/uploads\/2026\/01\/6-3-300x168.webp 300w, https:\/\/sitex.uz\/travel\/wp-content\/uploads\/2026\/01\/6-3-1024x572.webp 1024w\" sizes=\"auto, (max-width: 1190px) 100vw, 1190px\" \/>Andere buddhistische Kloster wurde von Arch\u00e4ologen als Fayaz Tepa genannt. Es wurde in II Jh. gebaut und unerwartet liegenlassen und zerst\u00f6rt in III Jh. In V Jh. wurde als Bestattung f\u00fcr die Eftaliten Dynastie benutzt. Das Denkmal geh\u00f6rt zum Kushaninreich und ein sch\u00f6ne Beispiel von Kushan\u2013Baktrische Baukunst, Denkm\u00e4ler und Malereien. Nach dem Zerfall von Kushanreich Buddhismus hatte seine Popularit\u00e4t und das Kloster war leer schon V Jh. Nachdem dieser Ort wurde als Grabst\u00e4tte benutzt. Wahrscheinlich eine von diesen R\u00e4umen war christliche Kloster.<\/p>\n<h3><strong>Zurmala<\/strong><strong><br \/>\n<\/strong><\/h3>\n<p><img loading=\"lazy\" decoding=\"async\" class=\"alignnone size-full wp-image-2287\" src=\"https:\/\/sitex.uz\/travel\/wp-content\/uploads\/2026\/01\/7-2.webp\" alt=\"\" width=\"1190\" height=\"665\" srcset=\"https:\/\/sitex.uz\/travel\/wp-content\/uploads\/2026\/01\/7-2.webp 1190w, https:\/\/sitex.uz\/travel\/wp-content\/uploads\/2026\/01\/7-2-300x168.webp 300w, https:\/\/sitex.uz\/travel\/wp-content\/uploads\/2026\/01\/7-2-1024x572.webp 1024w\" sizes=\"auto, (max-width: 1190px) 100vw, 1190px\" \/>Stupa Zurmala war der Ort von riesen gro\u00dfen Komplex f\u00fcr Buddhisten, aber im Mittelalter wurde es schon als Feld benutzt. Nur Hauptgeb\u00e4ude\u2013riesen gro\u00dfe Stupa, entziehende von sein Dekor, \u00fcberlebte Jahrhunderte. Jetzt ist das fast formlose Massiv. Durchmesser von Stupa ist 14,5 m. H\u00f6he ist 16 m. Der Bau Zurmala geh\u00f6rt zum der Gro\u00dfe Kushanreich und seinen Ma\u00dfstab beweist Wichtigkeit dieses Geb\u00e4udes in der buddhistischen Bauart von Termez.<\/p>\n<\/div><\/div><\/div><\/div><\/div><div class=\"vc_col-sm-4 wpb_column vc_column_container\"><div class=\"vc_column-inner\"><div class=\"wpb_wrapper\">[vc_wp_custommenu title=&#8221;St\u00e4dte Usbekistans&#8221; nav_menu=&#8221;581&#8243;]<\/div><\/div><\/div><\/div><\/div><\/section>\n","protected":false},"excerpt":{"rendered":"TermezTermez ist eine der \u00e4ltesten St\u00e4dte Zentralasiens und hatte ihr eigener Platz f\u00fcr die Formierung von alter Zivilisation des Ostens. Nach den arch\u00e4ologischen Forschungsergebnissen und schriftlichen Quellen, wurde sie im V Jh. bis unsere Zeitrechnung gegr\u00fcndet. Seit III Jh. gilt Termez vielmehr entwickelte Politik und wirtschaftlich, kulturelle Zentrum Baktrien. Termez spielte wichtigste Rolle als Br\u00fccke...","protected":false},"author":1,"featured_media":2298,"parent":1363,"menu_order":13,"comment_status":"closed","ping_status":"closed","template":"","meta":{"_acf_changed":false,"footnotes":""},"class_list":["post-2281","page","type-page","status-publish","has-post-thumbnail","hentry"],"acf":[],"lang":"de","translations":{"de":2281,"en":2278,"ru":2290,"fr":2292,"es":2294,"it":2296},"pll_sync_post":[],"_links":{"self":[{"href":"https:\/\/sitex.uz\/travel\/wp-json\/wp\/v2\/pages\/2281","targetHints":{"allow":["GET"]}}],"collection":[{"href":"https:\/\/sitex.uz\/travel\/wp-json\/wp\/v2\/pages"}],"about":[{"href":"https:\/\/sitex.uz\/travel\/wp-json\/wp\/v2\/types\/page"}],"author":[{"embeddable":true,"href":"https:\/\/sitex.uz\/travel\/wp-json\/wp\/v2\/users\/1"}],"replies":[{"embeddable":true,"href":"https:\/\/sitex.uz\/travel\/wp-json\/wp\/v2\/comments?post=2281"}],"version-history":[{"count":2,"href":"https:\/\/sitex.uz\/travel\/wp-json\/wp\/v2\/pages\/2281\/revisions"}],"predecessor-version":[{"id":2415,"href":"https:\/\/sitex.uz\/travel\/wp-json\/wp\/v2\/pages\/2281\/revisions\/2415"}],"up":[{"embeddable":true,"href":"https:\/\/sitex.uz\/travel\/wp-json\/wp\/v2\/pages\/1363"}],"wp:featuredmedia":[{"embeddable":true,"href":"https:\/\/sitex.uz\/travel\/wp-json\/wp\/v2\/media\/2298"}],"wp:attachment":[{"href":"https:\/\/sitex.uz\/travel\/wp-json\/wp\/v2\/media?parent=2281"}],"curies":[{"name":"wp","href":"https:\/\/api.w.org\/{rel}","templated":true}]}}