{"id":2276,"date":"2026-01-03T11:38:49","date_gmt":"2026-01-03T11:38:49","guid":{"rendered":"https:\/\/sitex.uz\/travel\/?page_id=2276"},"modified":"2026-01-04T06:18:18","modified_gmt":"2026-01-04T06:18:18","slug":"shakhrisabz","status":"publish","type":"page","link":"https:\/\/sitex.uz\/travel\/it\/uzbekistan\/shakhrisabz\/","title":{"rendered":"Shakhrisabz"},"content":{"rendered":"<section class=\"l-section wpb_row us_custom_14417885 height_medium with_img\"><div class=\"l-section-img\" role=\"img\" aria-label=\"Image\" data-img-width=\"1530\" data-img-height=\"855\" style=\"background-image: url(https:\/\/sitex.uz\/travel\/wp-content\/uploads\/2026\/01\/Untitled-design-1.jpg);background-repeat: no-repeat;\"><\/div><div class=\"l-section-overlay\" style=\"background:rgba(0,0,0,0.26)\"><\/div><div class=\"l-section-h i-cf\"><div class=\"g-cols vc_row via_flex valign_top type_default stacking_default\"><div class=\"vc_col-sm-3 wpb_column vc_column_container\"><div class=\"vc_column-inner\"><div class=\"wpb_wrapper\"><\/div><\/div><\/div><div class=\"vc_col-sm-6 wpb_column vc_column_container\"><div class=\"vc_column-inner\"><div class=\"wpb_wrapper\"><h2 class=\"w-post-elm post_title us_custom_f99046b1 has_text_color entry-title color_link_inherit\">Shakhrisabz<\/h2><\/div><\/div><\/div><div class=\"vc_col-sm-3 wpb_column vc_column_container\"><div class=\"vc_column-inner\"><div class=\"wpb_wrapper\"><\/div><\/div><\/div><\/div><\/div><\/section><section class=\"l-section wpb_row height_medium\"><div class=\"l-section-h i-cf\"><div class=\"g-cols vc_row via_flex valign_top type_default stacking_default\"><div class=\"vc_col-sm-8 wpb_column vc_column_container\"><div class=\"vc_column-inner\"><div class=\"wpb_wrapper\"><div class=\"wpb_text_column us_custom_6df2ad6e has_text_color\"><div class=\"wpb_wrapper\"><p>Shakhrisabz, la \u201cCitt\u00e0 Verde\u201d, fu fondata nel VII secolo. Nel corso della sua lunga storia, questa citt\u00e0 cambi\u00f2 nome molte volte. Shakhrisabz fu conosciuta come \u201cGava Sugda\u201d (la citt\u00e0 dei Sogdiani), \u201cNautaka\u201d (Citt\u00e0 Nuova) e \u201cKesh\u201d (Anima gioiosa). Durante il governo (XIV\u2013XV secolo) di Amir Temur e Ulugbek, la citt\u00e0 visse la sua et\u00e0 d\u2019oro e ricevette il nome attuale; in quel periodo fu chiamata anche \u201cKubbat ul ilm va Adab\u201d (\u201cLa Cupola del sapere\u201d). La citt\u00e0 si trova a 658 m sul livello del mare. La popolazione \u00e8 di circa 90.000 persone.<\/p>\n<h3>Palazzo Ak-Saray<\/h3>\n<p><img loading=\"lazy\" decoding=\"async\" class=\"alignnone size-full wp-image-2258\" src=\"https:\/\/sitex.uz\/travel\/wp-content\/uploads\/2026\/01\/Untitled-design-1.jpg\" alt=\"\" width=\"1530\" height=\"855\" srcset=\"https:\/\/sitex.uz\/travel\/wp-content\/uploads\/2026\/01\/Untitled-design-1.jpg 1530w, https:\/\/sitex.uz\/travel\/wp-content\/uploads\/2026\/01\/Untitled-design-1-300x168.jpg 300w, https:\/\/sitex.uz\/travel\/wp-content\/uploads\/2026\/01\/Untitled-design-1-1024x572.jpg 1024w\" sizes=\"auto, (max-width: 1530px) 100vw, 1530px\" \/>Nella parte nord-orientale di Shakhrisabz si trovava un complesso palaziale che comprendeva il territorio del Palazzo Ak-Saray (il \u201cPalazzo Bianco\u201d) e un giardino ben progettato. Oggi possiamo vedere solo le rovine dell\u2019area d\u2019ingresso. Il palazzo fu costruito tra il 1380 e il 1404. Dopo il completamento, Temur trasfer\u00ec il suo trono a Shakhrisabz. Le parti superstiti delle rovine raggiungono i 38 m di altezza, ma l\u2019altezza originaria poteva essere il doppio. Questa splendida perla dell\u2019epoca timuride fu distrutta nel XVI secolo dal sovrano uzbeko Abdullah Khan, che voleva cancellare ogni traccia della dinastia timuride, la quale controllava quasi tutto il territorio della Via della Seta, unendo Oriente e Occidente.<\/p>\n<h3>Dorus Saodat<\/h3>\n<p><img loading=\"lazy\" decoding=\"async\" class=\"alignnone size-full wp-image-2259\" src=\"https:\/\/sitex.uz\/travel\/wp-content\/uploads\/2026\/01\/2.jpg\" alt=\"\" width=\"1190\" height=\"665\" srcset=\"https:\/\/sitex.uz\/travel\/wp-content\/uploads\/2026\/01\/2.jpg 1190w, https:\/\/sitex.uz\/travel\/wp-content\/uploads\/2026\/01\/2-300x168.jpg 300w, https:\/\/sitex.uz\/travel\/wp-content\/uploads\/2026\/01\/2-1024x572.jpg 1024w\" sizes=\"auto, (max-width: 1190px) 100vw, 1190px\" \/>Dorus Saodat, il \u201cCentro del potere e della forza\u201d, fu costruito tra il 1380 e il 1404. Comprende il mausoleo di Jahangir, il mausoleo di Temur e la moschea Hazrati Imam. Il mausoleo di Jahangir \u00e8 un edificio coperto da una cupola conica. Fu costruito in onore del figlio maggiore di Temur, morto giovanissimo all\u2019et\u00e0 di 20 anni. Anche il secondo figlio di Temur, Omar Shayx, fu sepolto qui nel 1394. I viaggiatori possono trovare analogie architettoniche di questo complesso nel sud del Kazakistan, a Turkestan, attorno al celebre mausoleo sufi di Ahmad Yassaviy, fondatore dell\u2019ordine sufi Yassaviya, anch\u2019esso costruito per ordine di Temur. La tomba di Temur qui \u00e8 anche una delle cripte pi\u00f9 splendide dell\u2019architettura dell\u2019Asia Centrale, ma \u00e8 vuota perch\u00e9 Temur \u00e8 sepolto a Samarcanda.<\/p>\n<h3>Dorut Tilovat<\/h3>\n<p><img loading=\"lazy\" decoding=\"async\" class=\"alignnone size-full wp-image-2260\" src=\"https:\/\/sitex.uz\/travel\/wp-content\/uploads\/2026\/01\/3.jpg\" alt=\"\" width=\"1190\" height=\"665\" srcset=\"https:\/\/sitex.uz\/travel\/wp-content\/uploads\/2026\/01\/3.jpg 1190w, https:\/\/sitex.uz\/travel\/wp-content\/uploads\/2026\/01\/3-300x168.jpg 300w, https:\/\/sitex.uz\/travel\/wp-content\/uploads\/2026\/01\/3-1024x572.jpg 1024w\" sizes=\"auto, (max-width: 1190px) 100vw, 1190px\" \/>Dorut Tilovat (Centro di riflessione e contemplazione) \u00e8 anch\u2019esso un monumento dell\u2019epoca timuride. Comprende il mausoleo dello sceicco Shamsiddin Kulol, la moschea del Venerd\u00ec di Ulugbek e il mausoleo Gumbazi Saidon. La formazione di questo complesso \u00e8 strettamente legata al nome del famoso maestro sufi, lo sceicco Shamsiddin Kulol. Egli ricopr\u00ec una posizione importante nella dinastia timuride ed era la guida spirituale di Temur e del padre di Temur, Amir Taragay. Amir Kulol ricevette il titolo di \u201cPIR\u201d (maestro spirituale dei sufi) nella regione meridionale. Mor\u00ec nel 1370\u20131371 e fu sepolto in questo complesso. La moschea del Venerd\u00ec Kuk Gumbaz (\u201cCupola Blu\u201d) fu costruita per ordine di Ulugbek. Nel 1437 Ulugbek costru\u00ec accanto al mausoleo dello sceicco Shamsiddin Kulol un mausoleo per i sayyid, considerati discendenti del profeta Muhammad. Per questo il mausoleo prese il nome di Gumbazi Saidon (Cupola dei sayyid). Nella citt\u00e0 vicina di Kitab furono sepolti altri sufi famosi, Darwish Muhammad as Samarkandiy e suo figlio Xodji al Amkanaki, che furono il 21\u00b0 e 22\u00b0 rappresentante della catena (\u201csilsila\u201d) naqshbandiya.<\/p>\n<h3>Katta Langar<\/h3>\n<p><img loading=\"lazy\" decoding=\"async\" class=\"alignnone size-full wp-image-2261\" src=\"https:\/\/sitex.uz\/travel\/wp-content\/uploads\/2026\/01\/4.jpg\" alt=\"\" width=\"1190\" height=\"665\" srcset=\"https:\/\/sitex.uz\/travel\/wp-content\/uploads\/2026\/01\/4.jpg 1190w, https:\/\/sitex.uz\/travel\/wp-content\/uploads\/2026\/01\/4-300x168.jpg 300w, https:\/\/sitex.uz\/travel\/wp-content\/uploads\/2026\/01\/4-1024x572.jpg 1024w\" sizes=\"auto, (max-width: 1190px) 100vw, 1190px\" \/>A 70 km dalla citt\u00e0 di Shakhrisabz si trova l\u2019unico complesso di Katta Langar, che significa \u201cGrande Ancora\u201d. Qui, circa cinquecento anni fa, fu fondata la confraternita sufi ISHKIYA. La confraternita ISHKIYA (ISHK significa \u201camore per Dio\u201d), ramo della famosa confraternita sufi TAYFURIYA, prese il nome nell\u2019VIII secolo dal celebre fondatore Mekki Baba Ishki. Qui si trova una moschea. Fu costruita nel 1515 per ordine del maestro sufi Muhammad Siddik, capo dell\u2019ordine sufi ISHKIYA. Non lontano dalla moschea si trova la cripta di famiglia degli sceicchi ISHKIYA, realizzata in stile austero. Nella cripta sono sepolti il fondatore del monastero di Katta Langar Sheikhzade Muhammad Siddik, suo padre Sheikhzade Abul Xasan II e suo figlio Abul Xuseyn Axund.<\/p>\n<\/div><\/div><\/div><\/div><\/div><div class=\"vc_col-sm-4 wpb_column vc_column_container\"><div class=\"vc_column-inner\"><div class=\"wpb_wrapper\">[vc_wp_custommenu title=&#8221;Citt\u00e0 dell&#8217;Uzbekistan&#8221; nav_menu=&#8221;585&#8243;]<\/div><\/div><\/div><\/div><\/div><\/section>\n","protected":false},"excerpt":{"rendered":"ShakhrisabzShakhrisabz, la \u201cCitt\u00e0 Verde\u201d, fu fondata nel VII secolo. Nel corso della sua lunga storia, questa citt\u00e0 cambi\u00f2 nome molte volte. Shakhrisabz fu conosciuta come \u201cGava Sugda\u201d (la citt\u00e0 dei Sogdiani), \u201cNautaka\u201d (Citt\u00e0 Nuova) e \u201cKesh\u201d (Anima gioiosa). Durante il governo (XIV\u2013XV secolo) di Amir Temur e Ulugbek, la citt\u00e0 visse la sua et\u00e0 d\u2019oro...","protected":false},"author":1,"featured_media":2258,"parent":1367,"menu_order":15,"comment_status":"closed","ping_status":"closed","template":"","meta":{"_acf_changed":false,"footnotes":""},"class_list":["post-2276","page","type-page","status-publish","has-post-thumbnail","hentry"],"acf":[],"lang":"it","translations":{"it":2276,"de":2263,"en":2256,"ru":2270,"fr":2272,"es":2274},"pll_sync_post":[],"_links":{"self":[{"href":"https:\/\/sitex.uz\/travel\/wp-json\/wp\/v2\/pages\/2276","targetHints":{"allow":["GET"]}}],"collection":[{"href":"https:\/\/sitex.uz\/travel\/wp-json\/wp\/v2\/pages"}],"about":[{"href":"https:\/\/sitex.uz\/travel\/wp-json\/wp\/v2\/types\/page"}],"author":[{"embeddable":true,"href":"https:\/\/sitex.uz\/travel\/wp-json\/wp\/v2\/users\/1"}],"replies":[{"embeddable":true,"href":"https:\/\/sitex.uz\/travel\/wp-json\/wp\/v2\/comments?post=2276"}],"version-history":[{"count":2,"href":"https:\/\/sitex.uz\/travel\/wp-json\/wp\/v2\/pages\/2276\/revisions"}],"predecessor-version":[{"id":2412,"href":"https:\/\/sitex.uz\/travel\/wp-json\/wp\/v2\/pages\/2276\/revisions\/2412"}],"up":[{"embeddable":true,"href":"https:\/\/sitex.uz\/travel\/wp-json\/wp\/v2\/pages\/1367"}],"wp:featuredmedia":[{"embeddable":true,"href":"https:\/\/sitex.uz\/travel\/wp-json\/wp\/v2\/media\/2258"}],"wp:attachment":[{"href":"https:\/\/sitex.uz\/travel\/wp-json\/wp\/v2\/media?parent=2276"}],"curies":[{"name":"wp","href":"https:\/\/api.w.org\/{rel}","templated":true}]}}