{"id":2274,"date":"2026-01-03T11:38:49","date_gmt":"2026-01-03T11:38:49","guid":{"rendered":"https:\/\/sitex.uz\/travel\/?page_id=2274"},"modified":"2026-01-04T06:17:52","modified_gmt":"2026-01-04T06:17:52","slug":"shajrisabz","status":"publish","type":"page","link":"https:\/\/sitex.uz\/travel\/es\/uzbekistan\/shajrisabz\/","title":{"rendered":"Shajrisabz"},"content":{"rendered":"<section class=\"l-section wpb_row us_custom_14417885 height_medium with_img\"><div class=\"l-section-img\" role=\"img\" aria-label=\"Image\" data-img-width=\"1530\" data-img-height=\"855\" style=\"background-image: url(https:\/\/sitex.uz\/travel\/wp-content\/uploads\/2026\/01\/Untitled-design-1.jpg);background-repeat: no-repeat;\"><\/div><div class=\"l-section-overlay\" style=\"background:rgba(0,0,0,0.26)\"><\/div><div class=\"l-section-h i-cf\"><div class=\"g-cols vc_row via_flex valign_top type_default stacking_default\"><div class=\"vc_col-sm-3 wpb_column vc_column_container\"><div class=\"vc_column-inner\"><div class=\"wpb_wrapper\"><\/div><\/div><\/div><div class=\"vc_col-sm-6 wpb_column vc_column_container\"><div class=\"vc_column-inner\"><div class=\"wpb_wrapper\"><h2 class=\"w-post-elm post_title us_custom_f99046b1 has_text_color entry-title color_link_inherit\">Shajrisabz<\/h2><\/div><\/div><\/div><div class=\"vc_col-sm-3 wpb_column vc_column_container\"><div class=\"vc_column-inner\"><div class=\"wpb_wrapper\"><\/div><\/div><\/div><\/div><\/div><\/section><section class=\"l-section wpb_row height_medium\"><div class=\"l-section-h i-cf\"><div class=\"g-cols vc_row via_flex valign_top type_default stacking_default\"><div class=\"vc_col-sm-8 wpb_column vc_column_container\"><div class=\"vc_column-inner\"><div class=\"wpb_wrapper\"><div class=\"wpb_text_column us_custom_6df2ad6e has_text_color\"><div class=\"wpb_wrapper\"><p>Shakhrisabz, la \u201cCiudad Verde\u201d, fue fundada en el siglo VII. A lo largo de su larga historia, esta ciudad cambi\u00f3 de nombre muchas veces. Shakhrisabz fue conocida como \u201cGava Sugda\u201d (la ciudad de los sogdianos), \u201cNautaka\u201d (Ciudad Nueva) y \u201cKesh\u201d (Alma alegre). Durante el gobierno (siglos XIV\u2013XV) de Amir Temur y Ulugbek, la ciudad vivi\u00f3 su \u00e9poca dorada y recibi\u00f3 su nombre actual; en ese periodo tambi\u00e9n se la llamaba \u201cKubbat ul ilm va Adab\u201d (\u201cLa C\u00fapula del saber\u201d). La ciudad se encuentra a 658 m sobre el nivel del mar. La poblaci\u00f3n es de unas 90.000 personas.<\/p>\n<h3>Palacio Ak-Saray<\/h3>\n<p><img loading=\"lazy\" decoding=\"async\" class=\"alignnone size-full wp-image-2258\" src=\"https:\/\/sitex.uz\/travel\/wp-content\/uploads\/2026\/01\/Untitled-design-1.jpg\" alt=\"\" width=\"1530\" height=\"855\" srcset=\"https:\/\/sitex.uz\/travel\/wp-content\/uploads\/2026\/01\/Untitled-design-1.jpg 1530w, https:\/\/sitex.uz\/travel\/wp-content\/uploads\/2026\/01\/Untitled-design-1-300x168.jpg 300w, https:\/\/sitex.uz\/travel\/wp-content\/uploads\/2026\/01\/Untitled-design-1-1024x572.jpg 1024w\" sizes=\"auto, (max-width: 1530px) 100vw, 1530px\" \/>En la parte noreste de Shakhrisabz exist\u00eda un complejo palaciego que inclu\u00eda el territorio del Palacio Ak-Saray (el \u201cPalacio Blanco\u201d) y un jard\u00edn cuidadosamente planificado. Hoy solo pueden verse las ruinas de la zona de entrada. El palacio fue construido entre 1380 y 1404. Una vez terminado, Temur traslad\u00f3 su trono a Shakhrisabz. Las partes conservadas de las ruinas alcanzan hasta 38 m de altura, pero la altura original pudo haber sido el doble. Esta magn\u00edfica joya del periodo tim\u00farida fue destruida en el siglo XVI por el gobernante uzbeko Abdullah Khan, que quer\u00eda borrar todas las huellas de la dinast\u00eda tim\u00farida, la cual controlaba casi todo el territorio de la Ruta de la Seda, uniendo Oriente y Occidente.<\/p>\n<h3>Dorus Saodat<\/h3>\n<p><img loading=\"lazy\" decoding=\"async\" class=\"alignnone size-full wp-image-2259\" src=\"https:\/\/sitex.uz\/travel\/wp-content\/uploads\/2026\/01\/2.jpg\" alt=\"\" width=\"1190\" height=\"665\" srcset=\"https:\/\/sitex.uz\/travel\/wp-content\/uploads\/2026\/01\/2.jpg 1190w, https:\/\/sitex.uz\/travel\/wp-content\/uploads\/2026\/01\/2-300x168.jpg 300w, https:\/\/sitex.uz\/travel\/wp-content\/uploads\/2026\/01\/2-1024x572.jpg 1024w\" sizes=\"auto, (max-width: 1190px) 100vw, 1190px\" \/>Dorus Saodat, el \u201cCentro del poder y la fuerza\u201d, fue construido entre 1380 y 1404. Est\u00e1 compuesto por el mausoleo de Jahangir, el mausoleo de Temur y la mezquita Hazrati Imam. El mausoleo de Jahangir es un edificio cubierto por una c\u00fapula c\u00f3nica. Fue construido en honor del hijo mayor de Temur, que muri\u00f3 muy joven, a los 20 a\u00f1os. El segundo hijo de Temur, Omar Shayx, tambi\u00e9n fue enterrado aqu\u00ed en 1394. Los viajeros pueden encontrar analog\u00edas arquitect\u00f3nicas de este complejo en el sur de Kazajist\u00e1n, en Turkest\u00e1n, alrededor del famoso mausoleo suf\u00ed de Ahmad Yassaviy, fundador de la orden suf\u00ed Yassaviya, que tambi\u00e9n fue construido por orden de Temur. La tumba de Temur aqu\u00ed es tambi\u00e9n una de las criptas m\u00e1s espl\u00e9ndidas de la arquitectura de Asia Central, pero est\u00e1 vac\u00eda, porque Temur est\u00e1 enterrado en Samarcanda.<\/p>\n<h3>Dorut Tilovat<\/h3>\n<p><img loading=\"lazy\" decoding=\"async\" class=\"alignnone size-full wp-image-2260\" src=\"https:\/\/sitex.uz\/travel\/wp-content\/uploads\/2026\/01\/3.jpg\" alt=\"\" width=\"1190\" height=\"665\" srcset=\"https:\/\/sitex.uz\/travel\/wp-content\/uploads\/2026\/01\/3.jpg 1190w, https:\/\/sitex.uz\/travel\/wp-content\/uploads\/2026\/01\/3-300x168.jpg 300w, https:\/\/sitex.uz\/travel\/wp-content\/uploads\/2026\/01\/3-1024x572.jpg 1024w\" sizes=\"auto, (max-width: 1190px) 100vw, 1190px\" \/>Dorut Tilovat (Centro de reflexi\u00f3n y contemplaci\u00f3n) es tambi\u00e9n un monumento de la \u00e9poca tim\u00farida. Incluye el mausoleo del jeque Shamsiddin Kulol, la mezquita del Viernes de Ulugbek y el mausoleo Gumbazi Saidon. La formaci\u00f3n de este complejo est\u00e1 estrechamente vinculada con el nombre del famoso maestro suf\u00ed, el jeque Shamsiddin Kulol. Ocup\u00f3 una posici\u00f3n importante en la dinast\u00eda tim\u00farida y fue el gu\u00eda espiritual de Temur y del padre de Temur, Amir Taragay. Amir Kulol recibi\u00f3 el t\u00edtulo de \u201cPIR\u201d (maestro espiritual para los suf\u00edes) en la regi\u00f3n del sur. Muri\u00f3 en 1370\u20131371 y fue enterrado en este complejo. La mezquita del Viernes Kuk Gumbaz (\u201cC\u00fapula Azul\u201d) fue construida por orden de Ulugbek. En 1437, Ulugbek construy\u00f3 junto al mausoleo del jeque Shamsiddin Kulol un mausoleo para los sayyids, considerados descendientes del profeta Muhammad. Por eso este mausoleo recibi\u00f3 el nombre de Gumbazi Saidon (C\u00fapula de los sayyids). En la ciudad vecina de Kitab fueron enterrados otros suf\u00edes famosos, Darwish Muhammad as Samarkandiy y su hijo Xodji al Amkanaki, que fueron el 21.\u00ba y 22.\u00ba representantes de la cadena (\u201csilsila\u201d) naqshbandiya.<\/p>\n<h3>Katta Langar<\/h3>\n<p><img loading=\"lazy\" decoding=\"async\" class=\"alignnone size-full wp-image-2261\" src=\"https:\/\/sitex.uz\/travel\/wp-content\/uploads\/2026\/01\/4.jpg\" alt=\"\" width=\"1190\" height=\"665\" srcset=\"https:\/\/sitex.uz\/travel\/wp-content\/uploads\/2026\/01\/4.jpg 1190w, https:\/\/sitex.uz\/travel\/wp-content\/uploads\/2026\/01\/4-300x168.jpg 300w, https:\/\/sitex.uz\/travel\/wp-content\/uploads\/2026\/01\/4-1024x572.jpg 1024w\" sizes=\"auto, (max-width: 1190px) 100vw, 1190px\" \/>A 70 km de la ciudad de Shakhrisabz se encuentra el singular complejo Katta Langar, que significa \u201cGran ancla\u201d. Aqu\u00ed, hace unos quinientos a\u00f1os, se fund\u00f3 la hermandad suf\u00ed ISHKIYA. La hermandad ISHKIYA (ISHK significa \u201camor a Dios\u201d), rama de la famosa hermandad suf\u00ed TAYFURIYA, tom\u00f3 su nombre en el siglo VIII del c\u00e9lebre fundador Mekki Baba Ishki. All\u00ed hay una mezquita. Fue construida en 1515 por orden del maestro suf\u00ed Muhammad Siddik, l\u00edder de la orden suf\u00ed ISHKIYA. No lejos de la mezquita se encuentra la cripta familiar de los jeques ISHKIYA, realizada en un estilo austero. En la cripta est\u00e1n enterrados el fundador del monasterio de Katta Langar, Sheikhzade Muhammad Siddik, su padre Sheikhzade Abul Xasan II y su hijo Abul Xuseyn Axund.<\/p>\n<\/div><\/div><\/div><\/div><\/div><div class=\"vc_col-sm-4 wpb_column vc_column_container\"><div class=\"vc_column-inner\"><div class=\"wpb_wrapper\">[vc_wp_custommenu title=&#8221;Ciudades de Uzbekist\u00e1n&#8221; nav_menu=&#8221;584&#8243;]<\/div><\/div><\/div><\/div><\/div><\/section>\n","protected":false},"excerpt":{"rendered":"ShajrisabzShakhrisabz, la \u201cCiudad Verde\u201d, fue fundada en el siglo VII. A lo largo de su larga historia, esta ciudad cambi\u00f3 de nombre muchas veces. Shakhrisabz fue conocida como \u201cGava Sugda\u201d (la ciudad de los sogdianos), \u201cNautaka\u201d (Ciudad Nueva) y \u201cKesh\u201d (Alma alegre). Durante el gobierno (siglos XIV\u2013XV) de Amir Temur y Ulugbek, la ciudad vivi\u00f3...","protected":false},"author":1,"featured_media":2258,"parent":1360,"menu_order":15,"comment_status":"closed","ping_status":"closed","template":"","meta":{"_acf_changed":false,"footnotes":""},"class_list":["post-2274","page","type-page","status-publish","has-post-thumbnail","hentry"],"acf":[],"lang":"es","translations":{"es":2274,"de":2263,"en":2256,"ru":2270,"fr":2272,"it":2276},"pll_sync_post":[],"_links":{"self":[{"href":"https:\/\/sitex.uz\/travel\/wp-json\/wp\/v2\/pages\/2274","targetHints":{"allow":["GET"]}}],"collection":[{"href":"https:\/\/sitex.uz\/travel\/wp-json\/wp\/v2\/pages"}],"about":[{"href":"https:\/\/sitex.uz\/travel\/wp-json\/wp\/v2\/types\/page"}],"author":[{"embeddable":true,"href":"https:\/\/sitex.uz\/travel\/wp-json\/wp\/v2\/users\/1"}],"replies":[{"embeddable":true,"href":"https:\/\/sitex.uz\/travel\/wp-json\/wp\/v2\/comments?post=2274"}],"version-history":[{"count":2,"href":"https:\/\/sitex.uz\/travel\/wp-json\/wp\/v2\/pages\/2274\/revisions"}],"predecessor-version":[{"id":2411,"href":"https:\/\/sitex.uz\/travel\/wp-json\/wp\/v2\/pages\/2274\/revisions\/2411"}],"up":[{"embeddable":true,"href":"https:\/\/sitex.uz\/travel\/wp-json\/wp\/v2\/pages\/1360"}],"wp:featuredmedia":[{"embeddable":true,"href":"https:\/\/sitex.uz\/travel\/wp-json\/wp\/v2\/media\/2258"}],"wp:attachment":[{"href":"https:\/\/sitex.uz\/travel\/wp-json\/wp\/v2\/media?parent=2274"}],"curies":[{"name":"wp","href":"https:\/\/api.w.org\/{rel}","templated":true}]}}