{"id":2272,"date":"2026-01-03T11:38:49","date_gmt":"2026-01-03T11:38:49","guid":{"rendered":"https:\/\/sitex.uz\/travel\/?page_id=2272"},"modified":"2026-01-04T06:18:52","modified_gmt":"2026-01-04T06:18:52","slug":"chakhrisabz","status":"publish","type":"page","link":"https:\/\/sitex.uz\/travel\/fr\/ouzbekistan\/chakhrisabz\/","title":{"rendered":"Chakhrisabz"},"content":{"rendered":"<section class=\"l-section wpb_row us_custom_14417885 height_medium with_img\"><div class=\"l-section-img\" role=\"img\" aria-label=\"Image\" data-img-width=\"1530\" data-img-height=\"855\" style=\"background-image: url(https:\/\/sitex.uz\/travel\/wp-content\/uploads\/2026\/01\/Untitled-design-1.jpg);background-repeat: no-repeat;\"><\/div><div class=\"l-section-overlay\" style=\"background:rgba(0,0,0,0.26)\"><\/div><div class=\"l-section-h i-cf\"><div class=\"g-cols vc_row via_flex valign_top type_default stacking_default\"><div class=\"vc_col-sm-3 wpb_column vc_column_container\"><div class=\"vc_column-inner\"><div class=\"wpb_wrapper\"><\/div><\/div><\/div><div class=\"vc_col-sm-6 wpb_column vc_column_container\"><div class=\"vc_column-inner\"><div class=\"wpb_wrapper\"><h2 class=\"w-post-elm post_title us_custom_f99046b1 has_text_color entry-title color_link_inherit\">Chakhrisabz<\/h2><\/div><\/div><\/div><div class=\"vc_col-sm-3 wpb_column vc_column_container\"><div class=\"vc_column-inner\"><div class=\"wpb_wrapper\"><\/div><\/div><\/div><\/div><\/div><\/section><section class=\"l-section wpb_row height_medium\"><div class=\"l-section-h i-cf\"><div class=\"g-cols vc_row via_flex valign_top type_default stacking_default\"><div class=\"vc_col-sm-8 wpb_column vc_column_container\"><div class=\"vc_column-inner\"><div class=\"wpb_wrapper\"><div class=\"wpb_text_column us_custom_6df2ad6e has_text_color\"><div class=\"wpb_wrapper\"><p>Shakhrisabz, la \u00ab Ville verte \u00bb, a \u00e9t\u00e9 fond\u00e9e au VIIe si\u00e8cle. Au cours de sa longue histoire, cette ville a chang\u00e9 de nom \u00e0 de nombreuses reprises. Shakhrisabz \u00e9tait connue sous les noms de \u00ab Gava Sugda \u00bb (la ville des Sogdiens), \u00ab Nautaka \u00bb (Ville nouvelle) et \u00ab Kesh \u00bb (\u00c2me joyeuse). Sous le r\u00e8gne (XIVe\u2013XVe si\u00e8cles) d\u2019Amir Temur et d\u2019Ulugbek, la ville connut son \u00e2ge d\u2019or et re\u00e7ut son nom actuel ; \u00e0 cette \u00e9poque, elle \u00e9tait aussi appel\u00e9e \u00ab Kubbat ul ilm va Adab \u00bb (\u00ab La Coupole du savoir \u00bb). La ville se situe \u00e0 658 m au-dessus du niveau de la mer. La population est d\u2019environ 90 000 habitants.<\/p>\n<h3>Palais Ak-Saray<\/h3>\n<p><img loading=\"lazy\" decoding=\"async\" class=\"alignnone size-full wp-image-2258\" src=\"https:\/\/sitex.uz\/travel\/wp-content\/uploads\/2026\/01\/Untitled-design-1.jpg\" alt=\"\" width=\"1530\" height=\"855\" srcset=\"https:\/\/sitex.uz\/travel\/wp-content\/uploads\/2026\/01\/Untitled-design-1.jpg 1530w, https:\/\/sitex.uz\/travel\/wp-content\/uploads\/2026\/01\/Untitled-design-1-300x168.jpg 300w, https:\/\/sitex.uz\/travel\/wp-content\/uploads\/2026\/01\/Untitled-design-1-1024x572.jpg 1024w\" sizes=\"auto, (max-width: 1530px) 100vw, 1530px\" \/>Dans la partie nord-est de Shakhrisabz se trouvait un complexe palatial comprenant le territoire du palais Ak-Saray (\u00ab Palais blanc \u00bb) et un jardin soigneusement planifi\u00e9. Aujourd\u2019hui, on ne peut voir que les ruines de l\u2019entr\u00e9e. Le palais fut construit entre 1380 et 1404. Une fois achev\u00e9, Temur transf\u00e9ra son tr\u00f4ne \u00e0 Shakhrisabz. Les vestiges conserv\u00e9s atteignent 38 m de hauteur, mais la hauteur d\u2019origine aurait pu \u00eatre deux fois plus importante. Cette splendide perle de l\u2019\u00e9poque timouride fut d\u00e9truite au XVIe si\u00e8cle par le souverain ouzbek Abdallah Khan, qui voulait effacer toutes les traces de la dynastie timouride, laquelle contr\u00f4lait presque tout le territoire de la Route de la Soie, reliant l\u2019Orient et l\u2019Occident.<\/p>\n<h3>Dorus Saodat<\/h3>\n<p><img loading=\"lazy\" decoding=\"async\" class=\"alignnone size-full wp-image-2259\" src=\"https:\/\/sitex.uz\/travel\/wp-content\/uploads\/2026\/01\/2.jpg\" alt=\"\" width=\"1190\" height=\"665\" srcset=\"https:\/\/sitex.uz\/travel\/wp-content\/uploads\/2026\/01\/2.jpg 1190w, https:\/\/sitex.uz\/travel\/wp-content\/uploads\/2026\/01\/2-300x168.jpg 300w, https:\/\/sitex.uz\/travel\/wp-content\/uploads\/2026\/01\/2-1024x572.jpg 1024w\" sizes=\"auto, (max-width: 1190px) 100vw, 1190px\" \/>Dorus Saodat, le \u00ab Centre du pouvoir et de la force \u00bb, fut construit entre 1380 et 1404. Il comprend le mausol\u00e9e de Jahangir, le mausol\u00e9e de Temur et la mosqu\u00e9e Hazrati Imam. Le mausol\u00e9e de Jahangir est un b\u00e2timent coiff\u00e9 d\u2019un d\u00f4me conique. Il fut \u00e9difi\u00e9 en l\u2019honneur du fils a\u00een\u00e9 de Temur, mort tr\u00e8s jeune \u00e0 l\u2019\u00e2ge de 20 ans. Le deuxi\u00e8me fils de Temur, Omar Shayx, y fut \u00e9galement enterr\u00e9 en 1394. Des analogies architecturales de ce complexe peuvent \u00eatre observ\u00e9es au sud du Kazakhstan, \u00e0 Turkestan, autour du c\u00e9l\u00e8bre mausol\u00e9e soufi d\u2019Ahmad Yassaviy, fondateur de l\u2019ordre soufi Yassaviya, \u00e9galement construit sur ordre de Temur. La tombe de Temur ici est l\u2019une des cryptes les plus somptueuses de l\u2019architecture d\u2019Asie centrale, mais elle est vide, car Temur est enterr\u00e9 \u00e0 Samarcande.<\/p>\n<h3>Dorut Tilovat<\/h3>\n<p><img loading=\"lazy\" decoding=\"async\" class=\"alignnone size-full wp-image-2260\" src=\"https:\/\/sitex.uz\/travel\/wp-content\/uploads\/2026\/01\/3.jpg\" alt=\"\" width=\"1190\" height=\"665\" srcset=\"https:\/\/sitex.uz\/travel\/wp-content\/uploads\/2026\/01\/3.jpg 1190w, https:\/\/sitex.uz\/travel\/wp-content\/uploads\/2026\/01\/3-300x168.jpg 300w, https:\/\/sitex.uz\/travel\/wp-content\/uploads\/2026\/01\/3-1024x572.jpg 1024w\" sizes=\"auto, (max-width: 1190px) 100vw, 1190px\" \/>Dorut Tilovat (\u00ab Centre de r\u00e9flexion et de contemplation \u00bb) est aussi un monument de l\u2019\u00e9poque timouride. Il comprend le mausol\u00e9e du cheikh Shamsiddin Kulol, la mosqu\u00e9e du Vendredi d\u2019Ulugbek et le mausol\u00e9e Gumbazi Saidon. La formation de ce complexe est \u00e9troitement li\u00e9e au c\u00e9l\u00e8bre ma\u00eetre soufi, le cheikh Shamsiddin Kulol. Il occupait une position \u00e9lev\u00e9e au sein de la dynastie timouride et fut le guide spirituel de Temur et du p\u00e8re de Temur, l\u2019\u00e9mir Taraghay. Amir Kulol re\u00e7ut le titre de \u00ab PIR \u00bb (guide spirituel des soufis) dans la r\u00e9gion du sud. Il mourut en 1370\u20131371 et fut enterr\u00e9 dans ce complexe. La mosqu\u00e9e du Vendredi Kuk Gumbaz (\u00ab D\u00f4me bleu \u00bb) fut \u00e9difi\u00e9e sur ordre d\u2019Ulugbek. En 1437, Ulugbek fit construire \u00e0 c\u00f4t\u00e9 du mausol\u00e9e du cheikh Shamsiddin Kulol un mausol\u00e9e pour les sayyids, consid\u00e9r\u00e9s comme descendants du proph\u00e8te Muhammad. C\u2019est pourquoi ce mausol\u00e9e fut nomm\u00e9 Gumbazi Saidon (\u00ab D\u00f4me des sayyids \u00bb). Dans la ville voisine de Kitab furent enterr\u00e9s d\u2019autres soufis c\u00e9l\u00e8bres, Darwish Muhammad as-Samarkandiy et son fils Xodji al Amkanaki, consid\u00e9r\u00e9s comme les 21e et 22e repr\u00e9sentants de la cha\u00eene (\u00ab silsila \u00bb) naqshbandiya.<\/p>\n<h3>Katta Langar<\/h3>\n<p><img loading=\"lazy\" decoding=\"async\" class=\"alignnone size-full wp-image-2261\" src=\"https:\/\/sitex.uz\/travel\/wp-content\/uploads\/2026\/01\/4.jpg\" alt=\"\" width=\"1190\" height=\"665\" srcset=\"https:\/\/sitex.uz\/travel\/wp-content\/uploads\/2026\/01\/4.jpg 1190w, https:\/\/sitex.uz\/travel\/wp-content\/uploads\/2026\/01\/4-300x168.jpg 300w, https:\/\/sitex.uz\/travel\/wp-content\/uploads\/2026\/01\/4-1024x572.jpg 1024w\" sizes=\"auto, (max-width: 1190px) 100vw, 1190px\" \/>\u00c0 70 km de la ville de Shakhrisabz se trouve un complexe unique, Katta Langar, qui signifie \u00ab Grand ancre \u00bb. Il y a environ cinq cents ans, la confr\u00e9rie soufie ISHKIYA y fut fond\u00e9e. La confr\u00e9rie ISHKIYA (ISHK signifie \u00ab amour de Dieu \u00bb), branche de la c\u00e9l\u00e8bre confr\u00e9rie soufie TAYFURIYA, prit son nom au VIIIe si\u00e8cle du c\u00e9l\u00e8bre fondateur Mekki Baba Ishki. On y trouve une mosqu\u00e9e. Elle fut construite en 1515 sur ordre du ma\u00eetre soufi Muhammad Siddik, chef de l\u2019ordre soufi ISHKIYA. Non loin de la mosqu\u00e9e se trouve la crypte familiale des cheikhs ISHKIYA, r\u00e9alis\u00e9e dans un style aust\u00e8re. Dans la crypte sont enterr\u00e9s le fondateur du monast\u00e8re de Katta Langar, Sheikhzade Muhammad Siddik, son p\u00e8re Sheikhzade Abul Xasan II et son fils Abul Xuseyn Axund.<\/p>\n<\/div><\/div><\/div><\/div><\/div><div class=\"vc_col-sm-4 wpb_column vc_column_container\"><div class=\"vc_column-inner\"><div class=\"wpb_wrapper\">[vc_wp_custommenu title=&#8221;Villes d&#8217;Ouzb\u00e9kistan&#8221; nav_menu=&#8221;582&#8243;]<\/div><\/div><\/div><\/div><\/div><\/section>\n","protected":false},"excerpt":{"rendered":"ChakhrisabzShakhrisabz, la \u00ab Ville verte \u00bb, a \u00e9t\u00e9 fond\u00e9e au VIIe si\u00e8cle. Au cours de sa longue histoire, cette ville a chang\u00e9 de nom \u00e0 de nombreuses reprises. Shakhrisabz \u00e9tait connue sous les noms de \u00ab Gava Sugda \u00bb (la ville des Sogdiens), \u00ab Nautaka \u00bb (Ville nouvelle) et \u00ab Kesh \u00bb (\u00c2me joyeuse). Sous...","protected":false},"author":1,"featured_media":2258,"parent":1365,"menu_order":15,"comment_status":"closed","ping_status":"closed","template":"","meta":{"_acf_changed":false,"footnotes":""},"class_list":["post-2272","page","type-page","status-publish","has-post-thumbnail","hentry"],"acf":[],"lang":"fr","translations":{"fr":2272,"de":2263,"en":2256,"ru":2270,"es":2274,"it":2276},"pll_sync_post":[],"_links":{"self":[{"href":"https:\/\/sitex.uz\/travel\/wp-json\/wp\/v2\/pages\/2272","targetHints":{"allow":["GET"]}}],"collection":[{"href":"https:\/\/sitex.uz\/travel\/wp-json\/wp\/v2\/pages"}],"about":[{"href":"https:\/\/sitex.uz\/travel\/wp-json\/wp\/v2\/types\/page"}],"author":[{"embeddable":true,"href":"https:\/\/sitex.uz\/travel\/wp-json\/wp\/v2\/users\/1"}],"replies":[{"embeddable":true,"href":"https:\/\/sitex.uz\/travel\/wp-json\/wp\/v2\/comments?post=2272"}],"version-history":[{"count":2,"href":"https:\/\/sitex.uz\/travel\/wp-json\/wp\/v2\/pages\/2272\/revisions"}],"predecessor-version":[{"id":2413,"href":"https:\/\/sitex.uz\/travel\/wp-json\/wp\/v2\/pages\/2272\/revisions\/2413"}],"up":[{"embeddable":true,"href":"https:\/\/sitex.uz\/travel\/wp-json\/wp\/v2\/pages\/1365"}],"wp:featuredmedia":[{"embeddable":true,"href":"https:\/\/sitex.uz\/travel\/wp-json\/wp\/v2\/media\/2258"}],"wp:attachment":[{"href":"https:\/\/sitex.uz\/travel\/wp-json\/wp\/v2\/media?parent=2272"}],"curies":[{"name":"wp","href":"https:\/\/api.w.org\/{rel}","templated":true}]}}