{"id":2263,"date":"2026-01-03T11:38:49","date_gmt":"2026-01-03T11:38:49","guid":{"rendered":"https:\/\/sitex.uz\/travel\/?page_id=2263"},"modified":"2026-01-04T05:59:57","modified_gmt":"2026-01-04T05:59:57","slug":"shakhrisabz","status":"publish","type":"page","link":"https:\/\/sitex.uz\/travel\/de\/usbekistan\/shakhrisabz\/","title":{"rendered":"Shakhrisabz"},"content":{"rendered":"<section class=\"l-section wpb_row us_custom_14417885 height_medium with_img\"><div class=\"l-section-img\" role=\"img\" aria-label=\"Image\" data-img-width=\"1530\" data-img-height=\"855\" style=\"background-image: url(https:\/\/sitex.uz\/travel\/wp-content\/uploads\/2026\/01\/Untitled-design-1.jpg);background-repeat: no-repeat;\"><\/div><div class=\"l-section-overlay\" style=\"background:rgba(0,0,0,0.26)\"><\/div><div class=\"l-section-h i-cf\"><div class=\"g-cols vc_row via_flex valign_top type_default stacking_default\"><div class=\"vc_col-sm-3 wpb_column vc_column_container\"><div class=\"vc_column-inner\"><div class=\"wpb_wrapper\"><\/div><\/div><\/div><div class=\"vc_col-sm-6 wpb_column vc_column_container\"><div class=\"vc_column-inner\"><div class=\"wpb_wrapper\"><h2 class=\"w-post-elm post_title us_custom_f99046b1 has_text_color entry-title color_link_inherit\">Shakhrisabz<\/h2><\/div><\/div><\/div><div class=\"vc_col-sm-3 wpb_column vc_column_container\"><div class=\"vc_column-inner\"><div class=\"wpb_wrapper\"><\/div><\/div><\/div><\/div><\/div><\/section><section class=\"l-section wpb_row height_medium\"><div class=\"l-section-h i-cf\"><div class=\"g-cols vc_row via_flex valign_top type_default stacking_default\"><div class=\"vc_col-sm-8 wpb_column vc_column_container\"><div class=\"vc_column-inner\"><div class=\"wpb_wrapper\"><div class=\"wpb_text_column us_custom_6df2ad6e has_text_color\"><div class=\"wpb_wrapper\"><p>Shakhrisabz \u201eGr\u00fcne Stadt \u201c wurde in VII Jh. gegr\u00fcndet. In seine ganze lange Geschichte hatte diese Stadt vielmal seinen Namen ge\u00e4ndert. Shakhrisabz wurde als \u201eGava Sugda\u201c (Die Stadt Sogder),\u201cNautaka\u201c (Neue Stadt), \u201eKesh\u201c (Lustige Seele). W\u00e4hrend der Regierungszeit (XIV-XV Jh.) Amir Temur und Ulugbek war goldene Zeit f\u00fcr die Stadt und die Stadt hatte sein richtiger Name bekommen, in diesem Zeitraum wurde die Stadt als \u201eKubbat ul ilm va Adab \u201e(Die Kuppel der Wissenschaft) genannt. Die Stadt liegt 658 m \u00fcber dem Meerspiegel. Einwohnerzahl ist 90 000 Menschen.<\/p>\n<h3>Ak-Saray Palast<\/h3>\n<p><img loading=\"lazy\" decoding=\"async\" class=\"alignnone size-full wp-image-2258\" src=\"https:\/\/sitex.uz\/travel\/wp-content\/uploads\/2026\/01\/Untitled-design-1.jpg\" alt=\"\" width=\"1530\" height=\"855\" srcset=\"https:\/\/sitex.uz\/travel\/wp-content\/uploads\/2026\/01\/Untitled-design-1.jpg 1530w, https:\/\/sitex.uz\/travel\/wp-content\/uploads\/2026\/01\/Untitled-design-1-300x168.jpg 300w, https:\/\/sitex.uz\/travel\/wp-content\/uploads\/2026\/01\/Untitled-design-1-1024x572.jpg 1024w\" sizes=\"auto, (max-width: 1530px) 100vw, 1530px\" \/>Im nord\u00f6stlichen Teil von Shakhrisabz war ein Palastkomplex, der das Territorium von Ak\u2013Saray Palast (wei\u00dfe Palast) umfasste und gut geplante Garten. Zurzeit wir k\u00f6nnen nur die Ruinen von Eingangsbereich sehen. Der Palast wurde in 1380 bis 1404 erbaut. Nachdem dieser Palast fertig war, Temur hatte seinen Thron nach Shakhrisabz gebracht. Heutzutage erhalten gebliebene Ruinenteile von Palast erreicht bis 38m hoch, aber damalige H\u00f6he konnte doppelt hoch gewesen sein. Diese prachtvolle Perle aus der Periode von Temur wurde in XVI. Jh. von usbekischen Regent Abdullah Chan vernichtet, der ganze Spuren von Temuridendynastie abwischen wollte, die fast ganze Territorium der Seidenstra\u00dfe reguliert hatten, der Ost mit Westen vereinte.<\/p>\n<h3>Dorus Saodat<\/h3>\n<p><img loading=\"lazy\" decoding=\"async\" class=\"alignnone size-full wp-image-2259\" src=\"https:\/\/sitex.uz\/travel\/wp-content\/uploads\/2026\/01\/2.jpg\" alt=\"\" width=\"1190\" height=\"665\" srcset=\"https:\/\/sitex.uz\/travel\/wp-content\/uploads\/2026\/01\/2.jpg 1190w, https:\/\/sitex.uz\/travel\/wp-content\/uploads\/2026\/01\/2-300x168.jpg 300w, https:\/\/sitex.uz\/travel\/wp-content\/uploads\/2026\/01\/2-1024x572.jpg 1024w\" sizes=\"auto, (max-width: 1190px) 100vw, 1190px\" \/>Dorus Saodat \u201e Zentrum f\u00fcr Macht und Kraft\u201c wurde in 1380 bis 1404 erbaut. Das besteht aus Mausoleum von Dahangir, Mausoleum von Temur und Moschee Hazrati Imam. Das Mausoleum von Jahongir stellt ein Geb\u00e4ude bedeckt mit kegelf\u00f6rmiger Kuppel vor. Es wurde f\u00fcr die Ehre seinen \u00e4ltesten Sohn von Temur gebaut, der sehr jung gestorben war, als er 20 Jahre alt war. Zweite Sohn Temurs Omar Shayx wurde auch da in 1394 begraben. Architektonische Analog dieses Komplexes k\u00f6nnen die Reisende im S\u00fcden von Kasachstan in Turkestan ringsherum von ber\u00fchmte Sufi Mausoleum finden, Begr\u00fcnder Sufi Ordens Yassaviya- Ahmad Yassaviy, das auch nach dem Befehl von Temur Gebaut wurde. Das Grab von Temur ist auch eine der prachtvollen Krypta zwischen mittelasiatische Architektur, aber es ist leer, weil er in Samarkand begraben ist.<\/p>\n<h3>Dorut Tilovat<\/h3>\n<p><img loading=\"lazy\" decoding=\"async\" class=\"alignnone size-full wp-image-2260\" src=\"https:\/\/sitex.uz\/travel\/wp-content\/uploads\/2026\/01\/3.jpg\" alt=\"\" width=\"1190\" height=\"665\" srcset=\"https:\/\/sitex.uz\/travel\/wp-content\/uploads\/2026\/01\/3.jpg 1190w, https:\/\/sitex.uz\/travel\/wp-content\/uploads\/2026\/01\/3-300x168.jpg 300w, https:\/\/sitex.uz\/travel\/wp-content\/uploads\/2026\/01\/3-1024x572.jpg 1024w\" sizes=\"auto, (max-width: 1190px) 100vw, 1190px\" \/>Dorut Tilovat (Zentrum f\u00fcr Nachdenken und Betrachtung) ist auch Denkmal von Temuridenzeit. Das besteht aus das Mausoleum Scheich Shamsiddin Kulol, Freitagsmoschee von Ulugbek und Mausoleum Gumbazi Saidon. Die Formierung dieses Komplexes ist engverbunden mit dem Namen von ber\u00fchmten Sufi Meister Scheich Shamsiddin Kulol. Er besa\u00df gro\u00dfe Position in der Temuridendynastie, als auch war er geistliche Lehrer von Temur und Temurs Vater, der Amir Taragay hie\u00df. Amir Kulal bekam den Titel \u201ePIR\u201c (geistliche Lehrer f\u00fcr Sufis) in der s\u00fcdlichen Region. Er war in 1370-1971 gestorben und wurde in diesem Komplex begraben. Freitagsmoschee Kuk Gumbaz \u201e Blaue Kuppel \u201c wurde nach dem Befehl von Ulugbek errichtet. Im Jahre 1437 Ulugbek hatte neben dem Mausoleum Scheich Shamsiddin Kulol das Mausoleum f\u00fcr Saiden gebaut, die der Nachkomme von Prophet Muhammed gelten. Und deswegen dieses Mausoleum bekam die Name Gumbazi Saidon (Kuppel des Saiden). In der Nachbarstadt unter dem Namen Kitab wurden andere ber\u00fchmte Sufis Darwish Muhammad as Samarkandiy und sein Sohn Xodji al Amkanaki begraben, die 21 und 22 Vertreter von der Kette \u201eSilsila\u201c Nakshbandiya gewesen waren.<\/p>\n<h3>Katta Langar<\/h3>\n<p><img loading=\"lazy\" decoding=\"async\" class=\"alignnone size-full wp-image-2261\" src=\"https:\/\/sitex.uz\/travel\/wp-content\/uploads\/2026\/01\/4.jpg\" alt=\"\" width=\"1190\" height=\"665\" srcset=\"https:\/\/sitex.uz\/travel\/wp-content\/uploads\/2026\/01\/4.jpg 1190w, https:\/\/sitex.uz\/travel\/wp-content\/uploads\/2026\/01\/4-300x168.jpg 300w, https:\/\/sitex.uz\/travel\/wp-content\/uploads\/2026\/01\/4-1024x572.jpg 1024w\" sizes=\"auto, (max-width: 1190px) 100vw, 1190px\" \/>70 km von der Stadt Shakhrisabz befindet sich einzigartige Komplex Katta Langar- bedeutet \u201eGro\u00dfe Anker\u201c. Hier, etwa F\u00fcnf Hundert Jahre vor wurde Sufi Bruderschaft ISHKIYA gegr\u00fcndet. Bruderschaft ISHKIYA (ISHK bedeutet \u201eLiebe zum Gott\u201c, Zweige von ber\u00fchmten Sufi Bruderschaft TAYFURIYA, hatte seinen Name in VIII Jh. von dem ber\u00fchmten Begr\u00fcnder dieser Bruderschaft Mekki Baba Ishki bekommen. Dort befindet sich eine Moschee. Es wurde im Jahre 1515 nach dem Befehl von Sufi Meister Muhammad Siddik gebaut, Leiter Sufi Orden ISHKIYA. Nicht weit von der Moschee befindet sich Familiengruft f\u00fcr Scheichs ISHKIYA, der asketischen Stil gemacht wurde. In der Gruft wurden Begr\u00fcnder des Klosters Katta Langar Scheichzade Muhammad Siddik, sein Vater Scheichzade Abul Xasan II und sein Sohn Abul Xuseyn Axund begraben.<\/p>\n<\/div><\/div><\/div><\/div><\/div><div class=\"vc_col-sm-4 wpb_column vc_column_container\"><div class=\"vc_column-inner\"><div class=\"wpb_wrapper\">[vc_wp_custommenu title=&#8221;St\u00e4dte Usbekistans&#8221; nav_menu=&#8221;581&#8243;]<\/div><\/div><\/div><\/div><\/div><\/section>\n","protected":false},"excerpt":{"rendered":"ShakhrisabzShakhrisabz \u201eGr\u00fcne Stadt \u201c wurde in VII Jh. gegr\u00fcndet. In seine ganze lange Geschichte hatte diese Stadt vielmal seinen Namen ge\u00e4ndert. Shakhrisabz wurde als \u201eGava Sugda\u201c (Die Stadt Sogder),\u201cNautaka\u201c (Neue Stadt), \u201eKesh\u201c (Lustige Seele). W\u00e4hrend der Regierungszeit (XIV-XV Jh.) Amir Temur und Ulugbek war goldene Zeit f\u00fcr die Stadt und die Stadt hatte sein richtiger...","protected":false},"author":1,"featured_media":2258,"parent":1363,"menu_order":15,"comment_status":"closed","ping_status":"closed","template":"","meta":{"_acf_changed":false,"footnotes":""},"class_list":["post-2263","page","type-page","status-publish","has-post-thumbnail","hentry"],"acf":[],"lang":"de","translations":{"de":2263,"en":2256,"ru":2270,"fr":2272,"es":2274,"it":2276},"pll_sync_post":[],"_links":{"self":[{"href":"https:\/\/sitex.uz\/travel\/wp-json\/wp\/v2\/pages\/2263","targetHints":{"allow":["GET"]}}],"collection":[{"href":"https:\/\/sitex.uz\/travel\/wp-json\/wp\/v2\/pages"}],"about":[{"href":"https:\/\/sitex.uz\/travel\/wp-json\/wp\/v2\/types\/page"}],"author":[{"embeddable":true,"href":"https:\/\/sitex.uz\/travel\/wp-json\/wp\/v2\/users\/1"}],"replies":[{"embeddable":true,"href":"https:\/\/sitex.uz\/travel\/wp-json\/wp\/v2\/comments?post=2263"}],"version-history":[{"count":3,"href":"https:\/\/sitex.uz\/travel\/wp-json\/wp\/v2\/pages\/2263\/revisions"}],"predecessor-version":[{"id":2408,"href":"https:\/\/sitex.uz\/travel\/wp-json\/wp\/v2\/pages\/2263\/revisions\/2408"}],"up":[{"embeddable":true,"href":"https:\/\/sitex.uz\/travel\/wp-json\/wp\/v2\/pages\/1363"}],"wp:featuredmedia":[{"embeddable":true,"href":"https:\/\/sitex.uz\/travel\/wp-json\/wp\/v2\/media\/2258"}],"wp:attachment":[{"href":"https:\/\/sitex.uz\/travel\/wp-json\/wp\/v2\/media?parent=2263"}],"curies":[{"name":"wp","href":"https:\/\/api.w.org\/{rel}","templated":true}]}}