{"id":2236,"date":"2026-01-03T10:28:51","date_gmt":"2026-01-03T10:28:51","guid":{"rendered":"https:\/\/sitex.uz\/travel\/?page_id=2236"},"modified":"2026-01-04T05:56:23","modified_gmt":"2026-01-04T05:56:23","slug":"fergana","status":"publish","type":"page","link":"https:\/\/sitex.uz\/travel\/de\/usbekistan\/fergana\/","title":{"rendered":"Fergana"},"content":{"rendered":"<section class=\"l-section wpb_row us_custom_14417885 height_medium with_img\"><div class=\"l-section-img\" role=\"img\" aria-label=\"Image\" data-img-width=\"1530\" data-img-height=\"855\" style=\"background-image: url(https:\/\/sitex.uz\/travel\/wp-content\/uploads\/2026\/01\/Untitled-design.jpg);background-repeat: no-repeat;\"><\/div><div class=\"l-section-overlay\" style=\"background:rgba(0,0,0,0.26)\"><\/div><div class=\"l-section-h i-cf\"><div class=\"g-cols vc_row via_flex valign_top type_default stacking_default\"><div class=\"vc_col-sm-3 wpb_column vc_column_container\"><div class=\"vc_column-inner\"><div class=\"wpb_wrapper\"><\/div><\/div><\/div><div class=\"vc_col-sm-6 wpb_column vc_column_container\"><div class=\"vc_column-inner\"><div class=\"wpb_wrapper\"><h2 class=\"w-post-elm post_title us_custom_f99046b1 has_text_color entry-title color_link_inherit\">Fergana<\/h2><\/div><\/div><\/div><div class=\"vc_col-sm-3 wpb_column vc_column_container\"><div class=\"vc_column-inner\"><div class=\"wpb_wrapper\"><\/div><\/div><\/div><\/div><\/div><\/section><section class=\"l-section wpb_row height_medium\"><div class=\"l-section-h i-cf\"><div class=\"g-cols vc_row via_flex valign_top type_default stacking_default\"><div class=\"vc_col-sm-8 wpb_column vc_column_container\"><div class=\"vc_column-inner\"><div class=\"wpb_wrapper\"><div class=\"wpb_text_column us_custom_6df2ad6e has_text_color\"><div class=\"wpb_wrapper\"><p>Fergana (ehemalige Skobelyew) ist administrative, \u00f6konomische und Kulturzentrum von Provinz seit 1938. Fergana wurde bis XIII Jh., sogdisch bedeutet \u201eParghana\u201c, \u201ePraghana, sanskritisch hatte die Bedeutung, wie \u201ekleine Region\u201c, persisch \u201eTal zwischen die Bergen \u00abund \u201egeschlossen Tal\u201c. Fergana liegt 580 m \u00fcber dem Meerspiegel. Die Einwohnerzahl ist 230.000. In Provinz Fergana befinden sich 3 wichtige, St\u00e4dte mit historischer und kultureller Werter, Kokand, Margilan und Rishtan.<\/p>\n<h3><strong>Kokand<\/strong><\/h3>\n<p>Nach der Meinung von Historiker ist diese Stadt mehr als 2 000 Jahre alt, aber erste Informationen scheint \u00fcber die Stadt nur in X jh. Es gibt verschiedene Versionen \u00fcber Etymologie der Stadt. Beispielweise, Istarhi und Ibn Chaukali erw\u00e4hnt in seinem Buch der Name \u201ekhavokand\u201c= Kokand bedeutet \u201esch\u00f6n angenehm\u201c oder \u201eDie Stadt der Wind\u201c. W\u00e4hrend das folgende Jahrhundert nutzte man den Namen Kokand (Die Stadt auf den H\u00fcgel). Anfang des XVIII Jh. wurde diese Stadt Hauptstadt von Kokand Khanat bis XIX Jh. Das war goldene Zeit f\u00fcr Kokand. Die Einwohnerzahl ist 215 000. Das ist zweigr\u00f6\u00dfte Stadt in Provinz Fergana.<\/p>\n<h3><strong>Palast Khudayarkhan<\/strong><\/h3>\n<p><img loading=\"lazy\" decoding=\"async\" class=\"alignnone size-full wp-image-2237\" src=\"https:\/\/sitex.uz\/travel\/wp-content\/uploads\/2026\/01\/1-2.webp\" alt=\"\" width=\"1190\" height=\"665\" srcset=\"https:\/\/sitex.uz\/travel\/wp-content\/uploads\/2026\/01\/1-2.webp 1190w, https:\/\/sitex.uz\/travel\/wp-content\/uploads\/2026\/01\/1-2-300x168.webp 300w, https:\/\/sitex.uz\/travel\/wp-content\/uploads\/2026\/01\/1-2-1024x572.webp 1024w\" sizes=\"auto, (max-width: 1190px) 100vw, 1190px\" \/>Der letzte Khan von Kokand, Khudayarkhan hatte den Bau seines Palastes in 1865 angefangen. Gem\u00e4\u00df historischen Quellen, befand sich vor Khudayarkhan Palast Vorort ein anderer Palast, gebaut von Emir Umar, und hie\u00df Zarrinsaroy \u201eGoldene Palast\u201c, der im Jahre 1842 von bucharischen Herrscher Emir Nasrullo zerst\u00f6rt wurde. Der Emir Nasrullo war bekannt im Westen unter dem Namen \u201eFleischer\u201c oder \u201eNero des Ostens \u201c (Claudius Caesar Nero). Der heutige Khudayarkhan Palast hatte 8 Hektar Grundfl\u00e4che und bestand aus 4 Teilen, Au\u00dfenpalast, Innenpalast, Mittelpalast und der Garten. Zurzeit k\u00f6nnen wir nur den wichtigsten Teil des Palastes \u201eInnenpalast \u201cansehen.<\/p>\n<h3><strong>Juma Moschee<\/strong><\/h3>\n<p><img loading=\"lazy\" decoding=\"async\" class=\"alignnone size-full wp-image-2238\" src=\"https:\/\/sitex.uz\/travel\/wp-content\/uploads\/2026\/01\/2-2.webp\" alt=\"\" width=\"1190\" height=\"665\" srcset=\"https:\/\/sitex.uz\/travel\/wp-content\/uploads\/2026\/01\/2-2.webp 1190w, https:\/\/sitex.uz\/travel\/wp-content\/uploads\/2026\/01\/2-2-300x168.webp 300w, https:\/\/sitex.uz\/travel\/wp-content\/uploads\/2026\/01\/2-2-1024x572.webp 1024w\" sizes=\"auto, (max-width: 1190px) 100vw, 1190px\" \/>Der Bau der Moschee wurde Anfang XIX Jh. nach dem Befehl von Alim khan angefangen, aber wurde durch Sufi Scheich Muhammad Ochund gestoppt. Er hatte dem Herrscher gesagt, dass eine Moschee (Gotteshaus) mit Steuer Gelder zu bauen, w\u00e4re Haram, weil Steuergelder zum Teil mit zwang von armen Menschen Entrechtung und das zum Bau eines Gotteshauses auszugeben, dient nicht die Sache. Als der Bruder von Alim Chan, Umar Chan den Thron bestiegt, hat er mit dem Bau weiter gemacht, dank der Finanzierung durch Vaqf Felder (landwirtschaftlichen Felder, die von Moschee geerntet werden, um ihre eigenen Kosten zu decken) Die Moschee besteht aus einer gro\u00dfen Veranda oder Dachterrasse mit 97,5&#215;22,5 m mit eigne Hanaka. Die Decke der Aywananlage (Veranda) ist aus 114 Holzteilen gemacht, dass die Zahl 114 Koransurren dastellen. Die Moschee hat 99 S\u00e4ulen, die Gotts Namen (Allah hat in 99 Zusatz namen, wie warmherzige, gn\u00e4dige) dastellen sollen.<\/p>\n<h3><strong>Dahmai Schohon<\/strong><\/h3>\n<p><img loading=\"lazy\" decoding=\"async\" class=\"alignnone size-full wp-image-2239\" src=\"https:\/\/sitex.uz\/travel\/wp-content\/uploads\/2026\/01\/3-2.webp\" alt=\"\" width=\"1190\" height=\"665\" srcset=\"https:\/\/sitex.uz\/travel\/wp-content\/uploads\/2026\/01\/3-2.webp 1190w, https:\/\/sitex.uz\/travel\/wp-content\/uploads\/2026\/01\/3-2-300x168.webp 300w, https:\/\/sitex.uz\/travel\/wp-content\/uploads\/2026\/01\/3-2-1024x572.webp 1024w\" sizes=\"auto, (max-width: 1190px) 100vw, 1190px\" \/>Dahmai Schohon ist ein Mausoleum f\u00fcr Herrscher von Kokand, aus dem XVIII jh. Die Herrscher, vor diesen Komplex gebaut hatten, wurden in Kadamjoy begraben. Das Wort \u201eDahma\u201c kommt aus dem \u201eDohili Mozor\u201c bedeutet (das Geb\u00e4ude \u00e4hnlich wie Gruft). Der Komplex wurde von Umar Khan f\u00fcr Norbutabiy Khan vorgesehen, aber Umar Khan konnte das Geb\u00e4ude nicht fertig stellen, weil er vorzeitig starb, deswegen seiner Arbeit wurde von seinem Sohn Madali Khan weitergef\u00fchrt. Architekten Usta Muhammed Koze und Muhammed Najjor hatten den Bau in 1824 fertig gebaut. Der Komplex besteht aus Eingangstor, Moschee und Gruft ist sch\u00f6nste Teile von diesem Ensemble. Typische Stil f\u00fcr Fergana, immer mit Paprika Zeichen darstellen.<\/p>\n<h3><strong>Medresse Norbutabiy<\/strong><\/h3>\n<p><img loading=\"lazy\" decoding=\"async\" class=\"alignnone size-full wp-image-2240\" src=\"https:\/\/sitex.uz\/travel\/wp-content\/uploads\/2026\/01\/4-2.webp\" alt=\"\" width=\"1190\" height=\"665\" srcset=\"https:\/\/sitex.uz\/travel\/wp-content\/uploads\/2026\/01\/4-2.webp 1190w, https:\/\/sitex.uz\/travel\/wp-content\/uploads\/2026\/01\/4-2-300x168.webp 300w, https:\/\/sitex.uz\/travel\/wp-content\/uploads\/2026\/01\/4-2-1024x572.webp 1024w\" sizes=\"auto, (max-width: 1190px) 100vw, 1190px\" \/>W\u00e4hrend der Regierungszeit Norbutabiy Khan (1766-1798) Kokand Khanat wurde viel mehr vergr\u00f6\u00dfert, und Norbutabiy beschloss in Kokand eine Medresse bauen zu lassen, die die Medressen von Buchara und Samarkand vergleichen konnten. Und deswegen hatte er die Baumeistern Usta Kosim und Muhammad Solih aus Buchara eingeladen. Die Medresse wurde im Jahre 1798 fertig gebaut. Sie funktionierte bis 1924, und im Sowjetzeit diente als Kaserne f\u00fcr Rote Armee.<\/p>\n<h3><strong>Dahmai Modari Khan<\/strong><\/h3>\n<p>Dieser Komplex mit Mausoleum f\u00fcr Frauen aus der Dynastie Ming, die in Kokand regierten. Dieses Mausoleum wurde f\u00fcr die Ehre Zuhro Oyim gebaut. Sie war Lieblingsfrau von Norbutabiy. Der Komplex wurde mit Befehl von ber\u00fchmten usbekischen Dichterin Mohlaroyim Nodira in 1825 gebaut. In Sowjetzeit wurde dieses Mausoleum zerst\u00f6rt, ist nur Khanaka davon erhalten geblieben. Dort befinden sich die Gr\u00e4ber von Prinzessinnen, Oyposcho Oyim, Nurjahon, Hokim,Oftob und Khonzoda Oyim.<\/p>\n<h3><strong>Medresse Muhammad Amin Khan<\/strong><\/h3>\n<p><img loading=\"lazy\" decoding=\"async\" class=\"alignnone size-full wp-image-2241\" src=\"https:\/\/sitex.uz\/travel\/wp-content\/uploads\/2026\/01\/5-2.webp\" alt=\"\" width=\"1190\" height=\"665\" srcset=\"https:\/\/sitex.uz\/travel\/wp-content\/uploads\/2026\/01\/5-2.webp 1190w, https:\/\/sitex.uz\/travel\/wp-content\/uploads\/2026\/01\/5-2-300x168.webp 300w, https:\/\/sitex.uz\/travel\/wp-content\/uploads\/2026\/01\/5-2-1024x572.webp 1024w\" sizes=\"auto, (max-width: 1190px) 100vw, 1190px\" \/>Das Gebiet Kaschgar im Westen China, war das Territorium von Kokand Khanat. Die Khanate kontrollierten dort kommerzielle enteressen. Sie schickten ihre Gesandten, die da Handelsverh\u00e4ltnisse, Steuer und die Rechten von kokandischen Kaufleute bewahren. Muhammed Amin Khan war auch solche Botschafter, der in Koschgar gearbeitet hatte. Als er nach Kokand zur\u00fcckkam, beschlie\u00df er in Hauptstadt eine Medresse bauen zu lassen. Der Baumeister Usta Bozor endete den Bau in 1837. Anfang XX Jh. das Geb\u00e4ude wurde mit Hilfe von Hauptrichter Kamol Qozi restauriert. Deswegen die Medresse bekam andere Name \u201eKamal Qozi Medresse. Zurzeit dort befindet sich ein B\u00fcro \u201eOltin Meros\u201c (Goldene Erbe).<\/p>\n<h3><strong>Margilan<\/strong><\/h3>\n<p><img loading=\"lazy\" decoding=\"async\" class=\"alignnone size-full wp-image-2242\" src=\"https:\/\/sitex.uz\/travel\/wp-content\/uploads\/2026\/01\/6-2.webp\" alt=\"\" width=\"1190\" height=\"665\" srcset=\"https:\/\/sitex.uz\/travel\/wp-content\/uploads\/2026\/01\/6-2.webp 1190w, https:\/\/sitex.uz\/travel\/wp-content\/uploads\/2026\/01\/6-2-300x168.webp 300w, https:\/\/sitex.uz\/travel\/wp-content\/uploads\/2026\/01\/6-2-1024x572.webp 1024w\" sizes=\"auto, (max-width: 1190px) 100vw, 1190px\" \/>Die Stadt ist mehr als 2 000 Jahre alt. Die Erste Informationen \u00fcber die Stadt erschienen in Quellen aus dem X Jh. Fr\u00fcher der Name von der Stadt war Marginon-aus dem Wort \u201eMurgh und Non\u201c(Huhn und Brot), engverbunden mit Invasion von Alexander der Gr\u00f6\u00dfte. Sp\u00e4ter wurde als Margilan genannt, was \u201eRasen\u201c bedeutet. Margilan ist eine das wichtigste Zentrum f\u00fcr Seidenproduzent. Die Stadt liegt 475 m \u00fcber dem Meerspiegel. Die Einwohnerzahl sind 185 000.<\/p>\n<h3><strong>Seidenfabrik \u201eYodgorlik\u201c<\/strong><\/h3>\n<p>Margilan ist wichtigste Zentrum f\u00fcr Seidenprodukte in Usbekistan, in der Fabrik unter dem Namen \u201e Yodgorlik\u201c, k\u00f6nnen die Touristen das Prozess der Seiden Erzeugnisse von Seidenzucht bis F\u00e4rbung des Seidenstoffs besichtigen. Diese Fabrik wurde im 1972 gegr\u00fcndet. Besonderheiten diese Fabrik ist, dass man der Handwerk-Industrie in leben h\u00e4lt. Die Fabrik produziert 6 000 m Seidenstoffe pro Jahr. Die Einheimische nennen die Produkte von der Seidenfabrik \u201eKhan Atlas\u201c (K\u00f6nigs Seide).<\/p>\n<h3><strong>Rischtan<\/strong><\/h3>\n<p>Der Name der Stadt kommt aus sogdischem Wort \u201eRush\u201c \u2013 bedeutet \u201erote Erde\u201c (wegen roten Lehmes \u2013 Hoki Surch). Der Name \u201eMit an\u201c bedeutet \u201eGeburtsort\u201c, \u201eHaus\u201c. Und deswegen der Name Rishtan k\u00f6nnte als \u201eDas Haus mit dem roten Lehm\u201c \u00fcbersetzt werden. Die Stadt ist ungef\u00e4hr 1 000 Jahre alt. Bis mongolische Invasion, war die Stadt ein wichtigster Teil der Seidenstra\u00dfe, die indische Gew\u00fcrze und chinesische Seide verbunden hatte. Rishtan ist stolz auf seiner keramischen Kunst. Ungef\u00e4hr seit X Jh. hatte in diesem Gebiet keramische Kunst viel weit entwickelt. Zurzeit gibt es in der Stadt mehr als 3 000 Keramiker. Die Einwohnerzahl ist 46 000. Die Einheimische Keramiker k\u00f6nnen das Prozess f\u00fcr die Touristen demonstrieren, wenn jemand f\u00fcr dieser Kunst interessiert.<\/p>\n<\/div><\/div><\/div><\/div><\/div><div class=\"vc_col-sm-4 wpb_column vc_column_container\"><div class=\"vc_column-inner\"><div class=\"wpb_wrapper\">[vc_wp_custommenu title=&#8221;St\u00e4dte Usbekistans&#8221; nav_menu=&#8221;581&#8243;]<\/div><\/div><\/div><\/div><\/div><\/section>\n","protected":false},"excerpt":{"rendered":"FerganaFergana (ehemalige Skobelyew) ist administrative, \u00f6konomische und Kulturzentrum von Provinz seit 1938. Fergana wurde bis XIII Jh., sogdisch bedeutet \u201eParghana\u201c, \u201ePraghana, sanskritisch hatte die Bedeutung, wie \u201ekleine Region\u201c, persisch \u201eTal zwischen die Bergen \u00abund \u201egeschlossen Tal\u201c. Fergana liegt 580 m \u00fcber dem Meerspiegel. Die Einwohnerzahl ist 230.000. In Provinz Fergana befinden sich 3 wichtige, St\u00e4dte...","protected":false},"author":1,"featured_media":2255,"parent":1363,"menu_order":23,"comment_status":"closed","ping_status":"closed","template":"","meta":{"_acf_changed":false,"footnotes":""},"class_list":["post-2236","page","type-page","status-publish","has-post-thumbnail","hentry"],"acf":[],"lang":"de","translations":{"de":2236,"en":2234,"ru":2247,"fr":2249,"es":2251,"it":2253},"pll_sync_post":[],"_links":{"self":[{"href":"https:\/\/sitex.uz\/travel\/wp-json\/wp\/v2\/pages\/2236","targetHints":{"allow":["GET"]}}],"collection":[{"href":"https:\/\/sitex.uz\/travel\/wp-json\/wp\/v2\/pages"}],"about":[{"href":"https:\/\/sitex.uz\/travel\/wp-json\/wp\/v2\/types\/page"}],"author":[{"embeddable":true,"href":"https:\/\/sitex.uz\/travel\/wp-json\/wp\/v2\/users\/1"}],"replies":[{"embeddable":true,"href":"https:\/\/sitex.uz\/travel\/wp-json\/wp\/v2\/comments?post=2236"}],"version-history":[{"count":3,"href":"https:\/\/sitex.uz\/travel\/wp-json\/wp\/v2\/pages\/2236\/revisions"}],"predecessor-version":[{"id":2402,"href":"https:\/\/sitex.uz\/travel\/wp-json\/wp\/v2\/pages\/2236\/revisions\/2402"}],"up":[{"embeddable":true,"href":"https:\/\/sitex.uz\/travel\/wp-json\/wp\/v2\/pages\/1363"}],"wp:featuredmedia":[{"embeddable":true,"href":"https:\/\/sitex.uz\/travel\/wp-json\/wp\/v2\/media\/2255"}],"wp:attachment":[{"href":"https:\/\/sitex.uz\/travel\/wp-json\/wp\/v2\/media?parent=2236"}],"curies":[{"name":"wp","href":"https:\/\/api.w.org\/{rel}","templated":true}]}}