{"id":2232,"date":"2026-01-03T05:08:28","date_gmt":"2026-01-03T05:08:28","guid":{"rendered":"https:\/\/sitex.uz\/travel\/?page_id=2232"},"modified":"2026-01-04T05:54:53","modified_gmt":"2026-01-04T05:54:53","slug":"khiva","status":"publish","type":"page","link":"https:\/\/sitex.uz\/travel\/it\/uzbekistan\/khiva\/","title":{"rendered":"Khiva"},"content":{"rendered":"<section class=\"l-section wpb_row us_custom_14417885 height_medium with_img\"><div class=\"l-section-img\" role=\"img\" aria-label=\"Image\" data-img-width=\"1360\" data-img-height=\"760\" style=\"background-image: url(https:\/\/sitex.uz\/travel\/wp-content\/uploads\/2025\/11\/1.jpg);background-repeat: no-repeat;\"><\/div><div class=\"l-section-overlay\" style=\"background:rgba(0,0,0,0.26)\"><\/div><div class=\"l-section-h i-cf\"><div class=\"g-cols vc_row via_flex valign_top type_default stacking_default\"><div class=\"vc_col-sm-3 wpb_column vc_column_container\"><div class=\"vc_column-inner\"><div class=\"wpb_wrapper\"><\/div><\/div><\/div><div class=\"vc_col-sm-6 wpb_column vc_column_container\"><div class=\"vc_column-inner\"><div class=\"wpb_wrapper\"><h2 class=\"w-post-elm post_title us_custom_f99046b1 has_text_color entry-title color_link_inherit\">Khiva<\/h2><\/div><\/div><\/div><div class=\"vc_col-sm-3 wpb_column vc_column_container\"><div class=\"vc_column-inner\"><div class=\"wpb_wrapper\"><\/div><\/div><\/div><\/div><\/div><\/section><section class=\"l-section wpb_row height_medium\"><div class=\"l-section-h i-cf\"><div class=\"g-cols vc_row via_flex valign_top type_default stacking_default\"><div class=\"vc_col-sm-8 wpb_column vc_column_container\"><div class=\"vc_column-inner\"><div class=\"wpb_wrapper\"><div class=\"wpb_text_column us_custom_6df2ad6e has_text_color\"><div class=\"wpb_wrapper\"><p>Gli scavi archeologici indicano che le origini di Khiva risalgono al V secolo d.C. Situata lungo la Via della Seta, questa citt\u00e0 misteriosa fu uno dei centri pi\u00f9 importanti dell\u2019antico Khorezm.<\/p>\n<p>Secondo la leggenda, la citt\u00e0 venne costruita con l\u2019aiuto della dea zoroastriana Ardaxiva, scesa sulla Terra per amore di un uomo mortale. Un\u2019altra tradizione collega il nome a \u201cArda Khiva\u201d, oppure a Sem, figlio del profeta No\u00e8, che avrebbe trovato qui un pozzo nel mezzo del deserto. Dal 1967 Khiva \u00e8 protetta dall\u2019UNESCO come &lt;museo a cielo aperto&gt;. La citt\u00e0 si trova a 91 m sul livello del mare e conta oltre 60.000 abitanti.<\/p>\n<h3><strong>Il monumento di Al-Khorezm (Algaritmus)<\/strong><\/h3>\n<p><img loading=\"lazy\" decoding=\"async\" class=\"alignnone size-full wp-image-2210\" src=\"https:\/\/sitex.uz\/travel\/wp-content\/uploads\/2026\/01\/1-1.webp\" alt=\"\" width=\"1190\" height=\"665\" srcset=\"https:\/\/sitex.uz\/travel\/wp-content\/uploads\/2026\/01\/1-1.webp 1190w, https:\/\/sitex.uz\/travel\/wp-content\/uploads\/2026\/01\/1-1-300x168.webp 300w, https:\/\/sitex.uz\/travel\/wp-content\/uploads\/2026\/01\/1-1-1024x572.webp 1024w\" sizes=\"auto, (max-width: 1190px) 100vw, 1190px\" \/><br \/>\nAbu Abdullah Muhammad ibn Musa al-Khorezmi nacque nel 783 a Khiva, uno dei maggiori centri culturali del Khorezm, in una famiglia zoroastriana. Il suo monumento in bronzo si trova vicino alla porta principale, Ata\u2013Darvaza. Autore di opere fondamentali in matematica, astronomia e geografia, ha lasciato un\u2019eredit\u00e0 di cui sono sopravvissuti circa 20 testi. Il suo &lt;Al-Kitob al Muxtasar fi xisab al-Jabr al-Muqabala&gt; diede il termine &lt;&lt;algebra&gt;&gt; e si diffuse in Europa come &lt;&lt;algoritmi&gt;&gt;.<\/p>\n<h3><strong>Ichan \u2013 Kala<\/strong><\/h3>\n<p><img loading=\"lazy\" decoding=\"async\" class=\"alignnone size-full wp-image-2211\" src=\"https:\/\/sitex.uz\/travel\/wp-content\/uploads\/2026\/01\/2-1.webp\" alt=\"\" width=\"1190\" height=\"665\" srcset=\"https:\/\/sitex.uz\/travel\/wp-content\/uploads\/2026\/01\/2-1.webp 1190w, https:\/\/sitex.uz\/travel\/wp-content\/uploads\/2026\/01\/2-1-300x168.webp 300w, https:\/\/sitex.uz\/travel\/wp-content\/uploads\/2026\/01\/2-1-1024x572.webp 1024w\" sizes=\"auto, (max-width: 1190px) 100vw, 1190px\" \/><br \/>\nNel XIX secolo la citt\u00e0 si ampli\u00f2 e si divise in due parti: Ichan-Kala (citt\u00e0 interna) e Dishan-Kala (citt\u00e0 esterna). Ichan-Kala \u00e8 circondata da possenti mura in terra e ha quattro porte: Ata Darvaza, Palvan Darvaza, Tash Darvaza e Bagcha Darvaza. Oggi \u00e8 un vero museo a cielo aperto.<\/p>\n<h3><strong>Madrasah di Muhammad Amin Khan<\/strong><\/h3>\n<p><img loading=\"lazy\" decoding=\"async\" class=\"alignnone size-full wp-image-2212\" src=\"https:\/\/sitex.uz\/travel\/wp-content\/uploads\/2026\/01\/3-1.webp\" alt=\"\" width=\"1190\" height=\"665\" srcset=\"https:\/\/sitex.uz\/travel\/wp-content\/uploads\/2026\/01\/3-1.webp 1190w, https:\/\/sitex.uz\/travel\/wp-content\/uploads\/2026\/01\/3-1-300x168.webp 300w, https:\/\/sitex.uz\/travel\/wp-content\/uploads\/2026\/01\/3-1-1024x572.webp 1024w\" sizes=\"auto, (max-width: 1190px) 100vw, 1190px\" \/><br \/>\nUna delle madrasah pi\u00f9 grandi e belle di Khiva, costruita tra il 1850 e il 1852. Disposta su due piani, conta 130 celle che ospitavano numerosi studenti. Completamente restaurata nel 1979, \u00e8 stata adattata come hotel.<\/p>\n<h3><strong>Kalta- Minor<\/strong><\/h3>\n<p><img loading=\"lazy\" decoding=\"async\" class=\"alignnone size-full wp-image-2213\" src=\"https:\/\/sitex.uz\/travel\/wp-content\/uploads\/2026\/01\/4-1.webp\" alt=\"\" width=\"1190\" height=\"665\" srcset=\"https:\/\/sitex.uz\/travel\/wp-content\/uploads\/2026\/01\/4-1.webp 1190w, https:\/\/sitex.uz\/travel\/wp-content\/uploads\/2026\/01\/4-1-300x168.webp 300w, https:\/\/sitex.uz\/travel\/wp-content\/uploads\/2026\/01\/4-1-1024x572.webp 1024w\" sizes=\"auto, (max-width: 1190px) 100vw, 1190px\" \/><br \/>\nKalta-Minor, il &lt;&lt;minareto corto&gt;&gt;, doveva diventare il pi\u00f9 alto dell\u2019Asia Centrale, ma rimase incompiuto. La sua forma imponente \u00e8 oggi uno dei simboli pi\u00f9 riconoscibili di Khiva. Vi si accede dal secondo piano della madrasah di Amin Khan.<\/p>\n<h3><strong>Palazzo-fortezza Kuhna-Ark<\/strong><\/h3>\n<p><img loading=\"lazy\" decoding=\"async\" class=\"alignnone size-full wp-image-2214\" src=\"https:\/\/sitex.uz\/travel\/wp-content\/uploads\/2026\/01\/5-1.webp\" alt=\"\" width=\"1190\" height=\"665\" srcset=\"https:\/\/sitex.uz\/travel\/wp-content\/uploads\/2026\/01\/5-1.webp 1190w, https:\/\/sitex.uz\/travel\/wp-content\/uploads\/2026\/01\/5-1-300x168.webp 300w, https:\/\/sitex.uz\/travel\/wp-content\/uploads\/2026\/01\/5-1-1024x572.webp 1024w\" sizes=\"auto, (max-width: 1190px) 100vw, 1190px\" \/><br \/>\nKuhna-Ark \u00e8 una delle fortezze pi\u00f9 antiche di Khiva e fu la residenza dei sovrani a Ichan-Kala. Qui si trovavano sale di ricevimento, moschee, laboratori e strutture militari. Dal bastione Ak Sheich Baba si gode una vista magnifica su Ichan-Kala al tramonto.<\/p>\n<h3><strong>Madrasah di Muhammad Rahimkhan II<\/strong><\/h3>\n<p><img loading=\"lazy\" decoding=\"async\" class=\"alignnone size-full wp-image-2215\" src=\"https:\/\/sitex.uz\/travel\/wp-content\/uploads\/2026\/01\/6-1.webp\" alt=\"\" width=\"1190\" height=\"665\" srcset=\"https:\/\/sitex.uz\/travel\/wp-content\/uploads\/2026\/01\/6-1.webp 1190w, https:\/\/sitex.uz\/travel\/wp-content\/uploads\/2026\/01\/6-1-300x168.webp 300w, https:\/\/sitex.uz\/travel\/wp-content\/uploads\/2026\/01\/6-1-1024x572.webp 1024w\" sizes=\"auto, (max-width: 1190px) 100vw, 1190px\" \/><br \/>\nCostruita nel 1871 e legata a Muhammad Rahimkhan II, noto anche come il poeta Feruz. Si distingue per proporzioni e impianto. Oggi ospita un museo dedicato alla letteratura e alla storia del Khorezm.<\/p>\n<h3><strong>Madrasah Kazi Kalon<\/strong><\/h3>\n<p><img loading=\"lazy\" decoding=\"async\" class=\"alignnone size-full wp-image-2216\" src=\"https:\/\/sitex.uz\/travel\/wp-content\/uploads\/2026\/01\/7.webp\" alt=\"\" width=\"1190\" height=\"665\" srcset=\"https:\/\/sitex.uz\/travel\/wp-content\/uploads\/2026\/01\/7.webp 1190w, https:\/\/sitex.uz\/travel\/wp-content\/uploads\/2026\/01\/7-300x168.webp 300w, https:\/\/sitex.uz\/travel\/wp-content\/uploads\/2026\/01\/7-1024x572.webp 1024w\" sizes=\"auto, (max-width: 1190px) 100vw, 1190px\" \/><br \/>\nFondata nel 1905 da Kazi Kalon Salim Oxun, giudice principale del khanato. Attualmente \u00e8 un museo di musica tradizionale, con strumenti nazionali e ascolti di melodie locali.<\/p>\n<h3><strong>Madrasah e minareto Islam Xodja<\/strong><\/h3>\n<p><img loading=\"lazy\" decoding=\"async\" class=\"alignnone size-full wp-image-2218\" src=\"https:\/\/sitex.uz\/travel\/wp-content\/uploads\/2026\/01\/8.webp\" alt=\"\" width=\"1190\" height=\"665\" srcset=\"https:\/\/sitex.uz\/travel\/wp-content\/uploads\/2026\/01\/8.webp 1190w, https:\/\/sitex.uz\/travel\/wp-content\/uploads\/2026\/01\/8-300x168.webp 300w, https:\/\/sitex.uz\/travel\/wp-content\/uploads\/2026\/01\/8-1024x572.webp 1024w\" sizes=\"auto, (max-width: 1190px) 100vw, 1190px\" \/><br \/>\nCostruiti tra il 1908 e il 1910 da Islam Xodja, visir e grande promotore dell\u2019architettura di Khiva. La madrasah ospita oggi un museo di arti applicate. Il minareto (46 m) \u00e8 il pi\u00f9 alto della citt\u00e0, decorato con mattoni smaltati e sormontato dalla struttura metallica lucente chiamata &lt;&lt;Patal&gt;&gt;.<\/p>\n<h3><strong>Moschea Juma<\/strong><\/h3>\n<p><img loading=\"lazy\" decoding=\"async\" class=\"alignnone size-full wp-image-2219\" src=\"https:\/\/sitex.uz\/travel\/wp-content\/uploads\/2026\/01\/9.webp\" alt=\"\" width=\"1190\" height=\"665\" srcset=\"https:\/\/sitex.uz\/travel\/wp-content\/uploads\/2026\/01\/9.webp 1190w, https:\/\/sitex.uz\/travel\/wp-content\/uploads\/2026\/01\/9-300x168.webp 300w, https:\/\/sitex.uz\/travel\/wp-content\/uploads\/2026\/01\/9-1024x572.webp 1024w\" sizes=\"auto, (max-width: 1190px) 100vw, 1190px\" \/><br \/>\nLa moschea del Venerd\u00ec di Khiva \u00e8 famosa per lo stile antico del Khorezm e per le sue 213 colonne di legno intagliato. Costruita nell\u2019XI secolo e ricostruita nel XVIII, \u00e8 uno dei luoghi pi\u00f9 suggestivi della citt\u00e0.<\/p>\n<h3><strong>Palazzo Tash- Xovli<\/strong><\/h3>\n<p><img loading=\"lazy\" decoding=\"async\" class=\"alignnone size-full wp-image-2220\" src=\"https:\/\/sitex.uz\/travel\/wp-content\/uploads\/2026\/01\/10.webp\" alt=\"\" width=\"1190\" height=\"665\" srcset=\"https:\/\/sitex.uz\/travel\/wp-content\/uploads\/2026\/01\/10.webp 1190w, https:\/\/sitex.uz\/travel\/wp-content\/uploads\/2026\/01\/10-300x168.webp 300w, https:\/\/sitex.uz\/travel\/wp-content\/uploads\/2026\/01\/10-1024x572.webp 1024w\" sizes=\"auto, (max-width: 1190px) 100vw, 1190px\" \/><br \/>\nTash-Xovli \u00e8 un capolavoro del XIX secolo, edificato da Allakulikhan (1832\u20131838). Il palazzo comprende corti cerimoniali, spazi per gli ospiti e un complesso dell\u2019harem riccamente decorato.<\/p>\n<h3><strong>Mausoleo di Pahlavan Mahmud<\/strong><\/h3>\n<p><img loading=\"lazy\" decoding=\"async\" class=\"alignnone size-full wp-image-2221\" src=\"https:\/\/sitex.uz\/travel\/wp-content\/uploads\/2026\/01\/11.webp\" alt=\"\" width=\"1190\" height=\"665\" srcset=\"https:\/\/sitex.uz\/travel\/wp-content\/uploads\/2026\/01\/11.webp 1190w, https:\/\/sitex.uz\/travel\/wp-content\/uploads\/2026\/01\/11-300x168.webp 300w, https:\/\/sitex.uz\/travel\/wp-content\/uploads\/2026\/01\/11-1024x572.webp 1024w\" sizes=\"auto, (max-width: 1190px) 100vw, 1190px\" \/><br \/>\nNato nel XIV secolo come piccola cripta, il mausoleo onora Pahlavan Mahmud, maestro sufi, poeta-filosofo e lottatore leggendario. Oggi \u00e8 uno dei principali luoghi di pellegrinaggio di Khiva.<\/p>\n<h3><strong>Dishan- Kala (Rabat)<\/strong><\/h3>\n<p><img loading=\"lazy\" decoding=\"async\" class=\"alignnone size-full wp-image-2222\" src=\"https:\/\/sitex.uz\/travel\/wp-content\/uploads\/2026\/01\/12.webp\" alt=\"\" width=\"1190\" height=\"665\" srcset=\"https:\/\/sitex.uz\/travel\/wp-content\/uploads\/2026\/01\/12.webp 1190w, https:\/\/sitex.uz\/travel\/wp-content\/uploads\/2026\/01\/12-300x168.webp 300w, https:\/\/sitex.uz\/travel\/wp-content\/uploads\/2026\/01\/12-1024x572.webp 1024w\" sizes=\"auto, (max-width: 1190px) 100vw, 1190px\" \/><br \/>\nDishan-Kala (citt\u00e0 esterna) fu fondata all\u2019inizio del XIX secolo attorno a Ichan-Kala. Qui vivevano artigiani e mercanti dietro lunghe mura con porte d\u2019accesso. Vi erano anche giardini e residenze di campagna dei khan.<\/p>\n<h3><strong>Palazzo Nurillabay<\/strong><\/h3>\n<p><img loading=\"lazy\" decoding=\"async\" class=\"alignnone size-full wp-image-2223\" src=\"https:\/\/sitex.uz\/travel\/wp-content\/uploads\/2026\/01\/13.webp\" alt=\"\" width=\"1190\" height=\"665\" srcset=\"https:\/\/sitex.uz\/travel\/wp-content\/uploads\/2026\/01\/13.webp 1190w, https:\/\/sitex.uz\/travel\/wp-content\/uploads\/2026\/01\/13-300x168.webp 300w, https:\/\/sitex.uz\/travel\/wp-content\/uploads\/2026\/01\/13-1024x572.webp 1024w\" sizes=\"auto, (max-width: 1190px) 100vw, 1190px\" \/><br \/>\nCostruito fuori dalla citt\u00e0 vecchia, il Palazzo Nurillabay si distingue per la combinazione di elementi locali ed europei. Muhammad Rahimkhan II Feruz lo fece edificare come dono per il figlio e lo adatt\u00f2 poi per cerimonie. In epoca sovietica ebbe funzioni amministrative e museali; oggi \u00e8 noto per le sue sette sale diverse.<\/p>\n<\/div><\/div><\/div><\/div><\/div><div class=\"vc_col-sm-4 wpb_column vc_column_container\"><div class=\"vc_column-inner\"><div class=\"wpb_wrapper\">[vc_wp_custommenu title=&#8221;Citt\u00e0 dell&#8217;Uzbekistan&#8221; nav_menu=&#8221;585&#8243;]<\/div><\/div><\/div><\/div><\/div><\/section>\n","protected":false},"excerpt":{"rendered":"Khiva Gli scavi archeologici indicano che le origini di Khiva risalgono al V secolo d.C. Situata lungo la Via della Seta, questa citt\u00e0 misteriosa fu uno dei centri pi\u00f9 importanti dell\u2019antico Khorezm. Secondo la leggenda, la citt\u00e0 venne costruita con l\u2019aiuto della dea zoroastriana Ardaxiva, scesa sulla Terra per amore di un uomo mortale. Un\u2019altra...","protected":false},"author":1,"featured_media":1844,"parent":1367,"menu_order":27,"comment_status":"closed","ping_status":"closed","template":"","meta":{"_acf_changed":false,"footnotes":""},"class_list":["post-2232","page","type-page","status-publish","has-post-thumbnail","hentry"],"acf":[],"lang":"it","translations":{"it":2232,"de":2209,"en":2207,"ru":2226,"fr":2228,"es":2230},"pll_sync_post":[],"_links":{"self":[{"href":"https:\/\/sitex.uz\/travel\/wp-json\/wp\/v2\/pages\/2232","targetHints":{"allow":["GET"]}}],"collection":[{"href":"https:\/\/sitex.uz\/travel\/wp-json\/wp\/v2\/pages"}],"about":[{"href":"https:\/\/sitex.uz\/travel\/wp-json\/wp\/v2\/types\/page"}],"author":[{"embeddable":true,"href":"https:\/\/sitex.uz\/travel\/wp-json\/wp\/v2\/users\/1"}],"replies":[{"embeddable":true,"href":"https:\/\/sitex.uz\/travel\/wp-json\/wp\/v2\/comments?post=2232"}],"version-history":[{"count":2,"href":"https:\/\/sitex.uz\/travel\/wp-json\/wp\/v2\/pages\/2232\/revisions"}],"predecessor-version":[{"id":2400,"href":"https:\/\/sitex.uz\/travel\/wp-json\/wp\/v2\/pages\/2232\/revisions\/2400"}],"up":[{"embeddable":true,"href":"https:\/\/sitex.uz\/travel\/wp-json\/wp\/v2\/pages\/1367"}],"wp:featuredmedia":[{"embeddable":true,"href":"https:\/\/sitex.uz\/travel\/wp-json\/wp\/v2\/media\/1844"}],"wp:attachment":[{"href":"https:\/\/sitex.uz\/travel\/wp-json\/wp\/v2\/media?parent=2232"}],"curies":[{"name":"wp","href":"https:\/\/api.w.org\/{rel}","templated":true}]}}