{"id":2230,"date":"2026-01-03T05:08:28","date_gmt":"2026-01-03T05:08:28","guid":{"rendered":"https:\/\/sitex.uz\/travel\/?page_id=2230"},"modified":"2026-01-04T05:54:20","modified_gmt":"2026-01-04T05:54:20","slug":"jiva","status":"publish","type":"page","link":"https:\/\/sitex.uz\/travel\/es\/uzbekistan\/jiva\/","title":{"rendered":"Jiva"},"content":{"rendered":"<section class=\"l-section wpb_row us_custom_14417885 height_medium with_img\"><div class=\"l-section-img\" role=\"img\" aria-label=\"Image\" data-img-width=\"1360\" data-img-height=\"760\" style=\"background-image: url(https:\/\/sitex.uz\/travel\/wp-content\/uploads\/2025\/11\/1.jpg);background-repeat: no-repeat;\"><\/div><div class=\"l-section-overlay\" style=\"background:rgba(0,0,0,0.26)\"><\/div><div class=\"l-section-h i-cf\"><div class=\"g-cols vc_row via_flex valign_top type_default stacking_default\"><div class=\"vc_col-sm-3 wpb_column vc_column_container\"><div class=\"vc_column-inner\"><div class=\"wpb_wrapper\"><\/div><\/div><\/div><div class=\"vc_col-sm-6 wpb_column vc_column_container\"><div class=\"vc_column-inner\"><div class=\"wpb_wrapper\"><h2 class=\"w-post-elm post_title us_custom_f99046b1 has_text_color entry-title color_link_inherit\">Jiva<\/h2><\/div><\/div><\/div><div class=\"vc_col-sm-3 wpb_column vc_column_container\"><div class=\"vc_column-inner\"><div class=\"wpb_wrapper\"><\/div><\/div><\/div><\/div><\/div><\/section><section class=\"l-section wpb_row height_medium\"><div class=\"l-section-h i-cf\"><div class=\"g-cols vc_row via_flex valign_top type_default stacking_default\"><div class=\"vc_col-sm-8 wpb_column vc_column_container\"><div class=\"vc_column-inner\"><div class=\"wpb_wrapper\"><div class=\"wpb_text_column us_custom_6df2ad6e has_text_color\"><div class=\"wpb_wrapper\"><p>Las excavaciones arqueol\u00f3gicas indican que los or\u00edgenes de Jiva (Khiva) se remontan al siglo V d.C. Situada en la Ruta de la Seda, esta ciudad misteriosa fue uno de los centros m\u00e1s importantes del antiguo Jorezm (Khorezm).<\/p>\n<p>Seg\u00fan la leyenda, la ciudad se construy\u00f3 con la ayuda de la diosa zoroastriana Ardaxiva, que descendi\u00f3 a la Tierra por amor a un mortal para fundarla para la humanidad. Otra versi\u00f3n relaciona el nombre con \u201cArda Khiva\u201d, o con Sem, hijo del profeta No\u00e9, quien hall\u00f3 aqu\u00ed un pozo en medio del desierto. Desde 1967, Jiva est\u00e1 protegida por la UNESCO como &lt;museo al aire libre&gt;. La ciudad se encuentra a 91 m sobre el nivel del mar y tiene m\u00e1s de 60.000 habitantes.<\/p>\n<h3><strong>El monumento de Al-Jorezm (Algaritmus)<\/strong><\/h3>\n<p><img loading=\"lazy\" decoding=\"async\" class=\"alignnone size-full wp-image-2210\" src=\"https:\/\/sitex.uz\/travel\/wp-content\/uploads\/2026\/01\/1-1.webp\" alt=\"\" width=\"1190\" height=\"665\" srcset=\"https:\/\/sitex.uz\/travel\/wp-content\/uploads\/2026\/01\/1-1.webp 1190w, https:\/\/sitex.uz\/travel\/wp-content\/uploads\/2026\/01\/1-1-300x168.webp 300w, https:\/\/sitex.uz\/travel\/wp-content\/uploads\/2026\/01\/1-1-1024x572.webp 1024w\" sizes=\"auto, (max-width: 1190px) 100vw, 1190px\" \/><br \/>\nAbu Abdullah Muhammad ibn Musa al-Jorezmi naci\u00f3 en 783 en Jiva, uno de los mayores centros culturales de Jorezm, en una familia zoroastriana. Su monumento de bronce se encuentra junto a la puerta principal, Ata\u2013Darvaza. Es autor de obras clave de matem\u00e1ticas, astronom\u00eda y geograf\u00eda; se conservan alrededor de 20 textos. Su &lt;Al-Kitob al Muxtasar fi xisab al-Jabr al-Muqabala&gt; dio el t\u00e9rmino &lt;&lt;\u00e1lgebra&gt;&gt; y se difundi\u00f3 en Europa como &lt;&lt;algoritmos&gt;&gt;.<\/p>\n<h3><strong>Ichan \u2013 Kala<\/strong><\/h3>\n<p><img loading=\"lazy\" decoding=\"async\" class=\"alignnone size-full wp-image-2211\" src=\"https:\/\/sitex.uz\/travel\/wp-content\/uploads\/2026\/01\/2-1.webp\" alt=\"\" width=\"1190\" height=\"665\" srcset=\"https:\/\/sitex.uz\/travel\/wp-content\/uploads\/2026\/01\/2-1.webp 1190w, https:\/\/sitex.uz\/travel\/wp-content\/uploads\/2026\/01\/2-1-300x168.webp 300w, https:\/\/sitex.uz\/travel\/wp-content\/uploads\/2026\/01\/2-1-1024x572.webp 1024w\" sizes=\"auto, (max-width: 1190px) 100vw, 1190px\" \/><br \/>\nEn el siglo XIX, la ciudad creci\u00f3 y se dividi\u00f3 en dos partes: Ichan-Kala (ciudad interior) y Dishan-Kala (ciudad exterior). Ichan-Kala est\u00e1 rodeada por una gran muralla de barro y cuenta con cuatro puertas: Ata Darvaza, Palvan Darvaza, Tash Darvaza y Bagcha Darvaza. Hoy es un aut\u00e9ntico museo al aire libre.<\/p>\n<h3><strong>Madrasa de Muhammad Amin Khan<\/strong><\/h3>\n<p><img loading=\"lazy\" decoding=\"async\" class=\"alignnone size-full wp-image-2212\" src=\"https:\/\/sitex.uz\/travel\/wp-content\/uploads\/2026\/01\/3-1.webp\" alt=\"\" width=\"1190\" height=\"665\" srcset=\"https:\/\/sitex.uz\/travel\/wp-content\/uploads\/2026\/01\/3-1.webp 1190w, https:\/\/sitex.uz\/travel\/wp-content\/uploads\/2026\/01\/3-1-300x168.webp 300w, https:\/\/sitex.uz\/travel\/wp-content\/uploads\/2026\/01\/3-1-1024x572.webp 1024w\" sizes=\"auto, (max-width: 1190px) 100vw, 1190px\" \/><br \/>\nUna de las madrasas m\u00e1s grandes y bellas de Jiva, construida entre 1850 y 1852. Tiene dos plantas y 130 celdas que alojaban a numerosos estudiantes. Restaurada por completo en 1979, fue adaptada como hotel.<\/p>\n<h3><strong>Kalta- Minor<\/strong><\/h3>\n<p><img loading=\"lazy\" decoding=\"async\" class=\"alignnone size-full wp-image-2213\" src=\"https:\/\/sitex.uz\/travel\/wp-content\/uploads\/2026\/01\/4-1.webp\" alt=\"\" width=\"1190\" height=\"665\" srcset=\"https:\/\/sitex.uz\/travel\/wp-content\/uploads\/2026\/01\/4-1.webp 1190w, https:\/\/sitex.uz\/travel\/wp-content\/uploads\/2026\/01\/4-1-300x168.webp 300w, https:\/\/sitex.uz\/travel\/wp-content\/uploads\/2026\/01\/4-1-1024x572.webp 1024w\" sizes=\"auto, (max-width: 1190px) 100vw, 1190px\" \/><br \/>\nKalta-Minor, el &lt;&lt;minarete corto&gt;&gt;, iba a ser el m\u00e1s alto de Asia Central, pero qued\u00f3 inacabado. Su forma poderosa y singular se convirti\u00f3 en s\u00edmbolo de la ciudad. Se accede desde la segunda planta de la madrasa de Amin Khan.<\/p>\n<h3><strong>Palacio-fortaleza Kuhna-Ark<\/strong><\/h3>\n<p><img loading=\"lazy\" decoding=\"async\" class=\"alignnone size-full wp-image-2214\" src=\"https:\/\/sitex.uz\/travel\/wp-content\/uploads\/2026\/01\/5-1.webp\" alt=\"\" width=\"1190\" height=\"665\" srcset=\"https:\/\/sitex.uz\/travel\/wp-content\/uploads\/2026\/01\/5-1.webp 1190w, https:\/\/sitex.uz\/travel\/wp-content\/uploads\/2026\/01\/5-1-300x168.webp 300w, https:\/\/sitex.uz\/travel\/wp-content\/uploads\/2026\/01\/5-1-1024x572.webp 1024w\" sizes=\"auto, (max-width: 1190px) 100vw, 1190px\" \/><br \/>\nKuhna-Ark es una de las fortalezas m\u00e1s antiguas de Jiva y fue residencia de los gobernantes en Ichan-Kala. Aqu\u00ed hab\u00eda salas de recepci\u00f3n, mezquitas, talleres y espacios militares. Desde el basti\u00f3n Ak Sheich Baba se disfruta una vista espectacular de Ichan-Kala al atardecer.<\/p>\n<h3><strong>Madrasa de Muhammad Rahimkhan II<\/strong><\/h3>\n<p><img loading=\"lazy\" decoding=\"async\" class=\"alignnone size-full wp-image-2215\" src=\"https:\/\/sitex.uz\/travel\/wp-content\/uploads\/2026\/01\/6-1.webp\" alt=\"\" width=\"1190\" height=\"665\" srcset=\"https:\/\/sitex.uz\/travel\/wp-content\/uploads\/2026\/01\/6-1.webp 1190w, https:\/\/sitex.uz\/travel\/wp-content\/uploads\/2026\/01\/6-1-300x168.webp 300w, https:\/\/sitex.uz\/travel\/wp-content\/uploads\/2026\/01\/6-1-1024x572.webp 1024w\" sizes=\"auto, (max-width: 1190px) 100vw, 1190px\" \/><br \/>\nConstruida en 1871 y asociada a Muhammad Rahimkhan II, tambi\u00e9n conocido como el poeta Feruz. Destaca por su dise\u00f1o y proporciones. Hoy funciona como museo de literatura e historia de Jorezm.<\/p>\n<h3><strong>Madrasa Kazi Kalon<\/strong><\/h3>\n<p><img loading=\"lazy\" decoding=\"async\" class=\"alignnone size-full wp-image-2216\" src=\"https:\/\/sitex.uz\/travel\/wp-content\/uploads\/2026\/01\/7.webp\" alt=\"\" width=\"1190\" height=\"665\" srcset=\"https:\/\/sitex.uz\/travel\/wp-content\/uploads\/2026\/01\/7.webp 1190w, https:\/\/sitex.uz\/travel\/wp-content\/uploads\/2026\/01\/7-300x168.webp 300w, https:\/\/sitex.uz\/travel\/wp-content\/uploads\/2026\/01\/7-1024x572.webp 1024w\" sizes=\"auto, (max-width: 1190px) 100vw, 1190px\" \/><br \/>\nFundada en 1905 por Kazi Kalon Salim Oxun, juez principal del kanato. Actualmente alberga un museo de m\u00fasica tradicional, con instrumentos nacionales y sonido local.<\/p>\n<h3><strong>Madrasa y minarete de Islam Xodja<\/strong><\/h3>\n<p><img loading=\"lazy\" decoding=\"async\" class=\"alignnone size-full wp-image-2218\" src=\"https:\/\/sitex.uz\/travel\/wp-content\/uploads\/2026\/01\/8.webp\" alt=\"\" width=\"1190\" height=\"665\" srcset=\"https:\/\/sitex.uz\/travel\/wp-content\/uploads\/2026\/01\/8.webp 1190w, https:\/\/sitex.uz\/travel\/wp-content\/uploads\/2026\/01\/8-300x168.webp 300w, https:\/\/sitex.uz\/travel\/wp-content\/uploads\/2026\/01\/8-1024x572.webp 1024w\" sizes=\"auto, (max-width: 1190px) 100vw, 1190px\" \/><br \/>\nConstruido entre 1908 y 1910 por Islam Xodja, visir y gran mecenas de Jiva. La madrasa alberga hoy un museo de artes aplicadas. El minarete (46 m) es el m\u00e1s alto de la ciudad, decorado con ladrillos vidriados y rematado por una estructura met\u00e1lica brillante llamada &lt;&lt;Patal&gt;&gt;.<\/p>\n<h3><strong>Mezquita Juma<\/strong><\/h3>\n<p><img loading=\"lazy\" decoding=\"async\" class=\"alignnone size-full wp-image-2219\" src=\"https:\/\/sitex.uz\/travel\/wp-content\/uploads\/2026\/01\/9.webp\" alt=\"\" width=\"1190\" height=\"665\" srcset=\"https:\/\/sitex.uz\/travel\/wp-content\/uploads\/2026\/01\/9.webp 1190w, https:\/\/sitex.uz\/travel\/wp-content\/uploads\/2026\/01\/9-300x168.webp 300w, https:\/\/sitex.uz\/travel\/wp-content\/uploads\/2026\/01\/9-1024x572.webp 1024w\" sizes=\"auto, (max-width: 1190px) 100vw, 1190px\" \/><br \/>\nLa mezquita del Viernes de Jiva es famosa por su estilo antiguo de Jorezm y por sus 213 columnas de madera tallada. Construida en el siglo XI y reconstruida en el XVIII, es uno de los lugares m\u00e1s aut\u00e9nticos de la ciudad.<\/p>\n<h3><strong>Palacio Tash- Xovli<\/strong><\/h3>\n<p><img loading=\"lazy\" decoding=\"async\" class=\"alignnone size-full wp-image-2220\" src=\"https:\/\/sitex.uz\/travel\/wp-content\/uploads\/2026\/01\/10.webp\" alt=\"\" width=\"1190\" height=\"665\" srcset=\"https:\/\/sitex.uz\/travel\/wp-content\/uploads\/2026\/01\/10.webp 1190w, https:\/\/sitex.uz\/travel\/wp-content\/uploads\/2026\/01\/10-300x168.webp 300w, https:\/\/sitex.uz\/travel\/wp-content\/uploads\/2026\/01\/10-1024x572.webp 1024w\" sizes=\"auto, (max-width: 1190px) 100vw, 1190px\" \/><br \/>\nTash-Xovli es una joya arquitect\u00f3nica del siglo XIX, edificada por Allakulikhan (1832\u20131838). Incluye patios ceremoniales, zonas de recepci\u00f3n y un complejo de har\u00e9n con decoraci\u00f3n exquisita.<\/p>\n<h3><strong>Mausoleo de Pahlavan Mahmud<\/strong><\/h3>\n<p><img loading=\"lazy\" decoding=\"async\" class=\"alignnone size-full wp-image-2221\" src=\"https:\/\/sitex.uz\/travel\/wp-content\/uploads\/2026\/01\/11.webp\" alt=\"\" width=\"1190\" height=\"665\" srcset=\"https:\/\/sitex.uz\/travel\/wp-content\/uploads\/2026\/01\/11.webp 1190w, https:\/\/sitex.uz\/travel\/wp-content\/uploads\/2026\/01\/11-300x168.webp 300w, https:\/\/sitex.uz\/travel\/wp-content\/uploads\/2026\/01\/11-1024x572.webp 1024w\" sizes=\"auto, (max-width: 1190px) 100vw, 1190px\" \/><br \/>\nLevantado originalmente en el siglo XIV como peque\u00f1a cripta, honra a Pahlavan Mahmud, maestro suf\u00ed, poeta-fil\u00f3sofo y luchador legendario. Hoy es uno de los principales lugares de peregrinaci\u00f3n de Jiva.<\/p>\n<h3><strong>Dishan- Kala (Rabat)<\/strong><\/h3>\n<p><img loading=\"lazy\" decoding=\"async\" class=\"alignnone size-full wp-image-2222\" src=\"https:\/\/sitex.uz\/travel\/wp-content\/uploads\/2026\/01\/12.webp\" alt=\"\" width=\"1190\" height=\"665\" srcset=\"https:\/\/sitex.uz\/travel\/wp-content\/uploads\/2026\/01\/12.webp 1190w, https:\/\/sitex.uz\/travel\/wp-content\/uploads\/2026\/01\/12-300x168.webp 300w, https:\/\/sitex.uz\/travel\/wp-content\/uploads\/2026\/01\/12-1024x572.webp 1024w\" sizes=\"auto, (max-width: 1190px) 100vw, 1190px\" \/><br \/>\nDishan-Kala (ciudad exterior) se fund\u00f3 a inicios del siglo XIX alrededor de Ichan-Kala. Aqu\u00ed viv\u00edan artesanos y comerciantes tras largas murallas con puertas. Tambi\u00e9n hubo jardines y residencias campestres de los kanes.<\/p>\n<h3><strong>Palacio Nurillabay<\/strong><\/h3>\n<p><img loading=\"lazy\" decoding=\"async\" class=\"alignnone size-full wp-image-2223\" src=\"https:\/\/sitex.uz\/travel\/wp-content\/uploads\/2026\/01\/13.webp\" alt=\"\" width=\"1190\" height=\"665\" srcset=\"https:\/\/sitex.uz\/travel\/wp-content\/uploads\/2026\/01\/13.webp 1190w, https:\/\/sitex.uz\/travel\/wp-content\/uploads\/2026\/01\/13-300x168.webp 300w, https:\/\/sitex.uz\/travel\/wp-content\/uploads\/2026\/01\/13-1024x572.webp 1024w\" sizes=\"auto, (max-width: 1190px) 100vw, 1190px\" \/><br \/>\nConstruido fuera de la ciudad antigua, el palacio Nurillabay destaca por su mezcla de elementos locales y europeos. Muhammad Rahimkhan II Feruz lo mand\u00f3 construir como regalo para su hijo y lo adapt\u00f3 para ceremonias. En \u00e9poca sovi\u00e9tica tuvo funciones administrativas y luego muse\u00edsticas; hoy es conocido por sus siete salas diferentes.<\/p>\n<\/div><\/div><\/div><\/div><\/div><div class=\"vc_col-sm-4 wpb_column vc_column_container\"><div class=\"vc_column-inner\"><div class=\"wpb_wrapper\">[vc_wp_custommenu title=&#8221;Ciudades de Uzbekist\u00e1n&#8221; nav_menu=&#8221;584&#8243;]<\/div><\/div><\/div><\/div><\/div><\/section>\n","protected":false},"excerpt":{"rendered":"Jiva Las excavaciones arqueol\u00f3gicas indican que los or\u00edgenes de Jiva (Khiva) se remontan al siglo V d.C. Situada en la Ruta de la Seda, esta ciudad misteriosa fue uno de los centros m\u00e1s importantes del antiguo Jorezm (Khorezm). Seg\u00fan la leyenda, la ciudad se construy\u00f3 con la ayuda de la diosa zoroastriana Ardaxiva, que descendi\u00f3...","protected":false},"author":1,"featured_media":1844,"parent":1360,"menu_order":27,"comment_status":"closed","ping_status":"closed","template":"","meta":{"_acf_changed":false,"footnotes":""},"class_list":["post-2230","page","type-page","status-publish","has-post-thumbnail","hentry"],"acf":[],"lang":"es","translations":{"es":2230,"de":2209,"en":2207,"ru":2226,"fr":2228,"it":2232},"pll_sync_post":[],"_links":{"self":[{"href":"https:\/\/sitex.uz\/travel\/wp-json\/wp\/v2\/pages\/2230","targetHints":{"allow":["GET"]}}],"collection":[{"href":"https:\/\/sitex.uz\/travel\/wp-json\/wp\/v2\/pages"}],"about":[{"href":"https:\/\/sitex.uz\/travel\/wp-json\/wp\/v2\/types\/page"}],"author":[{"embeddable":true,"href":"https:\/\/sitex.uz\/travel\/wp-json\/wp\/v2\/users\/1"}],"replies":[{"embeddable":true,"href":"https:\/\/sitex.uz\/travel\/wp-json\/wp\/v2\/comments?post=2230"}],"version-history":[{"count":2,"href":"https:\/\/sitex.uz\/travel\/wp-json\/wp\/v2\/pages\/2230\/revisions"}],"predecessor-version":[{"id":2399,"href":"https:\/\/sitex.uz\/travel\/wp-json\/wp\/v2\/pages\/2230\/revisions\/2399"}],"up":[{"embeddable":true,"href":"https:\/\/sitex.uz\/travel\/wp-json\/wp\/v2\/pages\/1360"}],"wp:featuredmedia":[{"embeddable":true,"href":"https:\/\/sitex.uz\/travel\/wp-json\/wp\/v2\/media\/1844"}],"wp:attachment":[{"href":"https:\/\/sitex.uz\/travel\/wp-json\/wp\/v2\/media?parent=2230"}],"curies":[{"name":"wp","href":"https:\/\/api.w.org\/{rel}","templated":true}]}}