{"id":2228,"date":"2026-01-03T05:08:28","date_gmt":"2026-01-03T05:08:28","guid":{"rendered":"https:\/\/sitex.uz\/travel\/?page_id=2228"},"modified":"2026-01-04T05:53:41","modified_gmt":"2026-01-04T05:53:41","slug":"khiva","status":"publish","type":"page","link":"https:\/\/sitex.uz\/travel\/fr\/ouzbekistan\/khiva\/","title":{"rendered":"Khiva"},"content":{"rendered":"<section class=\"l-section wpb_row us_custom_14417885 height_medium with_img\"><div class=\"l-section-img\" role=\"img\" aria-label=\"Image\" data-img-width=\"1360\" data-img-height=\"760\" style=\"background-image: url(https:\/\/sitex.uz\/travel\/wp-content\/uploads\/2025\/11\/1.jpg);background-repeat: no-repeat;\"><\/div><div class=\"l-section-overlay\" style=\"background:rgba(0,0,0,0.26)\"><\/div><div class=\"l-section-h i-cf\"><div class=\"g-cols vc_row via_flex valign_top type_default stacking_default\"><div class=\"vc_col-sm-3 wpb_column vc_column_container\"><div class=\"vc_column-inner\"><div class=\"wpb_wrapper\"><\/div><\/div><\/div><div class=\"vc_col-sm-6 wpb_column vc_column_container\"><div class=\"vc_column-inner\"><div class=\"wpb_wrapper\"><h2 class=\"w-post-elm post_title us_custom_f99046b1 has_text_color entry-title color_link_inherit\">Khiva<\/h2><\/div><\/div><\/div><div class=\"vc_col-sm-3 wpb_column vc_column_container\"><div class=\"vc_column-inner\"><div class=\"wpb_wrapper\"><\/div><\/div><\/div><\/div><\/div><\/section><section class=\"l-section wpb_row height_medium\"><div class=\"l-section-h i-cf\"><div class=\"g-cols vc_row via_flex valign_top type_default stacking_default\"><div class=\"vc_col-sm-8 wpb_column vc_column_container\"><div class=\"vc_column-inner\"><div class=\"wpb_wrapper\"><div class=\"wpb_text_column us_custom_6df2ad6e has_text_color\"><div class=\"wpb_wrapper\"><p>Les fouilles arch\u00e9ologiques montrent que les origines de Khiva remontent au Ve si\u00e8cle de notre \u00e8re. Situ\u00e9e sur la Route de la Soie, cette ville myst\u00e9rieuse fut l\u2019un des centres majeurs de l\u2019ancien Khorezm.<\/p>\n<p>Selon la l\u00e9gende, la ville aurait \u00e9t\u00e9 \u00e9difi\u00e9e avec l\u2019aide de la d\u00e9esse zoroastrienne Ardaxiva, descendue sur terre par amour pour un mortel. Une autre tradition relie le nom \u00e0 \u00ab Arda Khiva \u00bb, ou \u00e0 Sem, fils du proph\u00e8te No\u00e9, qui aurait d\u00e9couvert ici un puits au c\u0153ur du d\u00e9sert. Depuis 1967, Khiva est prot\u00e9g\u00e9e par l\u2019UNESCO comme &lt;mus\u00e9e \u00e0 ciel ouvert&gt;. La ville se trouve \u00e0 91 m au-dessus du niveau de la mer et compte plus de 60 000 habitants.<\/p>\n<h3><strong>Le monument d\u2019Al-Khorezm (Algaritmus)<\/strong><\/h3>\n<p><img loading=\"lazy\" decoding=\"async\" class=\"alignnone size-full wp-image-2210\" src=\"https:\/\/sitex.uz\/travel\/wp-content\/uploads\/2026\/01\/1-1.webp\" alt=\"\" width=\"1190\" height=\"665\" srcset=\"https:\/\/sitex.uz\/travel\/wp-content\/uploads\/2026\/01\/1-1.webp 1190w, https:\/\/sitex.uz\/travel\/wp-content\/uploads\/2026\/01\/1-1-300x168.webp 300w, https:\/\/sitex.uz\/travel\/wp-content\/uploads\/2026\/01\/1-1-1024x572.webp 1024w\" sizes=\"auto, (max-width: 1190px) 100vw, 1190px\" \/><br \/>\nAbu Abdullah Muhammad ibn Musa al-Khorezmi naquit en 783 \u00e0 Khiva, dans l\u2019un des plus grands centres culturels du Khorezm, au sein d\u2019une famille zoroastrienne. Son monument en bronze se dresse pr\u00e8s de la porte principale, Ata\u2013Darvaza. Auteur d\u2019\u0153uvres majeures en math\u00e9matiques, astronomie et g\u00e9ographie, il a laiss\u00e9 un h\u00e9ritage dont une vingtaine de textes subsistent. Son &lt;Al-Kitob al Muxtasar fi xisab al-Jabr al-Muqabala&gt; a donn\u00e9 le terme &lt;&lt;alg\u00e8bre&gt;&gt; et s\u2019est diffus\u00e9 en Europe sous le nom &lt;&lt;algorithmes&gt;&gt;.<\/p>\n<h3><strong>Ichan \u2013 Kala<\/strong><\/h3>\n<p><img loading=\"lazy\" decoding=\"async\" class=\"alignnone size-full wp-image-2211\" src=\"https:\/\/sitex.uz\/travel\/wp-content\/uploads\/2026\/01\/2-1.webp\" alt=\"\" width=\"1190\" height=\"665\" srcset=\"https:\/\/sitex.uz\/travel\/wp-content\/uploads\/2026\/01\/2-1.webp 1190w, https:\/\/sitex.uz\/travel\/wp-content\/uploads\/2026\/01\/2-1-300x168.webp 300w, https:\/\/sitex.uz\/travel\/wp-content\/uploads\/2026\/01\/2-1-1024x572.webp 1024w\" sizes=\"auto, (max-width: 1190px) 100vw, 1190px\" \/><br \/>\nAu XIXe si\u00e8cle, la ville s\u2019agrandit et se divisa en deux parties : Ichan-Kala (ville int\u00e9rieure) et Dishan-Kala (ville ext\u00e9rieure). Ichan-Kala est ceinte de puissants remparts en terre et poss\u00e8de quatre portes : Ata Darvaza, Palvan Darvaza, Tash Darvaza et Bagcha Darvaza. Aujourd\u2019hui, c\u2019est un v\u00e9ritable mus\u00e9e \u00e0 ciel ouvert.<\/p>\n<h3><strong>M\u00e9dersa Muhammad Amin Khan<\/strong><\/h3>\n<p><img loading=\"lazy\" decoding=\"async\" class=\"alignnone size-full wp-image-2212\" src=\"https:\/\/sitex.uz\/travel\/wp-content\/uploads\/2026\/01\/3-1.webp\" alt=\"\" width=\"1190\" height=\"665\" srcset=\"https:\/\/sitex.uz\/travel\/wp-content\/uploads\/2026\/01\/3-1.webp 1190w, https:\/\/sitex.uz\/travel\/wp-content\/uploads\/2026\/01\/3-1-300x168.webp 300w, https:\/\/sitex.uz\/travel\/wp-content\/uploads\/2026\/01\/3-1-1024x572.webp 1024w\" sizes=\"auto, (max-width: 1190px) 100vw, 1190px\" \/><br \/>\nL\u2019une des plus grandes m\u00e9dersas de Khiva, b\u00e2tie en 1850\u20131852. Sur deux niveaux, elle compte 130 cellules qui accueillaient autrefois de nombreux \u00e9tudiants. Restaur\u00e9e en 1979, elle a \u00e9t\u00e9 am\u00e9nag\u00e9e en h\u00f4tel.<\/p>\n<h3><strong>Kalta- Minor<\/strong><\/h3>\n<p><img loading=\"lazy\" decoding=\"async\" class=\"alignnone size-full wp-image-2213\" src=\"https:\/\/sitex.uz\/travel\/wp-content\/uploads\/2026\/01\/4-1.webp\" alt=\"\" width=\"1190\" height=\"665\" srcset=\"https:\/\/sitex.uz\/travel\/wp-content\/uploads\/2026\/01\/4-1.webp 1190w, https:\/\/sitex.uz\/travel\/wp-content\/uploads\/2026\/01\/4-1-300x168.webp 300w, https:\/\/sitex.uz\/travel\/wp-content\/uploads\/2026\/01\/4-1-1024x572.webp 1024w\" sizes=\"auto, (max-width: 1190px) 100vw, 1190px\" \/><br \/>\nKalta-Minor, le &lt;&lt;minaret court&gt;&gt;, devait devenir le plus haut d\u2019Asie centrale, mais les travaux furent interrompus au milieu des ann\u00e9es 1850. Sa silhouette inachev\u00e9e est devenue un symbole incontournable de Khiva. On y acc\u00e8de depuis le deuxi\u00e8me \u00e9tage de la m\u00e9dersa Amin Khan.<\/p>\n<h3><strong>Palais-forteresse Kuhna-Ark<\/strong><\/h3>\n<p><img loading=\"lazy\" decoding=\"async\" class=\"alignnone size-full wp-image-2214\" src=\"https:\/\/sitex.uz\/travel\/wp-content\/uploads\/2026\/01\/5-1.webp\" alt=\"\" width=\"1190\" height=\"665\" srcset=\"https:\/\/sitex.uz\/travel\/wp-content\/uploads\/2026\/01\/5-1.webp 1190w, https:\/\/sitex.uz\/travel\/wp-content\/uploads\/2026\/01\/5-1-300x168.webp 300w, https:\/\/sitex.uz\/travel\/wp-content\/uploads\/2026\/01\/5-1-1024x572.webp 1024w\" sizes=\"auto, (max-width: 1190px) 100vw, 1190px\" \/><br \/>\nKuhna-Ark est l\u2019une des plus anciennes forteresses de Khiva et l\u2019ancienne r\u00e9sidence des souverains d\u2019Ichan-Kala. On y trouvait salles d\u2019audience, mosqu\u00e9es, ateliers, cuisines et espaces militaires. Depuis le bastion Ak Sheich Baba, la vue au coucher du soleil sur Ichan-Kala est spectaculaire.<\/p>\n<h3><strong>M\u00e9dersa Muhammad Rahimkhan II<\/strong><\/h3>\n<p><img loading=\"lazy\" decoding=\"async\" class=\"alignnone size-full wp-image-2215\" src=\"https:\/\/sitex.uz\/travel\/wp-content\/uploads\/2026\/01\/6-1.webp\" alt=\"\" width=\"1190\" height=\"665\" srcset=\"https:\/\/sitex.uz\/travel\/wp-content\/uploads\/2026\/01\/6-1.webp 1190w, https:\/\/sitex.uz\/travel\/wp-content\/uploads\/2026\/01\/6-1-300x168.webp 300w, https:\/\/sitex.uz\/travel\/wp-content\/uploads\/2026\/01\/6-1-1024x572.webp 1024w\" sizes=\"auto, (max-width: 1190px) 100vw, 1190px\" \/><br \/>\nConstruite en 1871 et associ\u00e9e \u00e0 Muhammad Rahimkhan II, \u00e9galement connu comme le po\u00e8te Feruz. Ses proportions et son plan la distinguent des autres m\u00e9dersas. Elle abrite aujourd\u2019hui un mus\u00e9e consacr\u00e9 \u00e0 la litt\u00e9rature et \u00e0 l\u2019histoire du Khorezm.<\/p>\n<h3><strong>M\u00e9dersa Kazi Kalon<\/strong><\/h3>\n<p><img loading=\"lazy\" decoding=\"async\" class=\"alignnone size-full wp-image-2216\" src=\"https:\/\/sitex.uz\/travel\/wp-content\/uploads\/2026\/01\/7.webp\" alt=\"\" width=\"1190\" height=\"665\" srcset=\"https:\/\/sitex.uz\/travel\/wp-content\/uploads\/2026\/01\/7.webp 1190w, https:\/\/sitex.uz\/travel\/wp-content\/uploads\/2026\/01\/7-300x168.webp 300w, https:\/\/sitex.uz\/travel\/wp-content\/uploads\/2026\/01\/7-1024x572.webp 1024w\" sizes=\"auto, (max-width: 1190px) 100vw, 1190px\" \/><br \/>\nFond\u00e9e en 1905 par Kazi Kalon Salim Oxun, juge supr\u00eame du khanat. Elle accueille actuellement un mus\u00e9e de musique traditionnelle, o\u00f9 l\u2019on d\u00e9couvre les instruments nationaux et les sons locaux.<\/p>\n<h3><strong>M\u00e9dersa et minaret d\u2019Islam Xodja<\/strong><\/h3>\n<p><img loading=\"lazy\" decoding=\"async\" class=\"alignnone size-full wp-image-2218\" src=\"https:\/\/sitex.uz\/travel\/wp-content\/uploads\/2026\/01\/8.webp\" alt=\"\" width=\"1190\" height=\"665\" srcset=\"https:\/\/sitex.uz\/travel\/wp-content\/uploads\/2026\/01\/8.webp 1190w, https:\/\/sitex.uz\/travel\/wp-content\/uploads\/2026\/01\/8-300x168.webp 300w, https:\/\/sitex.uz\/travel\/wp-content\/uploads\/2026\/01\/8-1024x572.webp 1024w\" sizes=\"auto, (max-width: 1190px) 100vw, 1190px\" \/><br \/>\n\u00c9difi\u00e9 en 1908\u20131910 par Islam Xodja, vizir et m\u00e9c\u00e8ne de Khiva. La m\u00e9dersa abrite un mus\u00e9e des arts appliqu\u00e9s. Le minaret (46 m), le plus haut de la ville, est orn\u00e9 de briques verniss\u00e9es et coiff\u00e9 d\u2019une structure m\u00e9tallique brillante appel\u00e9e &lt;&lt;Patal&gt;&gt;.<\/p>\n<h3><strong>Mosqu\u00e9e Juma<\/strong><\/h3>\n<p><img loading=\"lazy\" decoding=\"async\" class=\"alignnone size-full wp-image-2219\" src=\"https:\/\/sitex.uz\/travel\/wp-content\/uploads\/2026\/01\/9.webp\" alt=\"\" width=\"1190\" height=\"665\" srcset=\"https:\/\/sitex.uz\/travel\/wp-content\/uploads\/2026\/01\/9.webp 1190w, https:\/\/sitex.uz\/travel\/wp-content\/uploads\/2026\/01\/9-300x168.webp 300w, https:\/\/sitex.uz\/travel\/wp-content\/uploads\/2026\/01\/9-1024x572.webp 1024w\" sizes=\"auto, (max-width: 1190px) 100vw, 1190px\" \/><br \/>\nLa mosqu\u00e9e du Vendredi de Khiva est c\u00e9l\u00e8bre pour son style khorezmien ancien et ses 213 colonnes en bois sculpt\u00e9. \u00c9difi\u00e9e au XIe si\u00e8cle puis reconstruite au XVIIIe, elle reste l\u2019un des lieux les plus inspirants de la ville.<\/p>\n<h3><strong>Palais Tash- Xovli<\/strong><\/h3>\n<p><img loading=\"lazy\" decoding=\"async\" class=\"alignnone size-full wp-image-2220\" src=\"https:\/\/sitex.uz\/travel\/wp-content\/uploads\/2026\/01\/10.webp\" alt=\"\" width=\"1190\" height=\"665\" srcset=\"https:\/\/sitex.uz\/travel\/wp-content\/uploads\/2026\/01\/10.webp 1190w, https:\/\/sitex.uz\/travel\/wp-content\/uploads\/2026\/01\/10-300x168.webp 300w, https:\/\/sitex.uz\/travel\/wp-content\/uploads\/2026\/01\/10-1024x572.webp 1024w\" sizes=\"auto, (max-width: 1190px) 100vw, 1190px\" \/><br \/>\nTash-Xovli est un chef-d\u2019\u0153uvre du XIXe si\u00e8cle, construit par Allakulikhan (1832\u20131838). Le palais comprend des cours c\u00e9r\u00e9monielles, des espaces d\u2019accueil et un harem aux d\u00e9cors raffin\u00e9s.<\/p>\n<h3><strong>Mausol\u00e9e de Pahlavan Mahmud<\/strong><\/h3>\n<p><img loading=\"lazy\" decoding=\"async\" class=\"alignnone size-full wp-image-2221\" src=\"https:\/\/sitex.uz\/travel\/wp-content\/uploads\/2026\/01\/11.webp\" alt=\"\" width=\"1190\" height=\"665\" srcset=\"https:\/\/sitex.uz\/travel\/wp-content\/uploads\/2026\/01\/11.webp 1190w, https:\/\/sitex.uz\/travel\/wp-content\/uploads\/2026\/01\/11-300x168.webp 300w, https:\/\/sitex.uz\/travel\/wp-content\/uploads\/2026\/01\/11-1024x572.webp 1024w\" sizes=\"auto, (max-width: 1190px) 100vw, 1190px\" \/><br \/>\n\u00c0 l\u2019origine, au XIVe si\u00e8cle, il s\u2019agissait d\u2019une petite crypte d\u00e9di\u00e9e \u00e0 Pahlavan Mahmud, ma\u00eetre soufi, po\u00e8te-philosophe et lutteur l\u00e9gendaire. Aujourd\u2019hui, le mausol\u00e9e est un lieu de p\u00e8lerinage majeur \u00e0 Khiva.<\/p>\n<h3><strong>Dishan- Kala (Rabat)<\/strong><\/h3>\n<p><img loading=\"lazy\" decoding=\"async\" class=\"alignnone size-full wp-image-2222\" src=\"https:\/\/sitex.uz\/travel\/wp-content\/uploads\/2026\/01\/12.webp\" alt=\"\" width=\"1190\" height=\"665\" srcset=\"https:\/\/sitex.uz\/travel\/wp-content\/uploads\/2026\/01\/12.webp 1190w, https:\/\/sitex.uz\/travel\/wp-content\/uploads\/2026\/01\/12-300x168.webp 300w, https:\/\/sitex.uz\/travel\/wp-content\/uploads\/2026\/01\/12-1024x572.webp 1024w\" sizes=\"auto, (max-width: 1190px) 100vw, 1190px\" \/><br \/>\nDishan-Kala (ville ext\u00e9rieure) fut fond\u00e9e au d\u00e9but du XIXe si\u00e8cle autour d\u2019Ichan-Kala. Artisans et commer\u00e7ants y vivaient derri\u00e8re de longs remparts ponctu\u00e9s de portes. On y trouvait aussi des jardins et des r\u00e9sidences de campagne des khans.<\/p>\n<h3><strong>Palais Nurillabay<\/strong><\/h3>\n<p><img loading=\"lazy\" decoding=\"async\" class=\"alignnone size-full wp-image-2223\" src=\"https:\/\/sitex.uz\/travel\/wp-content\/uploads\/2026\/01\/13.webp\" alt=\"\" width=\"1190\" height=\"665\" srcset=\"https:\/\/sitex.uz\/travel\/wp-content\/uploads\/2026\/01\/13.webp 1190w, https:\/\/sitex.uz\/travel\/wp-content\/uploads\/2026\/01\/13-300x168.webp 300w, https:\/\/sitex.uz\/travel\/wp-content\/uploads\/2026\/01\/13-1024x572.webp 1024w\" sizes=\"auto, (max-width: 1190px) 100vw, 1190px\" \/><br \/>\nConstruit hors de la vieille ville, le palais Nurillabay se distingue par un m\u00e9lange d\u2019\u00e9l\u00e9ments locaux et europ\u00e9ens. Muhammad Rahimkhan II Feruz le fit \u00e9difier comme cadeau pour son fils et l\u2019am\u00e9nagea ensuite pour les c\u00e9r\u00e9monies. \u00c0 l\u2019\u00e9poque sovi\u00e9tique, il servit d\u2019administration puis de mus\u00e9e ; il est aujourd\u2019hui c\u00e9l\u00e8bre pour ses sept salles diff\u00e9rentes.<\/p>\n<\/div><\/div><\/div><\/div><\/div><div class=\"vc_col-sm-4 wpb_column vc_column_container\"><div class=\"vc_column-inner\"><div class=\"wpb_wrapper\">[vc_wp_custommenu title=&#8221;Villes d&#8217;Ouzb\u00e9kistan&#8221; nav_menu=&#8221;582&#8243;]<\/div><\/div><\/div><\/div><\/div><\/section>\n","protected":false},"excerpt":{"rendered":"Khiva Les fouilles arch\u00e9ologiques montrent que les origines de Khiva remontent au Ve si\u00e8cle de notre \u00e8re. Situ\u00e9e sur la Route de la Soie, cette ville myst\u00e9rieuse fut l\u2019un des centres majeurs de l\u2019ancien Khorezm. Selon la l\u00e9gende, la ville aurait \u00e9t\u00e9 \u00e9difi\u00e9e avec l\u2019aide de la d\u00e9esse zoroastrienne Ardaxiva, descendue sur terre par amour...","protected":false},"author":1,"featured_media":1844,"parent":1365,"menu_order":27,"comment_status":"closed","ping_status":"closed","template":"","meta":{"_acf_changed":false,"footnotes":""},"class_list":["post-2228","page","type-page","status-publish","has-post-thumbnail","hentry"],"acf":[],"lang":"fr","translations":{"fr":2228,"de":2209,"en":2207,"ru":2226,"es":2230,"it":2232},"pll_sync_post":[],"_links":{"self":[{"href":"https:\/\/sitex.uz\/travel\/wp-json\/wp\/v2\/pages\/2228","targetHints":{"allow":["GET"]}}],"collection":[{"href":"https:\/\/sitex.uz\/travel\/wp-json\/wp\/v2\/pages"}],"about":[{"href":"https:\/\/sitex.uz\/travel\/wp-json\/wp\/v2\/types\/page"}],"author":[{"embeddable":true,"href":"https:\/\/sitex.uz\/travel\/wp-json\/wp\/v2\/users\/1"}],"replies":[{"embeddable":true,"href":"https:\/\/sitex.uz\/travel\/wp-json\/wp\/v2\/comments?post=2228"}],"version-history":[{"count":2,"href":"https:\/\/sitex.uz\/travel\/wp-json\/wp\/v2\/pages\/2228\/revisions"}],"predecessor-version":[{"id":2398,"href":"https:\/\/sitex.uz\/travel\/wp-json\/wp\/v2\/pages\/2228\/revisions\/2398"}],"up":[{"embeddable":true,"href":"https:\/\/sitex.uz\/travel\/wp-json\/wp\/v2\/pages\/1365"}],"wp:featuredmedia":[{"embeddable":true,"href":"https:\/\/sitex.uz\/travel\/wp-json\/wp\/v2\/media\/1844"}],"wp:attachment":[{"href":"https:\/\/sitex.uz\/travel\/wp-json\/wp\/v2\/media?parent=2228"}],"curies":[{"name":"wp","href":"https:\/\/api.w.org\/{rel}","templated":true}]}}