{"id":2209,"date":"2026-01-03T05:08:28","date_gmt":"2026-01-03T05:08:28","guid":{"rendered":"https:\/\/sitex.uz\/travel\/?page_id=2209"},"modified":"2026-01-04T05:52:56","modified_gmt":"2026-01-04T05:52:56","slug":"khiva","status":"publish","type":"page","link":"https:\/\/sitex.uz\/travel\/de\/usbekistan\/khiva\/","title":{"rendered":"Khiva"},"content":{"rendered":"<section class=\"l-section wpb_row us_custom_14417885 height_medium with_img\"><div class=\"l-section-img\" role=\"img\" aria-label=\"Image\" data-img-width=\"1360\" data-img-height=\"760\" style=\"background-image: url(https:\/\/sitex.uz\/travel\/wp-content\/uploads\/2025\/11\/1.jpg);background-repeat: no-repeat;\"><\/div><div class=\"l-section-overlay\" style=\"background:rgba(0,0,0,0.26)\"><\/div><div class=\"l-section-h i-cf\"><div class=\"g-cols vc_row via_flex valign_top type_default stacking_default\"><div class=\"vc_col-sm-3 wpb_column vc_column_container\"><div class=\"vc_column-inner\"><div class=\"wpb_wrapper\"><\/div><\/div><\/div><div class=\"vc_col-sm-6 wpb_column vc_column_container\"><div class=\"vc_column-inner\"><div class=\"wpb_wrapper\"><h2 class=\"w-post-elm post_title us_custom_f99046b1 has_text_color entry-title color_link_inherit\">Khiva<\/h2><\/div><\/div><\/div><div class=\"vc_col-sm-3 wpb_column vc_column_container\"><div class=\"vc_column-inner\"><div class=\"wpb_wrapper\"><\/div><\/div><\/div><\/div><\/div><\/section><section class=\"l-section wpb_row height_medium\"><div class=\"l-section-h i-cf\"><div class=\"g-cols vc_row via_flex valign_top type_default stacking_default\"><div class=\"vc_col-sm-8 wpb_column vc_column_container\"><div class=\"vc_column-inner\"><div class=\"wpb_wrapper\"><div class=\"wpb_text_column us_custom_6df2ad6e has_text_color\"><div class=\"wpb_wrapper\"><p>Arch\u00e4ologische Ausgrabungen zeugen, dass der Zeitraum der Entstehung von Khiva geht auf V. Jh. von unserer Zeitrechnung. Gelegt auf der Seidenstra\u00dfe, diese mysteri\u00f6se Stadt war eine der wichtigste Staat von Alte Xorezm.<\/p>\n<p>Nach der Legende nach, Die Stadt wurde mit Hilfe von zoroastrischen G\u00f6ttin Ardaxiva ausgebaut, die verliebt in sterblichen Mann hatte und herab auf die Erde gekommen, um diese Stadt f\u00fcr die Menschheit zu errichten. Und deswegen die Stadt wurde als Khiva genannt, von dem Namen Arda Khiva, oder der Sohn von Prophet Noach Sem, der hier in der Mitte der W\u00fcste einen Brunnen gefunden hat. Aus 1967. Die Stadt Khiva ist unter dem Denkmalschutz von UNSCO, wie &lt; Freilichtmuseum&gt;. Die Stadt liegt 91 m \u00fcber dem Meerspiegel. Einwohnerzahl ist mehr als 60 000 Menschen.<\/p>\n<h3><strong>Das Denkmal von Al- Xorezm (Algaritmus)<\/strong><\/h3>\n<p><img loading=\"lazy\" decoding=\"async\" class=\"alignnone size-full wp-image-2210\" src=\"https:\/\/sitex.uz\/travel\/wp-content\/uploads\/2026\/01\/1-1.webp\" alt=\"\" width=\"1190\" height=\"665\" srcset=\"https:\/\/sitex.uz\/travel\/wp-content\/uploads\/2026\/01\/1-1.webp 1190w, https:\/\/sitex.uz\/travel\/wp-content\/uploads\/2026\/01\/1-1-300x168.webp 300w, https:\/\/sitex.uz\/travel\/wp-content\/uploads\/2026\/01\/1-1-1024x572.webp 1024w\" sizes=\"auto, (max-width: 1190px) 100vw, 1190px\" \/>Abu Abdullah Muhammad ibn Musa al- Xorezmi wurde in 783 in einem gr\u00f6\u00dften Kulturzentrum von Xorezm in Khiva in einer zoroastrischen Magierfamilie geboren. Sein Denkmal aus Bronze befindet sich neben dem Haupttor von Khiva Ata\u2013Darvaza. Er war Leiter von Mamun Akademie in Merv (Das Territorium von Turkmenistan, Filiale Ost Bagdad Akademie Wissenschaft Bayt ul\u2013Xikma). Al- Xoreymiy hatte viele Werke \u00fcber Mathematik, Geometrie, Astronomie, Geschichte, Geographie und andere Wissenschaften. Bis unsere Zeit sind nur 20 von denen erhalten geblieben. Insbesondere wichtige von denen ist &lt; Al-Kitob al Muxtasar fi xisab al-Jabr al- Muqabala &gt;, (Das Buch \u00fcber Z\u00e4hlung Al-Jabr al-Muqabala), das zur Wissenschaft Fachausdruck &lt;&lt; Algebra &gt;&gt; gegeben hatte. Dieses Werk wurde in XII. Jh. auf lateinische Sprache \u00fcbersetzt und wurde in ganzes Europa unter dem Namen &lt;&lt; Algorithmen &gt;&gt; verbreitet. Dieser ber\u00fchmte Mathematiker ist in 850 in Bagdad gestorben, wo er seinen letzten Jahren verbracht hatte.<\/p>\n<h3><strong>Ichan \u2013 Kala<\/strong><\/h3>\n<p><img loading=\"lazy\" decoding=\"async\" class=\"alignnone size-full wp-image-2211\" src=\"https:\/\/sitex.uz\/travel\/wp-content\/uploads\/2026\/01\/2-1.webp\" alt=\"\" width=\"1190\" height=\"665\" srcset=\"https:\/\/sitex.uz\/travel\/wp-content\/uploads\/2026\/01\/2-1.webp 1190w, https:\/\/sitex.uz\/travel\/wp-content\/uploads\/2026\/01\/2-1-300x168.webp 300w, https:\/\/sitex.uz\/travel\/wp-content\/uploads\/2026\/01\/2-1-1024x572.webp 1024w\" sizes=\"auto, (max-width: 1190px) 100vw, 1190px\" \/>In XIX. jh wurde die Stadt vergr\u00f6\u00dfert und bestand aus zwei Teilen Ichan-Kala \u2013 Shaxristan (Innenstadt) und Dishan \u2013 Kala \u2013 Rabat (Au\u00dfenstadt). Die Innenstadt Ichan\u2013Kala ist mit gro\u00dfer Lehmwand um gemauert und besteht aus verschiedenen bauk\u00fcnstlerischen Anlagen und hat vier Toren auf vier Himmelsrichtungen; die sind Ata Darvaza, Palvan Darvaza, Tash Darvaza und Bagcha Darvaza. Die Lange von Stadtmauer ist 2200 m. Die Stadtmauer ist 6-8 m hoch und 7-10 m breit. Das Territorium von Innenstadt ist 26 Hektar. Ichan- Kala ist ein Freilichtmuseum, das gro\u00dfe historische Erbe hat.<\/p>\n<h3><strong>Medresse Muhammad Amin Khan<\/strong><\/h3>\n<p><img loading=\"lazy\" decoding=\"async\" class=\"alignnone size-full wp-image-2212\" src=\"https:\/\/sitex.uz\/travel\/wp-content\/uploads\/2026\/01\/3-1.webp\" alt=\"\" width=\"1190\" height=\"665\" srcset=\"https:\/\/sitex.uz\/travel\/wp-content\/uploads\/2026\/01\/3-1.webp 1190w, https:\/\/sitex.uz\/travel\/wp-content\/uploads\/2026\/01\/3-1-300x168.webp 300w, https:\/\/sitex.uz\/travel\/wp-content\/uploads\/2026\/01\/3-1-1024x572.webp 1024w\" sizes=\"auto, (max-width: 1190px) 100vw, 1190px\" \/>Die gr\u00f6\u00dfte und sch\u00f6nste in Khiva wurde von Muhammad Amin Chan. Die Medresse wurde in 1850-1852 erbaut, besteht aus 2 Stockwerke und 130 Zellen f\u00fcr 260 Studenten. Ausma\u00dfe der Medresse ist 71,7 x 60 m, der Hof ist 35x35m. Die Medresse ist in 1979 vollst\u00e4ndig renoviert und umgestaltet als Hotel f\u00fcr Touristen.<\/p>\n<h3><strong>Kalta- Minor<\/strong><\/h3>\n<p><img loading=\"lazy\" decoding=\"async\" class=\"alignnone size-full wp-image-2213\" src=\"https:\/\/sitex.uz\/travel\/wp-content\/uploads\/2026\/01\/4-1.webp\" alt=\"\" width=\"1190\" height=\"665\" srcset=\"https:\/\/sitex.uz\/travel\/wp-content\/uploads\/2026\/01\/4-1.webp 1190w, https:\/\/sitex.uz\/travel\/wp-content\/uploads\/2026\/01\/4-1-300x168.webp 300w, https:\/\/sitex.uz\/travel\/wp-content\/uploads\/2026\/01\/4-1-1024x572.webp 1024w\" sizes=\"auto, (max-width: 1190px) 100vw, 1190px\" \/>Kalta-Minor &lt;&lt; Kurze Minarett &gt;&gt; hat die Form von Kegelstumpf, die einen tiefen Eindruck macht, da\u00df die H\u00f6he dieser Minarett 70-80 m sein sollte und Kalta Minar wurde als aller h\u00f6chste Minarett in Zentralasien geplant. Der Bau des Minaretts wurde in 1852 nach dem Befehl von Muhammed Amin Chan angefangen und wurde in 1855 wegen seines Todes mit den Feindseligkeiten in Nord Iran unterbrochen. Es gibt einen Gang zu dem Minarett durch zweiten Stock von Medresse Amin Chan. Persische Aufschrift von Historiker Ogahiy sagt, dass dieses Minarett &lt;&lt; unendliche S\u00e4ule von Himmel &gt;&gt;.<\/p>\n<h3><strong>Palast Kuhna-Ark<\/strong><\/h3>\n<p><img loading=\"lazy\" decoding=\"async\" class=\"alignnone size-full wp-image-2214\" src=\"https:\/\/sitex.uz\/travel\/wp-content\/uploads\/2026\/01\/5-1.webp\" alt=\"\" width=\"1190\" height=\"665\" srcset=\"https:\/\/sitex.uz\/travel\/wp-content\/uploads\/2026\/01\/5-1.webp 1190w, https:\/\/sitex.uz\/travel\/wp-content\/uploads\/2026\/01\/5-1-300x168.webp 300w, https:\/\/sitex.uz\/travel\/wp-content\/uploads\/2026\/01\/5-1-1024x572.webp 1024w\" sizes=\"auto, (max-width: 1190px) 100vw, 1190px\" \/>Kuhna\u2013Ark ist eine der \u00e4ltesten Festung in Khiva und die Residenz der Regenten von Khiva in Ichan\u2013Kala. In Territorium diese Festung befanden sich Kurinishxana (Empfangsraum), Arzxana (Beschwerderaum), M\u00fcnzpr\u00e4gung, Sommer und Wintermoschee, Milit\u00e4rlager, K\u00fcchen, R\u00fcstkammer, Werkstatt, Pferdestahl und spezielle Platz f\u00fcr Wettbewerb von Hammelkampf. Die Festung hatte der Name Kuhna Ark (Alte Festung) nach der Errichtung neue Residenz Tash-Xovli in 1832-1838. Die Struktur der Festung erinnert das System Festung in Innenfestung. Das Territorium von Kuhna-Ark ist 1 Hektar und Pandusformig um gemauert. Sie hat vier gro\u00dfe und kleine H\u00f6fe. Im Innenhof erhebt sich die Bastion Ak Sheich Baba, die die Reisende und G\u00e4ste heranzieht, w\u00e4hrend Sonnenuntergang sich von der H\u00f6he der Bastion erg\u00f6tzen und fotografieren die ganze Ichan-Kala. Diese Bastion ist alte Teil von Khiva, die in XVII Jh. wiederaufbaut wurde und es wurde f\u00fcr Wachturme benutzt, um die Stadt Khiva von Nomadenvolk zu sch\u00fctzen.<\/p>\n<h3><strong>Medresse Muhammad Rahimkhan II<\/strong><\/h3>\n<p><img loading=\"lazy\" decoding=\"async\" class=\"alignnone size-full wp-image-2215\" src=\"https:\/\/sitex.uz\/travel\/wp-content\/uploads\/2026\/01\/6-1.webp\" alt=\"\" width=\"1190\" height=\"665\" srcset=\"https:\/\/sitex.uz\/travel\/wp-content\/uploads\/2026\/01\/6-1.webp 1190w, https:\/\/sitex.uz\/travel\/wp-content\/uploads\/2026\/01\/6-1-300x168.webp 300w, https:\/\/sitex.uz\/travel\/wp-content\/uploads\/2026\/01\/6-1-1024x572.webp 1024w\" sizes=\"auto, (max-width: 1190px) 100vw, 1190px\" \/>Vor der Festung Kuhna-Ark befindet sich Medresse Muhammad Rahimkhan II (ber\u00fchmt ebenfalls wie orientalische Dichter Feruz), gebaut in 1871. Diese Medresse unterscheidet sich von anderer Medresse mit seinen Ausma\u00dfen und Struktur. Die Medresse ist von West mit einst\u00f6ckigen Zellen, was vor dem Eingangsportal geringe Hof schafft. Die Medresse hat Sommer und Wintermoschee, Aula, Bibliothek und 76 Zellen f\u00fcr Studenten. Im Jahre 1994 zum 150 Jahrestage von Regenten und orientalische Dichter Muhammad Rahimkhan wurde diese Medresse ein Museum Literatur und historische Museum Xorezm. In diesem Museum die Touristen k\u00f6nnen Objekte der Exposition, die \u00fcber die Geschichte von Uzbekischen Khanen in Khiva Khanat berichtet.<\/p>\n<h3><strong>Medresse Kazi Kalon<\/strong><\/h3>\n<p><img loading=\"lazy\" decoding=\"async\" class=\"alignnone size-full wp-image-2216\" src=\"https:\/\/sitex.uz\/travel\/wp-content\/uploads\/2026\/01\/7.webp\" alt=\"\" width=\"1190\" height=\"665\" srcset=\"https:\/\/sitex.uz\/travel\/wp-content\/uploads\/2026\/01\/7.webp 1190w, https:\/\/sitex.uz\/travel\/wp-content\/uploads\/2026\/01\/7-300x168.webp 300w, https:\/\/sitex.uz\/travel\/wp-content\/uploads\/2026\/01\/7-1024x572.webp 1024w\" sizes=\"auto, (max-width: 1190px) 100vw, 1190px\" \/>Medresse Kazi Kalon wurde im Jahre 1905 von Kazi Kalon (Hauptrichter) Khiva Khanat Salim Oxun errichtet. Es gibt 15 Zellen, die mit Gew\u00f6lbe &lt;&lt; Balchi &gt;&gt; bedeck. Nach dem Wort von einheimischen Meister Abdullah Boltaev haben hier 35 Studenten studiert. Der Sohn von Salim Oxun wurde der erste Minister in der Regierung von Sowjet Xorezmische Republik (1920-24). Zurzeit ist ein Museum f\u00fcr historische traditionelle Musik. Wo die Reisende nationalen Musikinstrumenten sehen k\u00f6nnen und einheimische Musik h\u00f6ren.<\/p>\n<h3><strong>Islam Xodja Medresse und Menarett<\/strong><\/h3>\n<p><img loading=\"lazy\" decoding=\"async\" class=\"alignnone size-full wp-image-2218\" src=\"https:\/\/sitex.uz\/travel\/wp-content\/uploads\/2026\/01\/8.webp\" alt=\"\" width=\"1190\" height=\"665\" srcset=\"https:\/\/sitex.uz\/travel\/wp-content\/uploads\/2026\/01\/8.webp 1190w, https:\/\/sitex.uz\/travel\/wp-content\/uploads\/2026\/01\/8-300x168.webp 300w, https:\/\/sitex.uz\/travel\/wp-content\/uploads\/2026\/01\/8-1024x572.webp 1024w\" sizes=\"auto, (max-width: 1190px) 100vw, 1190px\" \/>Vezir (Minister) und Schwiegervater von Regent Isfandiyarkhan II Islam Xodja hatten neben dem Komplex Pahlavan Maxmud eine Medresse und Minarett in 1908-1910 gebaut. Islam Xodja war sehr ber\u00fchmt und er hatte viele architektonische Geb\u00e4ude in Khiva gebaut, wie Krankenhaus, Post, Telegraf, Tor Qush-Darvaza und einen Saal f\u00fcr Empfang in Nurullabaypalast auf der Au\u00dfenstadt Khivas in Dishan-Kala. Seine Medresse besteht aus 42 Zellen und studierten dort 50 Studenten. Zurzeit dort befindet sich Museum f\u00fcr angewandte Kunst. Minarett Islam Xodja ist eine das h\u00f6chste Minarett in Khiva mit Gro\u00dfe 46m. Untere Teil hat 9,5 m Durchmesser. Das Minarett ist mit verschiedenen Farben glasierte Ziegelsteine umkreist und jeden Teil hat seine eigene Verzierung. Und deswegen die Einheimische sagen, dass dieses Minarett die Dekors von 4 Jahreszeiten und 12 Monaten hat. Auf der Spitze das Minarett gibt es 2,5 Meterweise Metallkonstruktion, die man als &lt;&lt; Patal&gt;&gt; nennt (Mischung von Bronze, Kupfer und Messing). Dieser Teil von Minarett gl\u00e4nzt wie Gold, wovon die G\u00e4ste sch\u00f6ne Blick auf Khiva werfen k\u00f6nnen.<\/p>\n<h3><strong>Juma Moschee<\/strong><\/h3>\n<p><img loading=\"lazy\" decoding=\"async\" class=\"alignnone size-full wp-image-2219\" src=\"https:\/\/sitex.uz\/travel\/wp-content\/uploads\/2026\/01\/9.webp\" alt=\"\" width=\"1190\" height=\"665\" srcset=\"https:\/\/sitex.uz\/travel\/wp-content\/uploads\/2026\/01\/9.webp 1190w, https:\/\/sitex.uz\/travel\/wp-content\/uploads\/2026\/01\/9-300x168.webp 300w, https:\/\/sitex.uz\/travel\/wp-content\/uploads\/2026\/01\/9-1024x572.webp 1024w\" sizes=\"auto, (max-width: 1190px) 100vw, 1190px\" \/>Juma Moschee (Freitagsmoschee) von Khiva ist sehr eigenartig wegen seines ungew\u00f6hnlichen bauk\u00fcnstlerischen Stiles, der sich alte xorezmische Moschee erinnert. Die Moschee, die riesige Gr\u00f6\u00dfe von 55&#215;46 m hat, wurde in XI Jh. gebaut, aber im XVIII Jh. wurde vollst\u00e4ndig auf den alten Fundamenten umgebaut. Neben dem Eingang gibt es eine h\u00f6he Minarett, die 42 m ist. Die Moschee stellt mit seiner 213 S\u00e4ulen Meisterwerk Holzschnitzerei Khivas vor, die in Abstand 3,15&#215;3,15 aufgestellt sind. Es gibt noch 15 S\u00e4ulen aus dem XI Jh. Zwischen den S\u00e4ulen gibt es einen Boiler aus Kalk, bedeckt mit kleiner Kuppel, es wurde Wasserversorgung f\u00fcr Menschen benutzt, die zum Gebet kommen.<\/p>\n<h3><strong>Tash- Xovli Palast<\/strong><\/h3>\n<p><img loading=\"lazy\" decoding=\"async\" class=\"alignnone size-full wp-image-2220\" src=\"https:\/\/sitex.uz\/travel\/wp-content\/uploads\/2026\/01\/10.webp\" alt=\"\" width=\"1190\" height=\"665\" srcset=\"https:\/\/sitex.uz\/travel\/wp-content\/uploads\/2026\/01\/10.webp 1190w, https:\/\/sitex.uz\/travel\/wp-content\/uploads\/2026\/01\/10-300x168.webp 300w, https:\/\/sitex.uz\/travel\/wp-content\/uploads\/2026\/01\/10-1024x572.webp 1024w\" sizes=\"auto, (max-width: 1190px) 100vw, 1190px\" \/>Palast Tash- Xovli ist ein Muster und bauk\u00fcnstlerische Kunst aus dem XIX Jh., das sich der Bau von Kuhna\u2013Ark erinnert. Der Umfang ist 80&#215;80 m. Dieser Palast wurde von Allakulikhan in 1832 bis 1838 gebaut. Die Ursache f\u00fcr den Namen Tash-Xovli (Steinhof) ist und wurde der Bau von Palast mit traditionellen xorezmischen gebrannten Ziegelsteinen gebaut anstatt Paxsa zu nutzen (Lehmziegel) Der Palast besteht aus 3 gro\u00dfe H\u00f6fe, Kurinishxana (Empfangshof), Mexmonxana (Gasthof) und Xarem, 5 kleine H\u00f6fe und 163 R\u00e4umlichkeiten. K\u00f6nigsfamilien haben hier bis 1924 gelebt, sogar w\u00e4hrend der Revolution.<\/p>\n<h3><strong>Pahlavan Mahmud Mausoleum<\/strong><\/h3>\n<p><img loading=\"lazy\" decoding=\"async\" class=\"alignnone size-full wp-image-2221\" src=\"https:\/\/sitex.uz\/travel\/wp-content\/uploads\/2026\/01\/11.webp\" alt=\"\" width=\"1190\" height=\"665\" srcset=\"https:\/\/sitex.uz\/travel\/wp-content\/uploads\/2026\/01\/11.webp 1190w, https:\/\/sitex.uz\/travel\/wp-content\/uploads\/2026\/01\/11-300x168.webp 300w, https:\/\/sitex.uz\/travel\/wp-content\/uploads\/2026\/01\/11-1024x572.webp 1024w\" sizes=\"auto, (max-width: 1190px) 100vw, 1190px\" \/>Mausoleum Pahlavan Mahmud wurde in XIV Jh., wie eine kleine Krypta gebaut, wo geistliche Mentor und Sufi Meister Pahlavan Mahmud begraben wurde. Heilige Patron von Khiva Pahlavon Mahmud wurde im Jahre 1247 in einer Familie, die Ledermeister sind. Er hat Das Handwerk seines Vaters gelernt, als er Kind war. Aber er war nicht nur Handwerker, sondern Poet \u2013 Philosoph in der orientalischen Welt auch. Er war auch starke Ringk\u00e4mpfer. Er hat in der Weltwettbewerb in Iran, Indien, Xorezm und Xuroson teilgenommen und wurde sehr ber\u00fchmt. Zurzeit ist dieses Mausoleum Verwaltung f\u00fcr Khiva Moslems.<\/p>\n<h3><strong>Dishan- Kala Rabat<\/strong><\/h3>\n<p><img loading=\"lazy\" decoding=\"async\" class=\"alignnone size-full wp-image-2222\" src=\"https:\/\/sitex.uz\/travel\/wp-content\/uploads\/2026\/01\/12.webp\" alt=\"\" width=\"1190\" height=\"665\" srcset=\"https:\/\/sitex.uz\/travel\/wp-content\/uploads\/2026\/01\/12.webp 1190w, https:\/\/sitex.uz\/travel\/wp-content\/uploads\/2026\/01\/12-300x168.webp 300w, https:\/\/sitex.uz\/travel\/wp-content\/uploads\/2026\/01\/12-1024x572.webp 1024w\" sizes=\"auto, (max-width: 1190px) 100vw, 1190px\" \/>Dishan-Kala (Au\u00dfenstadt) wurde ringsherum von Ichan-Kala (Innenstadt) anfangs XIX Jh. gegr\u00fcndet. Meistern und den mittleren H\u00e4ndlern haben in Dishan-Kala gelebt. Das Territorium von Au\u00dfenstadt ist Mauer um gemauert, der in 1842 von 200 Einwohner Khivas gebaut, gem\u00e4\u00df dem Gesetz von Khanat Khiva jeder B\u00fcrger sollte 12 Tage pro Monat f\u00fcr die Regierung kostenlos arbeiten. Die Lange des Stadtmauer Dishan-Kala ist 6250 m. Dishan-Kala hatte 10 Tore. Au\u00dferdem Wohnh\u00e4user waren Landh\u00e4user von Khanen und drei gro\u00dfe G\u00e4rten, Nurillabek, Nurillabay und Rafanik.<\/p>\n<h3><strong>Nurillabay Palast<\/strong><\/h3>\n<p><img loading=\"lazy\" decoding=\"async\" class=\"alignnone size-full wp-image-2223\" src=\"https:\/\/sitex.uz\/travel\/wp-content\/uploads\/2026\/01\/13.webp\" alt=\"\" width=\"1190\" height=\"665\" srcset=\"https:\/\/sitex.uz\/travel\/wp-content\/uploads\/2026\/01\/13.webp 1190w, https:\/\/sitex.uz\/travel\/wp-content\/uploads\/2026\/01\/13-300x168.webp 300w, https:\/\/sitex.uz\/travel\/wp-content\/uploads\/2026\/01\/13-1024x572.webp 1024w\" sizes=\"auto, (max-width: 1190px) 100vw, 1190px\" \/>Der Nurillabay Palast wurde au\u00dferhalb der Altstadt gebaut und unterscheidet sich durch seine Sch\u00f6nheit von anderen Pal\u00e4sten, die in der Epoche des Khiva Kanat entstanden sind. Der Kahn Muhammed Raxim khan II Feruz (1864-1910) wollte seinem Sohn einen Palast schenken. Weil kein entsprechender Platz in der Innenstadt zur Verf\u00fcgung stand, fragte Muhammed Raximkhan II Feruz (1864-1910) Nurillabay, ob er seinen Garten in Dishan Kala verkaufen w\u00fcrde. Dieser willigte unter der Bedingung ein, dass der Palast seinen Namen tragen sollte. Aufgrund dessen hat der Palast nicht den Namen des Sohnes, sondern des Verk\u00e4ufers. Muhammed Raximkhan II Feruz (1864-1910) wollte ein Palast f\u00fcr seinen Sohn bauen und er schl\u00e4gt zu einem reichen edlen Verk\u00e4ufer Nurillabay vor, damit er seinen Garten in Dishan Kala (Au\u00dfenstadt) verkauft, weil man keinen Platz mehr im Ichan-Kala (Innenstadt) f\u00fcr den neuen Palast hatte. Nurillabay willigte ein seinen Garten nur zu, wenn Khan Feruz sein Name f\u00fcr Palast gibt. Der Sohn Isfandiyar Chan lie\u00df sieben S\u00e4len f\u00fcr zeremonielle Zwecke umgestalten. Sie k\u00f6nnen dort Elemente sehen die f\u00fcr mittelasiatische Architektur untypisch sind, wie zum Beispiel T\u00fcren, Fenster und Fu\u00dfb\u00f6den. Diese wurden von deutschen Meistern gemacht, die in Okmachit, einem 15 Kilometer entfernten Dorf lebten. Des Weiteren wurde die farbliche Gestaltung der Putten durch russische K\u00fcnstler realisiert. Das Dekor des sechsten Saales ist sehr ungew\u00f6hnlich. Dort haben einheimische Meister die W\u00e4nde mit islamischen Stuckdekoren versehen. Zus\u00e4tzlich wurde von russischen Meistern in allen Himmelsrichtungen vier Engel an die Decke gemalt. Dies unterstreicht die religi\u00f6se Toleranz diese Zeit. W\u00e4hrend Sowjet Zeit diente der Palast zuerst als Regierungssitz der xorrezmischen Republik, dann als Verwaltungsgeb\u00e4ude und wurde anschlie\u00dfend als Museum genutzt. Wohl regiert hatte, hatte er befohlen das neue Geb\u00e4ude mit neuer bestimmter Stilart f\u00fcr die feierliche Zeremonie bauen. Dieser Palast hat 7 verschiedene S\u00e4le.<\/p>\n<\/div><\/div><\/div><\/div><\/div><div class=\"vc_col-sm-4 wpb_column vc_column_container\"><div class=\"vc_column-inner\"><div class=\"wpb_wrapper\">[vc_wp_custommenu title=&#8221;St\u00e4dte Usbekistans&#8221; nav_menu=&#8221;581&#8243;]<\/div><\/div><\/div><\/div><\/div><\/section>\n","protected":false},"excerpt":{"rendered":"KhivaArch\u00e4ologische Ausgrabungen zeugen, dass der Zeitraum der Entstehung von Khiva geht auf V. Jh. von unserer Zeitrechnung. Gelegt auf der Seidenstra\u00dfe, diese mysteri\u00f6se Stadt war eine der wichtigste Staat von Alte Xorezm. Nach der Legende nach, Die Stadt wurde mit Hilfe von zoroastrischen G\u00f6ttin Ardaxiva ausgebaut, die verliebt in sterblichen Mann hatte und herab auf...","protected":false},"author":1,"featured_media":1844,"parent":1363,"menu_order":27,"comment_status":"closed","ping_status":"closed","template":"","meta":{"_acf_changed":false,"footnotes":""},"class_list":["post-2209","page","type-page","status-publish","has-post-thumbnail","hentry"],"acf":[],"lang":"de","translations":{"de":2209,"en":2207,"ru":2226,"fr":2228,"es":2230,"it":2232},"pll_sync_post":[],"_links":{"self":[{"href":"https:\/\/sitex.uz\/travel\/wp-json\/wp\/v2\/pages\/2209","targetHints":{"allow":["GET"]}}],"collection":[{"href":"https:\/\/sitex.uz\/travel\/wp-json\/wp\/v2\/pages"}],"about":[{"href":"https:\/\/sitex.uz\/travel\/wp-json\/wp\/v2\/types\/page"}],"author":[{"embeddable":true,"href":"https:\/\/sitex.uz\/travel\/wp-json\/wp\/v2\/users\/1"}],"replies":[{"embeddable":true,"href":"https:\/\/sitex.uz\/travel\/wp-json\/wp\/v2\/comments?post=2209"}],"version-history":[{"count":3,"href":"https:\/\/sitex.uz\/travel\/wp-json\/wp\/v2\/pages\/2209\/revisions"}],"predecessor-version":[{"id":2397,"href":"https:\/\/sitex.uz\/travel\/wp-json\/wp\/v2\/pages\/2209\/revisions\/2397"}],"up":[{"embeddable":true,"href":"https:\/\/sitex.uz\/travel\/wp-json\/wp\/v2\/pages\/1363"}],"wp:featuredmedia":[{"embeddable":true,"href":"https:\/\/sitex.uz\/travel\/wp-json\/wp\/v2\/media\/1844"}],"wp:attachment":[{"href":"https:\/\/sitex.uz\/travel\/wp-json\/wp\/v2\/media?parent=2209"}],"curies":[{"name":"wp","href":"https:\/\/api.w.org\/{rel}","templated":true}]}}