{"id":2177,"date":"2026-01-02T15:14:57","date_gmt":"2026-01-02T15:14:57","guid":{"rendered":"https:\/\/sitex.uz\/travel\/?page_id=2177"},"modified":"2026-01-04T05:48:11","modified_gmt":"2026-01-04T05:48:11","slug":"samarcanda","status":"publish","type":"page","link":"https:\/\/sitex.uz\/travel\/it\/uzbekistan\/samarcanda\/","title":{"rendered":"Samarcanda"},"content":{"rendered":"<section class=\"l-section wpb_row us_custom_14417885 height_medium with_img\"><div class=\"l-section-img\" role=\"img\" aria-label=\"Image\" data-img-width=\"1920\" data-img-height=\"1080\" style=\"background-image: url(https:\/\/sitex.uz\/travel\/wp-content\/uploads\/2025\/11\/2-1.jpg);background-repeat: no-repeat;\"><\/div><div class=\"l-section-overlay\" style=\"background:rgba(0,0,0,0.26)\"><\/div><div class=\"l-section-h i-cf\"><div class=\"g-cols vc_row via_flex valign_top type_default stacking_default\"><div class=\"vc_col-sm-3 wpb_column vc_column_container\"><div class=\"vc_column-inner\"><div class=\"wpb_wrapper\"><\/div><\/div><\/div><div class=\"vc_col-sm-6 wpb_column vc_column_container\"><div class=\"vc_column-inner\"><div class=\"wpb_wrapper\"><h2 class=\"w-post-elm post_title us_custom_f99046b1 has_text_color entry-title color_link_inherit\">Samarcanda<\/h2><\/div><\/div><\/div><div class=\"vc_col-sm-3 wpb_column vc_column_container\"><div class=\"vc_column-inner\"><div class=\"wpb_wrapper\"><\/div><\/div><\/div><\/div><\/div><\/section><section class=\"l-section wpb_row height_medium\"><div class=\"l-section-h i-cf\"><div class=\"g-cols vc_row via_flex valign_top type_default stacking_default\"><div class=\"vc_col-sm-8 wpb_column vc_column_container\"><div class=\"vc_column-inner\"><div class=\"wpb_wrapper\"><div class=\"wpb_text_column us_custom_6df2ad6e has_text_color\"><div class=\"wpb_wrapper\"><p>Samarcanda \u00e8 una delle citt\u00e0 pi\u00f9 belle e antiche del mondo, fondata nel VII secolo. Il nome \u201cSamarcanda\u201d significa, in sanscrito, \u201ccrocevia delle rotte commerciali\u201d. Samarcanda \u00e8 la culla d\u2019oro della civilt\u00e0 mondiale, un ponte commerciale tra Oriente e Occidente lungo la Via della Seta, ed \u00e8 stata un centro di scambi, scienza, antiche tradizioni e culture diverse.<br \/>\nLa citt\u00e0 si trova a 724 m sul livello del mare. La popolazione \u00e8 di circa 500.000 persone.<\/p>\n<h3 data-start=\"497\" data-end=\"523\"><strong>Mausoleo di Gur-e Amir<\/strong><\/h3>\n<p data-start=\"524\" data-end=\"1117\"><img loading=\"lazy\" decoding=\"async\" class=\"alignnone wp-image-2155 size-full\" src=\"https:\/\/sitex.uz\/travel\/wp-content\/uploads\/2026\/01\/1.webp\" alt=\"\" width=\"1190\" height=\"665\" srcset=\"https:\/\/sitex.uz\/travel\/wp-content\/uploads\/2026\/01\/1.webp 1190w, https:\/\/sitex.uz\/travel\/wp-content\/uploads\/2026\/01\/1-300x168.webp 300w, https:\/\/sitex.uz\/travel\/wp-content\/uploads\/2026\/01\/1-1024x572.webp 1024w\" sizes=\"auto, (max-width: 1190px) 100vw, 1190px\" \/>Il mausoleo di Gur-e Amir &lt; Tomba dell\u2019Emiro &gt; fu costruito nel 1403 in onore del nipote prediletto di Amir Temur, Muhammad Sultan. Divenne la tomba dinastica dei Timuridi. Sotto la cupola blu a 64 costolature si trovano le sepolture di Temur, del suo terzo figlio Miranshah, del suo quarto figlio Shokhruh, del nipote Muhammad Sultan, di Ulugbek, del suo mentore spirituale Mir Said Baraka e, in seguito, anche Said Omar vi fu sepolto. L\u2019interno fu decorato con cartapesta. Intorno al mausoleo si possono vedere le rovine della madrasa e della khanaka (per i dervisci) dell\u2019epoca. Il portale d\u2019ingresso fu aggiunto pi\u00f9 tardi, nel 1422, da Ulugbek.<\/p>\n<h3 data-start=\"1119\" data-end=\"1133\">Registan<\/h3>\n<p data-start=\"1134\" data-end=\"2198\"><img loading=\"lazy\" decoding=\"async\" class=\"alignnone wp-image-2156 size-full\" src=\"https:\/\/sitex.uz\/travel\/wp-content\/uploads\/2026\/01\/2.webp\" alt=\"\" width=\"1190\" height=\"665\" srcset=\"https:\/\/sitex.uz\/travel\/wp-content\/uploads\/2026\/01\/2.webp 1190w, https:\/\/sitex.uz\/travel\/wp-content\/uploads\/2026\/01\/2-300x168.webp 300w, https:\/\/sitex.uz\/travel\/wp-content\/uploads\/2026\/01\/2-1024x572.webp 1024w\" sizes=\"auto, (max-width: 1190px) 100vw, 1190px\" \/><\/p>\n<p>Il Registan (Piazza di Sabbia) \u00e8 il centro culturale pi\u00f9 importante e il simbolo di Samarcanda. Questo complesso architettonico \u00e8 composto da tre edifici imponenti. La madrasa di Ulugbek fu costruita tra il 1417 e il 1420 e segn\u00f2 una rinascita della cultura scientifica dell\u2019Asia centrale. La madrasa Sher-Dor &lt; Portatrice di Leoni &gt; (costruita tra il 1619 e il 1636) fu eretta per ordine del sovrano Bahadur Yalangtush. L\u2019ingresso di questa madrasa stupisce ogni visitatore con la sua decorazione. L\u2019ornamento esterno raffigura una tigre che insegue una cerva: un motivo molto insolito per l\u2019architettura islamica. Il terzo edificio, Tilla-Kori (Rivestita d\u2019Oro), fu anch\u2019esso commissionato da Bahadur Yalangtush e costruito tra il 1646 e il 1660. Combina una madrasa con una moschea all\u2019interno. La parte interna della moschea fu ricoperta d\u2019oro e realizzata nel cosiddetto stile Kundal, unico in tutto l\u2019Uzbekistan. In un altro angolo di questa madrasa si trova la tomba di famiglia della dinastia Shaybanide (XVI secolo), la prima dinastia uzbeka che govern\u00f2 a Samarcanda. Un celebre festival chiamato &lt; Festival di Musica Orientale &gt; si svolge qui, nel Registan.<\/p>\n<h3 data-start=\"2200\" data-end=\"2224\"><strong>Moschea Bibi \u2013 Khanum<\/strong><\/h3>\n<p data-start=\"2225\" data-end=\"2928\"><img loading=\"lazy\" decoding=\"async\" class=\"alignnone wp-image-2157 size-full\" src=\"https:\/\/sitex.uz\/travel\/wp-content\/uploads\/2026\/01\/3.webp\" alt=\"\" width=\"1190\" height=\"665\" srcset=\"https:\/\/sitex.uz\/travel\/wp-content\/uploads\/2026\/01\/3.webp 1190w, https:\/\/sitex.uz\/travel\/wp-content\/uploads\/2026\/01\/3-300x168.webp 300w, https:\/\/sitex.uz\/travel\/wp-content\/uploads\/2026\/01\/3-1024x572.webp 1024w\" sizes=\"auto, (max-width: 1190px) 100vw, 1190px\" \/><\/p>\n<p>La moschea Bibi-Khanum \u00e8 una delle pi\u00f9 grandi moschee storiche dell\u2019Asia centrale. Fu costruita per la moglie prediletta di Temur, Saray Mulk Khanum. La costruzione dur\u00f2 dal 1399 al 1404. Ogni venerd\u00ec questa enorme moschea poteva ospitare 12.000 persone. Oggi, per\u00f2, possiamo vedere solo quattro parti conservate: il portale d\u2019ingresso, due moschee laterali e la parte principale, Kuk Gumbaz (Cupola Blu). Al centro del cortile si trova il lavh (leggio del Corano), una lastra di marmo portata da Ulugbek dalla Mongolia. Su questa pietra si possono vedere antiche iscrizioni conservate del Sacro Corano. Davanti all\u2019ingresso, in un mausoleo destinato alle donne della dinastia timuride, fu sepolta anche la moglie prediletta di Temur.<\/p>\n<h3 data-start=\"2930\" data-end=\"2959\"><strong>Necropoli di Shakhi \u2013 Zinda<\/strong><\/h3>\n<p data-start=\"2960\" data-end=\"3821\"><img loading=\"lazy\" decoding=\"async\" class=\"alignnone wp-image-2158 size-full\" src=\"https:\/\/sitex.uz\/travel\/wp-content\/uploads\/2026\/01\/4.webp\" alt=\"\" width=\"1190\" height=\"665\" srcset=\"https:\/\/sitex.uz\/travel\/wp-content\/uploads\/2026\/01\/4.webp 1190w, https:\/\/sitex.uz\/travel\/wp-content\/uploads\/2026\/01\/4-300x168.webp 300w, https:\/\/sitex.uz\/travel\/wp-content\/uploads\/2026\/01\/4-1024x572.webp 1024w\" sizes=\"auto, (max-width: 1190px) 100vw, 1190px\" \/>La necropoli di Shakhi-Zinda \u00e8 il centro religioso pi\u00f9 importante di Samarcanda. La storia di questo luogo \u00e8 strettamente legata a Qussam ibn Abbas, cugino del profeta Muhammad. Egli diffuse l\u2019islam in tutta l\u2019Asia centrale, ma fu ucciso e sepolto in questo complesso architettonico. Il complesso fu realizzato dall\u2019XI secolo fino all\u2019inizio del XX secolo. Questa necropoli \u00e8 un vero museo: un capolavoro di decorazioni in maiolica e mosaico. Qui potrete ammirare gli splendidi mausolei di Shirin-Beka e Shodi Mulk Oqa, il mausoleo a doppia cupola armoniosamente composto, la particolare arte della maiolica nel mausoleo di Usta Ali Nasafi e l\u2019originale porta in legno del mausoleo di Qussam ibn Abbas, con iscrizioni come &lt; Il nostro aspetto e il nostro carattere sono simili a quelli di Qussam ibn Abbas &gt; e &lt; Dio, per favore, non dimenticare le persone con disabilit\u00e0 e i poveri &gt;.<\/p>\n<h3 data-start=\"3823\" data-end=\"3848\"><strong>Osservatorio di Ulugbek<\/strong><\/h3>\n<p data-start=\"3849\" data-end=\"4736\"><img loading=\"lazy\" decoding=\"async\" class=\"alignnone wp-image-2159 size-full\" src=\"https:\/\/sitex.uz\/travel\/wp-content\/uploads\/2026\/01\/5.webp\" alt=\"\" width=\"1190\" height=\"665\" srcset=\"https:\/\/sitex.uz\/travel\/wp-content\/uploads\/2026\/01\/5.webp 1190w, https:\/\/sitex.uz\/travel\/wp-content\/uploads\/2026\/01\/5-300x168.webp 300w, https:\/\/sitex.uz\/travel\/wp-content\/uploads\/2026\/01\/5-1024x572.webp 1024w\" sizes=\"auto, (max-width: 1190px) 100vw, 1190px\" \/><\/p>\n<p>Samarcanda era considerata uno dei centri pi\u00f9 importanti della scienza astronomica. Ulugbek, nipote di Temur, divenne sovrano a 15 anni e fece costruire questo osservatorio. I lavori durarono dal 1424 al 1429. In origine l\u2019edificio era circolare e a tre piani. Oggi possiamo vedere solo la parte sotterranea dell\u2019osservatorio, dove si trova il sestante. Il sestante fu costruito dal celebre matematico del suo tempo, Giyosiddin Jamshid. All\u2019inizio del XX secolo l\u2019osservatorio risultava perduto e nessuno sapeva dove si trovasse. Solo nel 1908 l\u2019archeologo russo V. Vyatkin lo scopr\u00ec. La struttura sopra il sestante fu ricostruita dall\u2019ingegnere russo Lebedev. L\u2019opera principale di Ulugbek &lt; Djadidi Zdji Kuragani &gt; (Tavole stellari di Kuragani) fu tradotta in varie lingue e ebbe un ruolo importante nello sviluppo dell\u2019astronomia in tutto il mondo.<\/p>\n<h3 data-start=\"4738\" data-end=\"4763\"><strong>Moschea di Xazrati Khizr<\/strong><\/h3>\n<p data-start=\"4764\" data-end=\"5143\"><img loading=\"lazy\" decoding=\"async\" class=\"alignnone wp-image-2160 size-full\" src=\"https:\/\/sitex.uz\/travel\/wp-content\/uploads\/2026\/01\/6.webp\" alt=\"\" width=\"1190\" height=\"665\" srcset=\"https:\/\/sitex.uz\/travel\/wp-content\/uploads\/2026\/01\/6.webp 1190w, https:\/\/sitex.uz\/travel\/wp-content\/uploads\/2026\/01\/6-300x168.webp 300w, https:\/\/sitex.uz\/travel\/wp-content\/uploads\/2026\/01\/6-1024x572.webp 1024w\" sizes=\"auto, (max-width: 1190px) 100vw, 1190px\" \/><\/p>\n<p>Xazrati Khizr \u00e8 considerato il santo protettore dei viaggiatori. Le fondamenta di questa moschea risalgono all\u2019XI secolo. In realt\u00e0 l\u2019edificio attuale fu costruito su queste basi nel XIX secolo. Una caratteristica architettonica importante \u00e8 il soffitto in legno e i colori vivaci. Dall\u2019ayvan (terrazza) della moschea si gode di una splendida vista sulla vecchia Samarcanda.<\/p>\n<h3><strong>Mausoleo del Santo Daniele<\/strong><\/h3>\n<p><img loading=\"lazy\" decoding=\"async\" class=\"alignnone wp-image-2163 size-full\" src=\"https:\/\/sitex.uz\/travel\/wp-content\/uploads\/2026\/01\/7.jpg\" alt=\"\" width=\"1190\" height=\"665\" srcset=\"https:\/\/sitex.uz\/travel\/wp-content\/uploads\/2026\/01\/7.jpg 1190w, https:\/\/sitex.uz\/travel\/wp-content\/uploads\/2026\/01\/7-300x168.jpg 300w, https:\/\/sitex.uz\/travel\/wp-content\/uploads\/2026\/01\/7-1024x572.jpg 1024w\" sizes=\"auto, (max-width: 1190px) 100vw, 1190px\" \/>La gente del posto lo chiama Khodja Doniyor. Questo profeta biblico visse a Babilonia, nel territorio dell\u2019attuale Iraq. \u00c8 noto nella storia per l\u2019episodio della \u201cfossa dei leoni\u201d. Quando Temur conquist\u00f2 il Medio Oriente, ordin\u00f2 di portare la tomba del Santo Daniele a Samarcanda, ma questa storia resta misteriosa. Il mausoleo fu costruito sulla collina di Afrasiyab. All\u2019interno si trova una tomba lunga 18 metri del Santo Daniele. Accanto al mausoleo cresce un albero di pistacchio di circa 500 anni.<\/p>\n<h3 style=\"text-align: left;\"><strong>Afrasiyab<\/strong><\/h3>\n<p><img loading=\"lazy\" decoding=\"async\" class=\"alignnone wp-image-2164 size-full\" src=\"https:\/\/sitex.uz\/travel\/wp-content\/uploads\/2026\/01\/8.jpg\" alt=\"\" width=\"1190\" height=\"665\" srcset=\"https:\/\/sitex.uz\/travel\/wp-content\/uploads\/2026\/01\/8.jpg 1190w, https:\/\/sitex.uz\/travel\/wp-content\/uploads\/2026\/01\/8-300x168.jpg 300w, https:\/\/sitex.uz\/travel\/wp-content\/uploads\/2026\/01\/8-1024x572.jpg 1024w\" sizes=\"auto, (max-width: 1190px) 100vw, 1190px\" \/>Afrasiyab &lt; sulle rive del Siyab &gt; \u00e8 l\u2019antico nome di Samarcanda. Il territorio di questa citt\u00e0 era di 219 ettari. Samarcanda fu fondata nel VII secolo. La citt\u00e0 aveva pi\u00f9 di 200.000 abitanti ed era il pi\u00f9 importante centro commerciale sulla rotta tra Nord e Sud della Via della Seta. Ma, come altre terre fiorenti, nel XIII secolo fu distrutta dal crudele Gengis Khan. Durante gli scavi archeologici furono trovati affreschi murali del VII secolo legati alla religione zoroastriana. Oggi sono esposti nel museo. Dagli anni \u201960 il sito \u00e8 aperto con il nome Afrasiyab. Qui si possono trovare anche ossuari in ceramica (urne) in cui gli adoratori del fuoco conservavano le ossa dei defunti.<\/p>\n<\/div><\/div><\/div><\/div><\/div><div class=\"vc_col-sm-4 wpb_column vc_column_container\"><div class=\"vc_column-inner\"><div class=\"wpb_wrapper\">[vc_wp_custommenu title=&#8221;Citt\u00e0&#8221; nav_menu=&#8221;585&#8243;]<\/div><\/div><\/div><\/div><\/div><\/section>\n","protected":false},"excerpt":{"rendered":"SamarcandaSamarcanda \u00e8 una delle citt\u00e0 pi\u00f9 belle e antiche del mondo, fondata nel VII secolo. Il nome \u201cSamarcanda\u201d significa, in sanscrito, \u201ccrocevia delle rotte commerciali\u201d. Samarcanda \u00e8 la culla d\u2019oro della civilt\u00e0 mondiale, un ponte commerciale tra Oriente e Occidente lungo la Via della Seta, ed \u00e8 stata un centro di scambi, scienza, antiche tradizioni...","protected":false},"author":1,"featured_media":1887,"parent":1367,"menu_order":40,"comment_status":"closed","ping_status":"closed","template":"","meta":{"_acf_changed":false,"footnotes":""},"class_list":["post-2177","page","type-page","status-publish","has-post-thumbnail","hentry"],"acf":[],"lang":"it","translations":{"it":2177,"de":2162,"en":2152,"fr":2167,"ru":2173,"es":2175},"pll_sync_post":[],"_links":{"self":[{"href":"https:\/\/sitex.uz\/travel\/wp-json\/wp\/v2\/pages\/2177","targetHints":{"allow":["GET"]}}],"collection":[{"href":"https:\/\/sitex.uz\/travel\/wp-json\/wp\/v2\/pages"}],"about":[{"href":"https:\/\/sitex.uz\/travel\/wp-json\/wp\/v2\/types\/page"}],"author":[{"embeddable":true,"href":"https:\/\/sitex.uz\/travel\/wp-json\/wp\/v2\/users\/1"}],"replies":[{"embeddable":true,"href":"https:\/\/sitex.uz\/travel\/wp-json\/wp\/v2\/comments?post=2177"}],"version-history":[{"count":2,"href":"https:\/\/sitex.uz\/travel\/wp-json\/wp\/v2\/pages\/2177\/revisions"}],"predecessor-version":[{"id":2385,"href":"https:\/\/sitex.uz\/travel\/wp-json\/wp\/v2\/pages\/2177\/revisions\/2385"}],"up":[{"embeddable":true,"href":"https:\/\/sitex.uz\/travel\/wp-json\/wp\/v2\/pages\/1367"}],"wp:featuredmedia":[{"embeddable":true,"href":"https:\/\/sitex.uz\/travel\/wp-json\/wp\/v2\/media\/1887"}],"wp:attachment":[{"href":"https:\/\/sitex.uz\/travel\/wp-json\/wp\/v2\/media?parent=2177"}],"curies":[{"name":"wp","href":"https:\/\/api.w.org\/{rel}","templated":true}]}}