{"id":2162,"date":"2026-01-02T15:14:57","date_gmt":"2026-01-02T15:14:57","guid":{"rendered":"https:\/\/sitex.uz\/travel\/?page_id=2162"},"modified":"2026-01-04T05:47:17","modified_gmt":"2026-01-04T05:47:17","slug":"samarkand","status":"publish","type":"page","link":"https:\/\/sitex.uz\/travel\/de\/usbekistan\/samarkand\/","title":{"rendered":"Samarkand"},"content":{"rendered":"<section class=\"l-section wpb_row us_custom_14417885 height_medium with_img\"><div class=\"l-section-img\" role=\"img\" aria-label=\"Image\" data-img-width=\"1920\" data-img-height=\"1080\" style=\"background-image: url(https:\/\/sitex.uz\/travel\/wp-content\/uploads\/2025\/11\/2-1.jpg);background-repeat: no-repeat;\"><\/div><div class=\"l-section-overlay\" style=\"background:rgba(0,0,0,0.26)\"><\/div><div class=\"l-section-h i-cf\"><div class=\"g-cols vc_row via_flex valign_top type_default stacking_default\"><div class=\"vc_col-sm-3 wpb_column vc_column_container\"><div class=\"vc_column-inner\"><div class=\"wpb_wrapper\"><\/div><\/div><\/div><div class=\"vc_col-sm-6 wpb_column vc_column_container\"><div class=\"vc_column-inner\"><div class=\"wpb_wrapper\"><h2 class=\"w-post-elm post_title us_custom_f99046b1 has_text_color entry-title color_link_inherit\">Samarkand<\/h2><\/div><\/div><\/div><div class=\"vc_col-sm-3 wpb_column vc_column_container\"><div class=\"vc_column-inner\"><div class=\"wpb_wrapper\"><\/div><\/div><\/div><\/div><\/div><\/section><section class=\"l-section wpb_row height_medium\"><div class=\"l-section-h i-cf\"><div class=\"g-cols vc_row via_flex valign_top type_default stacking_default\"><div class=\"vc_col-sm-8 wpb_column vc_column_container\"><div class=\"vc_column-inner\"><div class=\"wpb_wrapper\"><div class=\"wpb_text_column us_custom_6df2ad6e has_text_color\"><div class=\"wpb_wrapper\"><p>Samarkand ist eine der sch\u00f6nsten und \u00e4ltesten Stadt der Welt, wurde im Jahre VII Jahrhundert gegr\u00fcndet. Der Name Samarkand bedeutet in sankritisch, Kreuzung f\u00fcr Handelswege. Samarkand ist goldene Wiege f\u00fcr weltliche Zivilisation, Handelsbr\u00fccke zwischen Ost und West auf der Seidenstra\u00dfe und zwar war Zentrum f\u00fcr Handelsrelationen, f\u00fcr Wissenschaft, alte Traditionen und verschiedene Kultur.<br \/>\nDie Stadt liegt 724 m \u00fcber dem Meerspiegel. Die Einwohnerzahl ist etwa 500.000 Menschen.<\/p>\n<h3 data-start=\"497\" data-end=\"523\"><strong>Guri Amir Mausoleum<\/strong><\/h3>\n<p data-start=\"524\" data-end=\"1117\"><img loading=\"lazy\" decoding=\"async\" class=\"alignnone wp-image-2155 size-full\" src=\"https:\/\/sitex.uz\/travel\/wp-content\/uploads\/2026\/01\/1.webp\" alt=\"\" width=\"1190\" height=\"665\" srcset=\"https:\/\/sitex.uz\/travel\/wp-content\/uploads\/2026\/01\/1.webp 1190w, https:\/\/sitex.uz\/travel\/wp-content\/uploads\/2026\/01\/1-300x168.webp 300w, https:\/\/sitex.uz\/travel\/wp-content\/uploads\/2026\/01\/1-1024x572.webp 1024w\" sizes=\"auto, (max-width: 1190px) 100vw, 1190px\" \/>Mausoleum Guri Amir &lt; Grab des Emirs &gt; wurde im Jahre 1403 zum Ehren vom Lieblingsenkel von Amir Temur, der Muhammad Sultan genannt. Das war Dynasten Gruft f\u00fcr Temuriden. Unter dem Blauen, mit 64 gerippten Kuppel gibt es Grab von Temur, sein dritte Sohn Miranshah, vierte Sohn Shokhruh, sein Enkel Muhammad Sultan Ulugbek, sein geistliche Mentor Mir Said Baraka und sp\u00e4ter wurde Said Omar auch begraben. Innenraum wurde mit Pape-Masche verziert. Ringsherum von Mausoleum kann man Ruinen von damaliger Medresse und Khanaka f\u00fcr Derwische sehen. Eingangsbereich wurde sp\u00e4ter im Jahre 1422 von Ulugbek gebaut.<\/p>\n<h3 data-start=\"1119\" data-end=\"1133\">Registan<\/h3>\n<p data-start=\"1134\" data-end=\"2198\"><img loading=\"lazy\" decoding=\"async\" class=\"alignnone wp-image-2156 size-full\" src=\"https:\/\/sitex.uz\/travel\/wp-content\/uploads\/2026\/01\/2.webp\" alt=\"\" width=\"1190\" height=\"665\" srcset=\"https:\/\/sitex.uz\/travel\/wp-content\/uploads\/2026\/01\/2.webp 1190w, https:\/\/sitex.uz\/travel\/wp-content\/uploads\/2026\/01\/2-300x168.webp 300w, https:\/\/sitex.uz\/travel\/wp-content\/uploads\/2026\/01\/2-1024x572.webp 1024w\" sizes=\"auto, (max-width: 1190px) 100vw, 1190px\" \/><\/p>\n<p>Registan (Sandplatz) ist das wichtigste Kulturzentrum und Visitenkarte von Samarkand. Dieses architektonische Komplex besteht aus drei imposanten Geb\u00e4ude .Medresse Ulugbek wurde von 1417 bis 1420 gebaut und war Renaissance f\u00fcr die asiatische Akademie Mittelasiens. Medresse Sher- Dor &lt; L\u00f6wentragende &gt; (1619-1636 erbaut) wurde nach dem Befehl von Herscher Bahadur Yalangtusch gebaut. Eingangsbereich von dieser Medresse erstaunt jeder Besucher mit seinem Dekor. Au\u00dfenverzierung stellt einen Tiger vor, der eine Hirschkuh folgt. Dieser Stilart ist sehr au\u00dfergew\u00f6hnlich f\u00fcr islamische Architektur. Dritte Geb\u00e4ude ist Tilla- Kori (mit Gold bedeckte) wurde auch mit dem Befehl von Bahadur Yalangtusch 1646-1660 errichtet. Es kombiniert sich eine Medresse mit einer Moschee im Innenraum. Innere Teil der Moschee wurde mit Gold bedeckt und sogenannte Kundal-Stil verwendet, der ist einzigartig in ganzem Usbekistan. Ander Ecke von dieser Medresse ist Familiengruft von Shaybanidendynastie (XVI. jh). Erste usbekische Dynastie, die in Samarkand regierten. Das bekannte Festival unter dem Namen &lt; Orientalische Musikspiel &gt; findet hier in Registan Platz statt.<\/p>\n<h3 data-start=\"2200\" data-end=\"2224\"><strong>Moschee Bibi \u2013 Khanum<\/strong><\/h3>\n<p data-start=\"2225\" data-end=\"2928\"><img loading=\"lazy\" decoding=\"async\" class=\"alignnone wp-image-2157 size-full\" src=\"https:\/\/sitex.uz\/travel\/wp-content\/uploads\/2026\/01\/3.webp\" alt=\"\" width=\"1190\" height=\"665\" srcset=\"https:\/\/sitex.uz\/travel\/wp-content\/uploads\/2026\/01\/3.webp 1190w, https:\/\/sitex.uz\/travel\/wp-content\/uploads\/2026\/01\/3-300x168.webp 300w, https:\/\/sitex.uz\/travel\/wp-content\/uploads\/2026\/01\/3-1024x572.webp 1024w\" sizes=\"auto, (max-width: 1190px) 100vw, 1190px\" \/><\/p>\n<p>Bibi Xanum Moschee ist eine die gr\u00f6\u00dften historischen Moscheen in zentralasiatischen Raum. Es wurde f\u00fcr die Lieblingsfrau von Temur gebaut, Ihre Name Saray Mulk Xanum war. Diese Moschee wurde von 1399 bis 1404 gebaut. Diese riesige Moschee konnte jeden Freitag f\u00fcr 12000 Menschen Platz anbieten. Aber wir k\u00f6nnen heutzutage nur vier erhalten gebliebene Teile sehen, Der Eingangsbereich, zwei Seiten Moscheen und Hauptteile Kuk Gumbaz (blaue Kuppel). In der Mitte des Hofes steht Lavh (Koranst\u00e4nder), der von Ulugbek aus der Mongolei gebrachte Marmorstein. Auf dem Koranstein kann man langerhaltene alte Schriften von heiligem Koran sehen. F\u00fcr Lieblingsfrau von Temur wurde vor dem Eingangsbereich in einem Mausoleum f\u00fcr die Frauen aus Temuriden Dynastie begraben.<\/p>\n<h3 data-start=\"2930\" data-end=\"2959\"><strong>Nekropole Shakhi \u2013 Zinda<\/strong><\/h3>\n<p data-start=\"2960\" data-end=\"3821\"><img loading=\"lazy\" decoding=\"async\" class=\"alignnone wp-image-2158 size-full\" src=\"https:\/\/sitex.uz\/travel\/wp-content\/uploads\/2026\/01\/4.webp\" alt=\"\" width=\"1190\" height=\"665\" srcset=\"https:\/\/sitex.uz\/travel\/wp-content\/uploads\/2026\/01\/4.webp 1190w, https:\/\/sitex.uz\/travel\/wp-content\/uploads\/2026\/01\/4-300x168.webp 300w, https:\/\/sitex.uz\/travel\/wp-content\/uploads\/2026\/01\/4-1024x572.webp 1024w\" sizes=\"auto, (max-width: 1190px) 100vw, 1190px\" \/>Nekropole Shakhi \u2013 Zinda ist eine das wichtigste religi\u00f6se Zentrum in Samarkand. Die Geschichte von diesem Platz ist engverbunden mit Kussam Ibn Abbas, der der Vetter von Prophet Muhammad ist. Er hatte in ganzen Zentralasien Religion Islam verbreitet. Aber er wurde get\u00f6tet und wurde in diesem architektonischen Komplex bestattet. Dieser Komplex wurde von XI Jh. bis Anfang XX. Jh. errichtet. Diese Nekropole ist richtige Museum, Meisterwerk f\u00fcr die Verzierung Majolika und Mosaik. Sie k\u00f6nnen dort bewundernswerte Gestaltung Mausoleen Shirin- Beka und Shodi Mulk Oqa genie\u00dfen, in sich gut vereinigten Doppelkuppel Mausoleum, das eigenartige Kunst f\u00fcr Mayolika in Mausoleum von Usta Ali Nasafi und originale h\u00f6lzerne T\u00fcr in Mausoleum von Qussam Ibn Abbas , wo die Schriften &lt; unsere Aussehen und Charakter ist mit Qussam Ibn Abbas \u00e4hnlich &gt;&lt; Gott vergiss bitte Behinderte und Arme Leute nicht &gt;.<\/p>\n<h3 data-start=\"3823\" data-end=\"3848\"><strong>Observatorium von Ulugbek<\/strong><\/h3>\n<p data-start=\"3849\" data-end=\"4736\"><img loading=\"lazy\" decoding=\"async\" class=\"alignnone wp-image-2159 size-full\" src=\"https:\/\/sitex.uz\/travel\/wp-content\/uploads\/2026\/01\/5.webp\" alt=\"\" width=\"1190\" height=\"665\" srcset=\"https:\/\/sitex.uz\/travel\/wp-content\/uploads\/2026\/01\/5.webp 1190w, https:\/\/sitex.uz\/travel\/wp-content\/uploads\/2026\/01\/5-300x168.webp 300w, https:\/\/sitex.uz\/travel\/wp-content\/uploads\/2026\/01\/5-1024x572.webp 1024w\" sizes=\"auto, (max-width: 1190px) 100vw, 1190px\" \/><\/p>\n<p>Samarkand z\u00e4hlte zu einer das wichtigste Zentrum astronomische Wissenschaft. Ulugbek das Enkelkind von Temur, er war 15 Jahre alt, als er Heerscher geworden war. Hat er dieses Observatorium zu bauen. Der Bau dauerte von 1424 bis 1429 Jahre. Am Anfang war dieses Geb\u00e4ude rund und dreist\u00f6ckig. Zurzeit wir k\u00f6nnen nur Unterirdische Teile von Observatorium sehen, wo Sextant ist. Der Sextant wurde ber\u00fchmte Mathematiker seiner Zeit von Giyosiddin Djamschid gebaut. Seit Anfang des XX Jh. Observatorium war verloren, niemand wusste, wo sich befand. Nur im Jahre 1908 hat russische Arch\u00e4ologe V. Vjatkin gefunden. Konstruktion auf dem Sextant wurde von russischen Ingenieur Lebedev nach gebaut. Hauptwerke von Ulugbek &lt; Djadidi Zdji Kuragani &gt; (Stern Tafel von Kuragani) wurden auf verschiedene Sprache \u00fcbersetzt und spielte wichtige Rolle f\u00fcr die Entwicklung Astronomie in ganze Welt.<\/p>\n<h3 data-start=\"4738\" data-end=\"4763\"><strong>Xazrati Khizr Moschee<\/strong><\/h3>\n<p data-start=\"4764\" data-end=\"5143\"><img loading=\"lazy\" decoding=\"async\" class=\"alignnone wp-image-2160 size-full\" src=\"https:\/\/sitex.uz\/travel\/wp-content\/uploads\/2026\/01\/6.webp\" alt=\"\" width=\"1190\" height=\"665\" srcset=\"https:\/\/sitex.uz\/travel\/wp-content\/uploads\/2026\/01\/6.webp 1190w, https:\/\/sitex.uz\/travel\/wp-content\/uploads\/2026\/01\/6-300x168.webp 300w, https:\/\/sitex.uz\/travel\/wp-content\/uploads\/2026\/01\/6-1024x572.webp 1024w\" sizes=\"auto, (max-width: 1190px) 100vw, 1190px\" \/><\/p>\n<p>Xazrati Khizr wird als Schutzpatron f\u00fcr Reisende angesehen. Grundlage von dieser Moschee datiert aus dem XI Jh. In der Tat dieses Geb\u00e4ude wurde gerade auf diesem Fundament im XIX gebaut. Wichtige architektonische Besonderheit dieser Moschee ist der Deckel aus Holz und bunte Farben. Von der Ayvananlage dieser Moschee kann man sch\u00f6ne Blick auf alte Samarkand werfen.<\/p>\n<h3><strong>Mausoleum von Heilige Daniel<\/strong><\/h3>\n<p><img loading=\"lazy\" decoding=\"async\" class=\"alignnone wp-image-2163 size-full\" src=\"https:\/\/sitex.uz\/travel\/wp-content\/uploads\/2026\/01\/7.jpg\" alt=\"\" width=\"1190\" height=\"665\" srcset=\"https:\/\/sitex.uz\/travel\/wp-content\/uploads\/2026\/01\/7.jpg 1190w, https:\/\/sitex.uz\/travel\/wp-content\/uploads\/2026\/01\/7-300x168.jpg 300w, https:\/\/sitex.uz\/travel\/wp-content\/uploads\/2026\/01\/7-1024x572.jpg 1024w\" sizes=\"auto, (max-width: 1190px) 100vw, 1190px\" \/>Einheimische nennt ihn als Khodja Doniyor. Dieser biblische Prophet lebte in Babylon im Territorium heutige Irak. Er ist bekannt in der Geschichte die Grube mit vollem L\u00f6wen. Als Temur der Nahe Osten eroberte, befahl das Grab von Heilige Daniel Nach Samarkand zu bringen. Aber diese Geschichte ist immer noch geheimnisvoll. Das Mausoleum wurde auf dem H\u00fcgel Afrasiyab gebaut. Innerhalb des Mausoleums ist 18 meterweise Grab von heilige Daniel. Neben dem Mausoleum ist ein Pistazienbaum, der 500 Jahre alt ist.<\/p>\n<h3 style=\"text-align: left;\"><strong>Afrasiyab<\/strong><\/h3>\n<p><img loading=\"lazy\" decoding=\"async\" class=\"alignnone wp-image-2164 size-full\" src=\"https:\/\/sitex.uz\/travel\/wp-content\/uploads\/2026\/01\/8.jpg\" alt=\"\" width=\"1190\" height=\"665\" srcset=\"https:\/\/sitex.uz\/travel\/wp-content\/uploads\/2026\/01\/8.jpg 1190w, https:\/\/sitex.uz\/travel\/wp-content\/uploads\/2026\/01\/8-300x168.jpg 300w, https:\/\/sitex.uz\/travel\/wp-content\/uploads\/2026\/01\/8-1024x572.jpg 1024w\" sizes=\"auto, (max-width: 1190px) 100vw, 1190px\" \/>Afrasiyab &lt; am Ufer von Siyab&gt; ist alte Name von Samarkand. Das Territorium von dieser Stadt war 219 Hektar. Samarkand wurde in VII Jh., gegr\u00fcndet. Diese Stadt hatte mehr als 200 tausend Einwohner und war wichtigste Handelszentrum auf der Route zwischen Nord und S\u00fcd auf der Seidenstra\u00dfe. Aber wie die anderen bl\u00fchenden L\u00e4nder wurde im XIII Jh. von grausame Chingizkhan zerst\u00f6rt. W\u00e4hrend der arch\u00e4ologischen Ausgrabung wurde Wandfresken aus dem VII Jh. was Zoroastrische Religion geh\u00f6rt gefunden. Es wurde gegenw\u00e4rtig im Museum ausgestellt. Seit dem 60er Jahre, unter dem Namen Afrasiyab, ge\u00f6ffnet wurde. Auf Einmal k\u00f6nnen sie dort keramische Ossuarien (Urne) finden, wo den Feueranbetern die Knochen von gestorbenen Leuten aufbewahrt haben.<\/p>\n<\/div><\/div><\/div><\/div><\/div><div class=\"vc_col-sm-4 wpb_column vc_column_container\"><div class=\"vc_column-inner\"><div class=\"wpb_wrapper\">[vc_wp_custommenu title=&#8221;Cities&#8221; nav_menu=&#8221;581&#8243;]<\/div><\/div><\/div><\/div><\/div><\/section>\n","protected":false},"excerpt":{"rendered":"SamarkandSamarkand ist eine der sch\u00f6nsten und \u00e4ltesten Stadt der Welt, wurde im Jahre VII Jahrhundert gegr\u00fcndet. Der Name Samarkand bedeutet in sankritisch, Kreuzung f\u00fcr Handelswege. Samarkand ist goldene Wiege f\u00fcr weltliche Zivilisation, Handelsbr\u00fccke zwischen Ost und West auf der Seidenstra\u00dfe und zwar war Zentrum f\u00fcr Handelsrelationen, f\u00fcr Wissenschaft, alte Traditionen und verschiedene Kultur. Die Stadt...","protected":false},"author":1,"featured_media":1887,"parent":1363,"menu_order":40,"comment_status":"closed","ping_status":"closed","template":"","meta":{"_acf_changed":false,"footnotes":""},"class_list":["post-2162","page","type-page","status-publish","has-post-thumbnail","hentry"],"acf":[],"lang":"de","translations":{"de":2162,"en":2152,"fr":2167,"ru":2173,"es":2175,"it":2177},"pll_sync_post":[],"_links":{"self":[{"href":"https:\/\/sitex.uz\/travel\/wp-json\/wp\/v2\/pages\/2162","targetHints":{"allow":["GET"]}}],"collection":[{"href":"https:\/\/sitex.uz\/travel\/wp-json\/wp\/v2\/pages"}],"about":[{"href":"https:\/\/sitex.uz\/travel\/wp-json\/wp\/v2\/types\/page"}],"author":[{"embeddable":true,"href":"https:\/\/sitex.uz\/travel\/wp-json\/wp\/v2\/users\/1"}],"replies":[{"embeddable":true,"href":"https:\/\/sitex.uz\/travel\/wp-json\/wp\/v2\/comments?post=2162"}],"version-history":[{"count":2,"href":"https:\/\/sitex.uz\/travel\/wp-json\/wp\/v2\/pages\/2162\/revisions"}],"predecessor-version":[{"id":2381,"href":"https:\/\/sitex.uz\/travel\/wp-json\/wp\/v2\/pages\/2162\/revisions\/2381"}],"up":[{"embeddable":true,"href":"https:\/\/sitex.uz\/travel\/wp-json\/wp\/v2\/pages\/1363"}],"wp:featuredmedia":[{"embeddable":true,"href":"https:\/\/sitex.uz\/travel\/wp-json\/wp\/v2\/media\/1887"}],"wp:attachment":[{"href":"https:\/\/sitex.uz\/travel\/wp-json\/wp\/v2\/media?parent=2162"}],"curies":[{"name":"wp","href":"https:\/\/api.w.org\/{rel}","templated":true}]}}