{"id":1428,"date":"2025-09-25T01:07:46","date_gmt":"2025-09-25T01:07:46","guid":{"rendered":"http:\/\/sitex.uz\/travel\/?page_id=1428"},"modified":"2025-11-27T07:19:18","modified_gmt":"2025-11-27T07:19:18","slug":"ueber-uns","status":"publish","type":"page","link":"https:\/\/sitex.uz\/travel\/de\/ueber-uns\/","title":{"rendered":"\u00dcber uns"},"content":{"rendered":"<section class=\"l-section wpb_row us_custom_1680ab63 height_medium with_img\"><div class=\"l-section-img\" role=\"img\" aria-label=\"Image\" data-img-width=\"1536\" data-img-height=\"700\" style=\"background-image: url(https:\/\/sitex.uz\/travel\/wp-content\/uploads\/2025\/11\/about.webp);background-repeat: no-repeat;\"><\/div><div class=\"l-section-overlay\" style=\"background:rgba(0,0,0,0.34)\"><\/div><div class=\"l-section-h i-cf\"><div class=\"g-cols vc_row via_flex valign_top type_default stacking_default\"><div class=\"vc_col-sm-3 wpb_column vc_column_container\"><div class=\"vc_column-inner\"><div class=\"wpb_wrapper\"><\/div><\/div><\/div><div class=\"vc_col-sm-6 wpb_column vc_column_container\"><div class=\"vc_column-inner\"><div class=\"wpb_wrapper\"><h2 class=\"w-post-elm post_title us_custom_5975b730 has_text_color entry-title color_link_inherit\">\u00dcber uns<\/h2><\/div><\/div><\/div><div class=\"vc_col-sm-3 wpb_column vc_column_container\"><div class=\"vc_column-inner\"><div class=\"wpb_wrapper\"><\/div><\/div><\/div><\/div><\/div><\/section><section class=\"l-section wpb_row height_medium\"><div class=\"l-section-h i-cf\"><div class=\"g-cols vc_row via_flex valign_middle type_default stacking_default\"><div class=\"vc_col-sm-6 wpb_column vc_column_container\"><div class=\"vc_column-inner\"><div class=\"wpb_wrapper\"><div class=\"wpb_text_column us_custom_3e57c194\"><div class=\"wpb_wrapper\"><p><span>Entdecke Usbekistan mit uns \u2013 wo jede Reise zur Geschichte wird<\/span><\/p>\n<\/div><\/div><div class=\"w-separator size_custom\" style=\"height:15px\"><\/div><div class=\"wpb_text_column us_custom_0e5de4ba\"><div class=\"wpb_wrapper\"><p data-start=\"3001\" data-end=\"3323\">Wir sind ein leidenschaftliches Team von Reiseexperten, das dir die verborgenen Sch\u00e4tze und die zeitlose Sch\u00f6nheit Usbekistans zeigen m\u00f6chte. Von den alten Gassen Samarkands und Bucharas bis zu den lebendigen Basaren von Taschkent gestalten wir Reisen, die Kultur, Geschichte und Gastfreundschaft lebendig werden lassen.<\/p>\n<p data-start=\"3325\" data-end=\"3625\">Unsere Mission ist einfach: Deine Reise soll reibungslos, authentisch und unvergesslich sein. Ob du mit deiner Familie, als Abenteurer oder als Kulturreisende*r unterwegs bist \u2013 wir k\u00fcmmern uns um jedes Detail, damit du dich ganz auf deine Erinnerungen im Herzen Zentralasiens konzentrieren kannst.<\/p>\n<p>Mit jahrelanger Erfahrung und vertrauensw\u00fcrdigen lokalen Partnern bieten wir mehr als nur Touren \u2013 wir schaffen echte Verbindungen. Von fachkundigen Guides und komfortablen Transfers bis hin zu sorgsam ausgew\u00e4hlten Hotels wird jeder Teil deiner Reise mit Sorgfalt und Professionalit\u00e4t geplant. Reise mit uns und erlebe Usbekistan nicht nur als Besuchende*r, sondern als willkommener Gast.<\/p>\n<\/div><\/div><\/div><\/div><\/div><div class=\"vc_col-sm-6 wpb_column vc_column_container\"><div class=\"vc_column-inner\"><div class=\"wpb_wrapper\"><div class=\"w-image us_custom_04570ec2 style_shadow-1 has_ratio align_none\"><div class=\"w-image-h\"><div style=\"padding-bottom:100%\"><\/div><img decoding=\"async\" width=\"1024\" height=\"768\" src=\"https:\/\/sitex.uz\/travel\/wp-content\/uploads\/2025\/10\/edgar-cavazos-BGoVPT39UB0-unsplash.jpg\" class=\"attachment-large size-large\" alt=\"\" loading=\"lazy\" \/><\/div><\/div><\/div><\/div><\/div><\/div><\/div><\/section><section class=\"l-section wpb_row us_custom_b456aa4d height_small\"><div class=\"l-section-h i-cf\"><div class=\"g-cols vc_row via_flex valign_top type_default reversed stacking_default\"><div class=\"vc_col-sm-12 wpb_column vc_column_container\"><div class=\"vc_column-inner\"><div class=\"wpb_wrapper\"><div class=\"w-hwrapper valign_middle stack_on_mobiles align_none\" style=\"--hwrapper-gap:1rem\"><div class=\"w-iconbox us_custom_c2579cd8 about-feature iconpos_top style_default color_primary align_left\"><div class=\"w-iconbox-icon\" style=\"font-size:2rem;\"><i class=\"fas fa-star\"><\/i><\/div><div class=\"w-iconbox-meta\"><h4 class=\"w-iconbox-title\">1.2K+<\/h4><div class=\"w-iconbox-text\"><p><span>betreute Reisende<\/span><\/p>\n<\/div><\/div><\/div><div class=\"w-iconbox us_custom_c2579cd8 about-feature iconpos_top style_default color_primary align_left\"><div class=\"w-iconbox-icon\" style=\"font-size:2rem;\"><i class=\"fas fa-star\"><\/i><\/div><div class=\"w-iconbox-meta\"><h4 class=\"w-iconbox-title\">200+<\/h4><div class=\"w-iconbox-text\"><p><span>abgedeckte Reiseziele<\/span><\/p>\n<\/div><\/div><\/div><div class=\"w-iconbox us_custom_c2579cd8 about-feature iconpos_top style_default color_primary align_left\"><div class=\"w-iconbox-icon\" style=\"font-size:2rem;\"><i class=\"fas fa-star\"><\/i><\/div><div class=\"w-iconbox-meta\"><h4 class=\"w-iconbox-title\">10+<\/h4><div class=\"w-iconbox-text\"><p><span>Jahre Erfahrung<\/span><\/p>\n<\/div><\/div><\/div><div class=\"w-iconbox us_custom_c2579cd8 about-feature iconpos_top style_default color_primary align_left\"><div class=\"w-iconbox-icon\" style=\"font-size:2rem;\"><i class=\"fas fa-star\"><\/i><\/div><div class=\"w-iconbox-meta\"><h4 class=\"w-iconbox-title\">98%<\/h4><div class=\"w-iconbox-text\"><p><span>Kundenzufriedenheit<\/span><\/p>\n<\/div><\/div><\/div><\/div><\/div><\/div><\/div><\/div><\/div><\/section><section class=\"l-section wpb_row us_custom_d95496cc features height_large\"><div class=\"l-section-h i-cf\"><div class=\"g-cols vc_row via_flex valign_top type_default stacking_default\"><div class=\"vc_col-sm-12 wpb_column vc_column_container\"><div class=\"vc_column-inner\"><div class=\"wpb_wrapper\"><div class=\"wpb_text_column us_custom_0a27b5af has_text_color\"><div class=\"wpb_wrapper\"><p><span>Unsere Services<\/span><\/p>\n<\/div><\/div><div class=\"w-separator size_custom\" style=\"height:10px\"><\/div><div class=\"wpb_text_column us_custom_fdf1ff10 tagline-desc has_text_color\"><div class=\"wpb_wrapper\"><div class=\"wpb_text_column us_custom_0751e372 tagline-desc has_text_color\">\n<div class=\"wpb_wrapper\">\n<p><span>Usbekistan-Experten mit echter Vor-Ort-Erfahrung \u2013 kl\u00fcgere Routen, verl\u00e4ssliche Partner und kein R\u00e4tselraten.<\/span><\/p>\n<\/div>\n<\/div>\n<\/div><\/div><div class=\"w-separator size_medium\"><\/div><div class=\"g-cols wpb_row via_flex valign_top type_default stacking_default\"><div class=\"vc_col-sm-3 wpb_column vc_column_container\"><div class=\"vc_column-inner\"><div class=\"wpb_wrapper\"><div class=\"w-iconbox us_custom_c8d7e36b has_text_color iconpos_top style_default color_primary align_center icontype_img\"><div class=\"w-iconbox-icon\" style=\"font-size:4rem;\"><img loading=\"lazy\" decoding=\"async\" width=\"64\" height=\"64\" src=\"https:\/\/sitex.uz\/travel\/wp-content\/uploads\/2025\/11\/destination-1.png\" class=\"attachment-full size-full\" alt=\"\" \/><\/div><div class=\"w-iconbox-meta\"><h4 class=\"w-iconbox-title\">Individuelle Tourplanung<\/h4><div class=\"w-iconbox-text\"><p><span>Handgefertigte Routen, abgestimmt auf dein Tempo, deine Interessen und dein Budget.<\/span><\/p>\n<\/div><\/div><\/div><\/div><\/div><\/div><div class=\"vc_col-sm-3 wpb_column vc_column_container\"><div class=\"vc_column-inner\"><div class=\"wpb_wrapper\"><div class=\"w-iconbox us_custom_c8d7e36b has_text_color iconpos_top style_default color_primary align_center icontype_img\"><div class=\"w-iconbox-icon\" style=\"font-size:4rem;\"><img loading=\"lazy\" decoding=\"async\" width=\"64\" height=\"64\" src=\"https:\/\/sitex.uz\/travel\/wp-content\/uploads\/2025\/11\/suitcase.png\" class=\"attachment-full size-full\" alt=\"\" \/><\/div><div class=\"w-iconbox-meta\"><h4 class=\"w-iconbox-title\">Stadt- &amp; Tagestouren<\/h4><div class=\"w-iconbox-text\"><p><span>Gef\u00fchrte Spazierg\u00e4nge und Ausfl\u00fcge in Samarkand, Buchara, Chiwa, Taschkent und dar\u00fcber hinaus.<\/span><\/p>\n<\/div><\/div><\/div><\/div><\/div><\/div><div class=\"vc_col-sm-3 wpb_column vc_column_container\"><div class=\"vc_column-inner\"><div class=\"wpb_wrapper\"><div class=\"w-iconbox us_custom_c8d7e36b has_text_color iconpos_top style_default color_primary align_center icontype_img\"><div class=\"w-iconbox-icon\" style=\"font-size:4rem;\"><img loading=\"lazy\" decoding=\"async\" width=\"64\" height=\"64\" src=\"https:\/\/sitex.uz\/travel\/wp-content\/uploads\/2025\/11\/airplane-ticket.png\" class=\"attachment-full size-full\" alt=\"\" \/><\/div><div class=\"w-iconbox-meta\"><h4 class=\"w-iconbox-title\">Bahn- &amp; Flugticketservice<\/h4><div class=\"w-iconbox-text\"><p><span>Afrosiyob-Z\u00fcge und Inlandsfl\u00fcge, passend zu deinem Reiseverlauf gebucht und koordiniert.<\/span><\/p>\n<\/div><\/div><\/div><\/div><\/div><\/div><div class=\"vc_col-sm-3 wpb_column vc_column_container\"><div class=\"vc_column-inner\"><div class=\"wpb_wrapper\"><div class=\"w-iconbox us_custom_c8d7e36b has_text_color iconpos_top style_default color_primary align_center icontype_img\"><div class=\"w-iconbox-icon\" style=\"font-size:4rem;\"><img loading=\"lazy\" decoding=\"async\" width=\"64\" height=\"64\" src=\"https:\/\/sitex.uz\/travel\/wp-content\/uploads\/2025\/11\/yurt-1.png\" class=\"attachment-full size-full\" alt=\"\" \/><\/div><div class=\"w-iconbox-meta\"><h4 class=\"w-iconbox-title\">Hotels &amp; Jurtencamps<\/h4><div class=\"w-iconbox-text\"><p><span>Zentral gelegene 3\u20135\u2605 Hotels, charmante Boutique-Unterk\u00fcnfte und Jurtencamps am Aydarkul.<\/span><\/p>\n<\/div><\/div><\/div><\/div><\/div><\/div><\/div><div class=\"w-separator size_medium\"><\/div><div class=\"g-cols wpb_row via_flex valign_top type_default stacking_default\"><div class=\"vc_col-sm-3 wpb_column vc_column_container\"><div class=\"vc_column-inner\"><div class=\"wpb_wrapper\"><div class=\"w-iconbox us_custom_c8d7e36b has_text_color iconpos_top style_default color_primary align_center icontype_img\"><div class=\"w-iconbox-icon\" style=\"font-size:4rem;\"><img loading=\"lazy\" decoding=\"async\" width=\"64\" height=\"64\" src=\"https:\/\/sitex.uz\/travel\/wp-content\/uploads\/2025\/11\/airport.png\" class=\"attachment-full size-full\" alt=\"\" \/><\/div><div class=\"w-iconbox-meta\"><h4 class=\"w-iconbox-title\">Private Transfers<\/h4><div class=\"w-iconbox-text\"><p><span>Zuverl\u00e4ssige Fahrer und moderne Fahrzeuge f\u00fcr Flughafentransfers und Fahrten zwischen den St\u00e4dten.<\/span><\/p>\n<\/div><\/div><\/div><\/div><\/div><\/div><div class=\"vc_col-sm-3 wpb_column vc_column_container\"><div class=\"vc_column-inner\"><div class=\"wpb_wrapper\"><div class=\"w-iconbox us_custom_c8d7e36b has_text_color iconpos_top style_default color_primary align_center icontype_img\"><div class=\"w-iconbox-icon\" style=\"font-size:4rem;\"><img loading=\"lazy\" decoding=\"async\" width=\"64\" height=\"64\" src=\"https:\/\/sitex.uz\/travel\/wp-content\/uploads\/2025\/11\/passport-1.png\" class=\"attachment-full size-full\" alt=\"\" \/><\/div><div class=\"w-iconbox-meta\"><h4 class=\"w-iconbox-title\">Visum-Support<\/h4><div class=\"w-iconbox-text\"><p><span>Beratung zu E-Visum\/LOI-Anforderungen und korrekt abgewickelten Unterlagen.<\/span><\/p>\n<\/div><\/div><\/div><\/div><\/div><\/div><div class=\"vc_col-sm-3 wpb_column vc_column_container\"><div class=\"vc_column-inner\"><div class=\"wpb_wrapper\"><div class=\"w-iconbox us_custom_c8d7e36b has_text_color iconpos_top style_default color_primary align_center icontype_img\"><div class=\"w-iconbox-icon\" style=\"font-size:4rem;\"><img loading=\"lazy\" decoding=\"async\" width=\"64\" height=\"64\" src=\"https:\/\/sitex.uz\/travel\/wp-content\/uploads\/2025\/11\/tour-guide.png\" class=\"attachment-full size-full\" alt=\"\" \/><\/div><div class=\"w-iconbox-meta\"><h4 class=\"w-iconbox-title\">Lizenzierte lokale Guides<\/h4><div class=\"w-iconbox-text\"><p><span>Geschichtenreiche Spezialisten in jeder Stadt \u2013 Geschichte, Kultur und versteckte Ecken verst\u00e4ndlich erkl\u00e4rt.<\/span><\/p>\n<\/div><\/div><\/div><\/div><\/div><\/div><div class=\"vc_col-sm-3 wpb_column vc_column_container\"><div class=\"vc_column-inner\"><div class=\"wpb_wrapper\"><div class=\"w-iconbox us_custom_c8d7e36b has_text_color iconpos_top style_default color_primary align_center icontype_img\"><div class=\"w-iconbox-icon\" style=\"font-size:4rem;\"><img loading=\"lazy\" decoding=\"async\" width=\"64\" height=\"64\" src=\"https:\/\/sitex.uz\/travel\/wp-content\/uploads\/2025\/11\/customer-service.png\" class=\"attachment-full size-full\" alt=\"\" \/><\/div><div class=\"w-iconbox-meta\"><h4 class=\"w-iconbox-title\">Asistencia 24\/7 durante el viaje<\/h4><div class=\"w-iconbox-text\"><p><span>Ayuda en tiempo real para cambios, extras y emergencias v\u00eda WhatsApp\/Telegram.<\/span><\/p>\n<\/div><\/div><\/div><\/div><\/div><\/div><\/div><\/div><\/div><\/div><\/div><\/div><\/section><section class=\"l-section wpb_row height_medium\"><div class=\"l-section-h i-cf\"><div class=\"g-cols vc_row via_flex valign_top type_default stacking_default\"><div class=\"vc_col-sm-12 wpb_column vc_column_container\"><div class=\"vc_column-inner\"><div class=\"wpb_wrapper\"><div class=\"wpb_text_column us_custom_c5d4493d has_text_color\"><div class=\"wpb_wrapper\"><p><span>Von unseren G\u00e4sten geliebt<\/span><\/p>\n<\/div><\/div><div class=\"w-separator size_custom\" style=\"height:20px\"><\/div><div class=\"wpb_text_column us_custom_1f141a1d tagline-desc has_text_color\"><div class=\"wpb_wrapper\"><p><span>Lies, was unsere Community \u00fcber ihre Reisen mit uns sagt. Vom ersten Kontakt bis zum Abschied sch\u00e4tzen Reisende unsere reibungslose Organisation, freundlichen Guides und transparente Preise.<\/span><\/p>\n<\/div><\/div><div class=\"w-separator size_small\"><\/div><div class=\"g-cols wpb_row testimonials via_flex valign_top type_default stacking_default\"><div class=\"vc_col-sm-2 wpb_column vc_column_container\"><div class=\"vc_column-inner\"><div class=\"wpb_wrapper\"><\/div><\/div><\/div><div class=\"vc_col-sm-8 wpb_column vc_column_container\"><div class=\"vc_column-inner\"><div class=\"wpb_wrapper\"><div class=\"w-grid us_custom_f18fa70d has_text_color type_carousel layout_testimonial_2\" id=\"us_grid_1\"><style>.layout_testimonial_2 .w-grid-item-h{}.layout_testimonial_2 .usg_hwrapper_1{margin-top:0.5rem!important}.layout_testimonial_2 .usg_post_image_1{width:4rem!important;margin-right:1rem!important}.layout_testimonial_2 .usg_post_custom_field_1{font-weight:700!important;line-height:1.5!important;margin-bottom:0!important}.layout_testimonial_2 .usg_post_custom_field_2{color:var(--color-content-faded)!important;font-size:0.9rem!important;line-height:1.5!important;margin-bottom:0!important}.layout_testimonial_2 .usg_vwrapper_2{padding-top:3.5rem!important;padding-left:2rem!important}.layout_testimonial_2 .usg_post_custom_field_3{color:var(--color-content-primary)!important;font-size:3rem!important;line-height:1!important;position:absolute!important;top:0!important;left:0!important}<\/style><div class=\"w-grid-list owl-carousel valign_stretch dotstyle_dash navstyle_circle navpos_outside owl-responsive-2000 with_dots\" style=\"--transition-duration:350ms;\">\t<article class=\"w-grid-item post-382 us_testimonial type-us_testimonial status-publish has-post-thumbnail hentry\" data-id=\"382\">\r\n\t\t<div class=\"w-grid-item-h\">\r\n\t\t\t\t\t\t<div class=\"w-vwrapper usg_vwrapper_2 align_none valign_top\"><div class=\"w-post-elm post_custom_field usg_post_custom_field_3 has_text_color type_text  color_link_inherit\"><i class=\"far fa-quote-left\"><\/i><span class=\"w-post-elm-value\"><\/span><\/div><div class=\"w-post-elm post_content usg_post_content_1\"><p>Flawless logistics\u2014trains, drivers, and hotel check-ins all seamless. Our guide in Samarkand brought the history to life, and Khiva at sunset was unforgettable.<\/p>\n<\/div><div class=\"w-hwrapper usg_hwrapper_1 align_none valign_middle\"><div class=\"w-post-elm post_image usg_post_image_1 as_circle has_width stretched\"><img loading=\"lazy\" decoding=\"async\" width=\"150\" height=\"150\" src=\"https:\/\/sitex.uz\/travel\/wp-content\/uploads\/2025\/09\/333-150x150.jpg\" class=\"attachment-thumbnail size-thumbnail wp-post-image\" alt=\"\" \/><\/div><div class=\"w-vwrapper usg_vwrapper_1 align_none valign_top\"><div class=\"w-post-elm post_custom_field usg_post_custom_field_1 type_text us_testimonial_author\"><span class=\"w-post-elm-value\">Emily Carter<\/span><\/div><div class=\"w-post-elm post_custom_field usg_post_custom_field_2 has_text_color type_text us_testimonial_role color_link_inherit\"><span class=\"w-post-elm-value\">Italy<\/span><\/div><\/div><\/div><\/div>\t\t<\/div>\r\n\t\t\t<\/article>\r\n\t<article class=\"w-grid-item post-1201 us_testimonial type-us_testimonial status-publish has-post-thumbnail hentry\" data-id=\"1201\">\r\n\t\t<div class=\"w-grid-item-h\">\r\n\t\t\t\t\t\t<div class=\"w-vwrapper usg_vwrapper_2 align_none valign_top\"><div class=\"w-post-elm post_custom_field usg_post_custom_field_3 has_text_color type_text  color_link_inherit\"><i class=\"far fa-quote-left\"><\/i><span class=\"w-post-elm-value\"><\/span><\/div><div class=\"w-post-elm post_content usg_post_content_1\"><p>La log\u00edstica fue impecable: trenes, choferes y check-in en los hoteles, todo sin fallos. Nuestro gu\u00eda en Samarcanda hizo que la historia cobrara vida, y Khiva al atardecer fue simplemente inolvidable.<\/p>\n<\/div><div class=\"w-hwrapper usg_hwrapper_1 align_none valign_middle\"><div class=\"w-post-elm post_image usg_post_image_1 as_circle has_width stretched\"><img loading=\"lazy\" decoding=\"async\" width=\"150\" height=\"150\" src=\"https:\/\/sitex.uz\/travel\/wp-content\/uploads\/2025\/09\/333-150x150.jpg\" class=\"attachment-thumbnail size-thumbnail wp-post-image\" alt=\"\" \/><\/div><div class=\"w-vwrapper usg_vwrapper_1 align_none valign_top\"><div class=\"w-post-elm post_custom_field usg_post_custom_field_1 type_text us_testimonial_author\"><span class=\"w-post-elm-value\">Emily Carter<\/span><\/div><div class=\"w-post-elm post_custom_field usg_post_custom_field_2 has_text_color type_text us_testimonial_role color_link_inherit\"><span class=\"w-post-elm-value\">Italia<\/span><\/div><\/div><\/div><\/div>\t\t<\/div>\r\n\t\t\t<\/article>\r\n\t<article class=\"w-grid-item post-1205 us_testimonial type-us_testimonial status-publish has-post-thumbnail hentry\" data-id=\"1205\">\r\n\t\t<div class=\"w-grid-item-h\">\r\n\t\t\t\t\t\t<div class=\"w-vwrapper usg_vwrapper_2 align_none valign_top\"><div class=\"w-post-elm post_custom_field usg_post_custom_field_3 has_text_color type_text  color_link_inherit\"><i class=\"far fa-quote-left\"><\/i><span class=\"w-post-elm-value\"><\/span><\/div><div class=\"w-post-elm post_content usg_post_content_1\"><p>\u0418\u0434\u0435\u0430\u043b\u044c\u043d\u0430\u044f \u043e\u0440\u0433\u0430\u043d\u0438\u0437\u0430\u0446\u0438\u044f \u043f\u043e\u0435\u0437\u0434\u043a\u0438: \u043f\u043e\u0435\u0437\u0434\u0430, \u0432\u043e\u0434\u0438\u0442\u0435\u043b\u0438, \u0437\u0430\u0441\u0435\u043b\u0435\u043d\u0438\u0435 \u0432 \u043e\u0442\u0435\u043b\u0438 \u2014 \u0432\u0441\u0451 \u043f\u0440\u043e\u0448\u043b\u043e \u0431\u0435\u0437 \u0435\u0434\u0438\u043d\u043e\u0439 \u0437\u0430\u043c\u0438\u043d\u043a\u0438. \u041d\u0430\u0448 \u0433\u0438\u0434 \u0432 \u0421\u0430\u043c\u0430\u0440\u043a\u0430\u043d\u0434\u0435 \u043e\u0436\u0438\u0432\u0438\u043b \u0438\u0441\u0442\u043e\u0440\u0438\u044e, \u0430 \u0425\u0438\u0432\u0430 \u043d\u0430 \u0437\u0430\u043a\u0430\u0442\u0435 \u0441\u0442\u0430\u043b\u0430 \u043d\u0435\u0437\u0430\u0431\u044b\u0432\u0430\u0435\u043c\u044b\u043c \u0432\u043f\u0435\u0447\u0430\u0442\u043b\u0435\u043d\u0438\u0435\u043c.<\/p>\n<\/div><div class=\"w-hwrapper usg_hwrapper_1 align_none valign_middle\"><div class=\"w-post-elm post_image usg_post_image_1 as_circle has_width stretched\"><img loading=\"lazy\" decoding=\"async\" width=\"150\" height=\"150\" src=\"https:\/\/sitex.uz\/travel\/wp-content\/uploads\/2025\/09\/333-150x150.jpg\" class=\"attachment-thumbnail size-thumbnail wp-post-image\" alt=\"\" \/><\/div><div class=\"w-vwrapper usg_vwrapper_1 align_none valign_top\"><div class=\"w-post-elm post_custom_field usg_post_custom_field_1 type_text us_testimonial_author\"><span class=\"w-post-elm-value\">\u042d\u043c\u0438\u043b\u0438 \u041a\u0430\u0440\u0442\u0435\u0440<\/span><\/div><div class=\"w-post-elm post_custom_field usg_post_custom_field_2 has_text_color type_text us_testimonial_role color_link_inherit\"><span class=\"w-post-elm-value\">\u0418\u0442\u0430\u043b\u0438\u044f<\/span><\/div><\/div><\/div><\/div>\t\t<\/div>\r\n\t\t\t<\/article>\r\n\t<article class=\"w-grid-item post-1202 us_testimonial type-us_testimonial status-publish has-post-thumbnail hentry\" data-id=\"1202\">\r\n\t\t<div class=\"w-grid-item-h\">\r\n\t\t\t\t\t\t<div class=\"w-vwrapper usg_vwrapper_2 align_none valign_top\"><div class=\"w-post-elm post_custom_field usg_post_custom_field_3 has_text_color type_text  color_link_inherit\"><i class=\"far fa-quote-left\"><\/i><span class=\"w-post-elm-value\"><\/span><\/div><div class=\"w-post-elm post_content usg_post_content_1\"><p><br data-start=\"554\" data-end=\"557\" \/>Die Organisation war absolut reibungslos \u2013 Z\u00fcge, Fahrer und Hotel-Check-ins haben perfekt geklappt. Unser Guide in Samarkand lie\u00df die Geschichte lebendig werden, und Chiwa bei Sonnenuntergang war unvergesslich.<\/p>\n<\/div><div class=\"w-hwrapper usg_hwrapper_1 align_none valign_middle\"><div class=\"w-post-elm post_image usg_post_image_1 as_circle has_width stretched\"><img loading=\"lazy\" decoding=\"async\" width=\"150\" height=\"150\" src=\"https:\/\/sitex.uz\/travel\/wp-content\/uploads\/2025\/09\/333-150x150.jpg\" class=\"attachment-thumbnail size-thumbnail wp-post-image\" alt=\"\" \/><\/div><div class=\"w-vwrapper usg_vwrapper_1 align_none valign_top\"><div class=\"w-post-elm post_custom_field usg_post_custom_field_1 type_text us_testimonial_author\"><span class=\"w-post-elm-value\">Emily Carter<\/span><\/div><div class=\"w-post-elm post_custom_field usg_post_custom_field_2 has_text_color type_text us_testimonial_role color_link_inherit\"><span class=\"w-post-elm-value\">Italien<\/span><\/div><\/div><\/div><\/div>\t\t<\/div>\r\n\t\t\t<\/article>\r\n<\/div>\t<div class=\"g-preloader type_1\">\r\n\t\t<div><\/div>\r\n\t<\/div>\r\n\t\t<div class=\"w-grid-json hidden\" onclick='return {&quot;action&quot;:&quot;us_ajax_grid&quot;,&quot;infinite_scroll&quot;:0,&quot;max_num_pages&quot;:4,&quot;pagination&quot;:&quot;none&quot;,&quot;template_vars&quot;:{&quot;columns&quot;:&quot;&quot;,&quot;exclude_items&quot;:&quot;none&quot;,&quot;img_size&quot;:&quot;default&quot;,&quot;ignore_items_size&quot;:0,&quot;items_layout&quot;:&quot;testimonial_2&quot;,&quot;items_offset&quot;:&quot;0px&quot;,&quot;load_animation&quot;:&quot;none&quot;,&quot;overriding_link&quot;:&quot;%7B%22url%22%3A%22%22%7D&quot;,&quot;post_id&quot;:0,&quot;query_args&quot;:{&quot;post_type&quot;:[&quot;us_testimonial&quot;],&quot;post_status&quot;:[&quot;publish&quot;,&quot;acf-disabled&quot;],&quot;posts_per_page&quot;:&quot;4&quot;},&quot;orderby_query_args&quot;:{&quot;orderby&quot;:{&quot;date&quot;:&quot;DESC&quot;}},&quot;type&quot;:&quot;carousel&quot;,&quot;us_grid_post_type&quot;:&quot;us_testimonial&quot;,&quot;us_grid_ajax_index&quot;:1,&quot;us_grid_filter_query_string&quot;:null,&quot;us_grid_index&quot;:1,&quot;page_args&quot;:[]},&quot;carousel_settings&quot;:{&quot;aria_labels&quot;:{&quot;prev&quot;:&quot;Previous&quot;,&quot;next&quot;:&quot;Next&quot;},&quot;autoplayContinual&quot;:false,&quot;autoplayHoverPause&quot;:false,&quot;autoplayTimeout&quot;:3000,&quot;autoWidth&quot;:false,&quot;smartSpeed&quot;:350,&quot;margin&quot;:0,&quot;mouseDrag&quot;:true,&quot;rtl&quot;:false,&quot;slideBy&quot;:&quot;1&quot;,&quot;touchDrag&quot;:true,&quot;slideTransition&quot;:&quot;&quot;,&quot;responsive&quot;:{&quot;0&quot;:{&quot;autoHeight&quot;:false,&quot;autoplay&quot;:false,&quot;autoWidth&quot;:false,&quot;center&quot;:false,&quot;dots&quot;:true,&quot;items&quot;:1,&quot;loop&quot;:false,&quot;nav&quot;:false,&quot;stagePadding&quot;:0,&quot;slideBy&quot;:&quot;1&quot;},&quot;601&quot;:{&quot;items&quot;:1,&quot;autoplay&quot;:false,&quot;center&quot;:false,&quot;dots&quot;:true,&quot;nav&quot;:false,&quot;autoHeight&quot;:false,&quot;autoWidth&quot;:false,&quot;loop&quot;:true,&quot;stagePadding&quot;:0}}}}'><\/div>\r\n\t<\/div><\/div><\/div><\/div><div class=\"vc_col-sm-2 wpb_column vc_column_container\"><div class=\"vc_column-inner\"><div class=\"wpb_wrapper\"><\/div><\/div><\/div><\/div><\/div><\/div><\/div><\/div><\/div><\/section>\n","protected":false},"excerpt":{"rendered":"Die Organisation war absolut reibungslos \u2013 Z\u00fcge, Fahrer und Hotel-Check-ins haben perfekt geklappt. Unser Guide in Samarkand lie\u00df die Geschichte lebendig werden, und Chiwa bei Sonnenuntergang war unvergesslich.","protected":false},"author":1,"featured_media":0,"parent":0,"menu_order":54,"comment_status":"closed","ping_status":"closed","template":"","meta":{"_acf_changed":false,"footnotes":""},"class_list":["post-1428","page","type-page","status-publish","hentry"],"acf":[],"lang":"de","translations":{"de":1428,"es":1426,"en":348,"fr":1430,"it":1432,"ru":1434},"pll_sync_post":[],"_links":{"self":[{"href":"https:\/\/sitex.uz\/travel\/wp-json\/wp\/v2\/pages\/1428","targetHints":{"allow":["GET"]}}],"collection":[{"href":"https:\/\/sitex.uz\/travel\/wp-json\/wp\/v2\/pages"}],"about":[{"href":"https:\/\/sitex.uz\/travel\/wp-json\/wp\/v2\/types\/page"}],"author":[{"embeddable":true,"href":"https:\/\/sitex.uz\/travel\/wp-json\/wp\/v2\/users\/1"}],"replies":[{"embeddable":true,"href":"https:\/\/sitex.uz\/travel\/wp-json\/wp\/v2\/comments?post=1428"}],"version-history":[{"count":4,"href":"https:\/\/sitex.uz\/travel\/wp-json\/wp\/v2\/pages\/1428\/revisions"}],"predecessor-version":[{"id":1927,"href":"https:\/\/sitex.uz\/travel\/wp-json\/wp\/v2\/pages\/1428\/revisions\/1927"}],"wp:attachment":[{"href":"https:\/\/sitex.uz\/travel\/wp-json\/wp\/v2\/media?parent=1428"}],"curies":[{"name":"wp","href":"https:\/\/api.w.org\/{rel}","templated":true}]}}